{"id":2208,"date":"2018-01-26T05:55:32","date_gmt":"2018-01-26T05:55:32","guid":{"rendered":"http:\/\/nordwind.info\/?page_id=2208"},"modified":"2025-02-14T04:51:09","modified_gmt":"2025-02-14T04:51:09","slug":"mori-nago-strasse-ss-240","status":"publish","type":"page","link":"http:\/\/nordwind.info\/?page_id=2208","title":{"rendered":"Nago, Stra\u00dfe SS 240"},"content":{"rendered":"<p style=\"text-align: justify;\"><a href=\"http:\/\/nordwind.info\/wp-content\/uploads\/2018\/01\/Torbole-Nago-SS240.jpg\"><img loading=\"lazy\" decoding=\"async\" class=\"alignright size-medium wp-image-2218\" src=\"http:\/\/nordwind.info\/wp-content\/uploads\/2018\/01\/Torbole-Nago-SS240-300x169.jpg\" alt=\"\" width=\"300\" height=\"169\" srcset=\"http:\/\/nordwind.info\/wp-content\/uploads\/2018\/01\/Torbole-Nago-SS240-300x169.jpg 300w, http:\/\/nordwind.info\/wp-content\/uploads\/2018\/01\/Torbole-Nago-SS240-768x432.jpg 768w, http:\/\/nordwind.info\/wp-content\/uploads\/2018\/01\/Torbole-Nago-SS240-1024x576.jpg 1024w, http:\/\/nordwind.info\/wp-content\/uploads\/2018\/01\/Torbole-Nago-SS240.jpg 1920w\" sizes=\"auto, (max-width: 300px) 100vw, 300px\" \/><\/a>Die Stra\u00dfenverbindung SS 240 von Torbole \u00fcber Nago nach Mori hat \u00a0einen historischen Hintergrund. Im 15. Jahrhundert herrschte Krieg zwischen den Mail\u00e4ndern und den Venizianern. Die Mail\u00e4nder beherrschten den s\u00fcdlichen, die Venizianer den n\u00f6rd-lichen Teil des Sees.<\/p>\n<p style=\"text-align: justify;\"><a href=\"http:\/\/nordwind.info\/wp-content\/uploads\/2025\/02\/417419536_7173623182718873_6140531698735219353_n.jpg\"><img loading=\"lazy\" decoding=\"async\" class=\"alignleft size-medium wp-image-13122\" src=\"http:\/\/nordwind.info\/wp-content\/uploads\/2025\/02\/417419536_7173623182718873_6140531698735219353_n-300x169.jpg\" alt=\"\" width=\"300\" height=\"169\" srcset=\"http:\/\/nordwind.info\/wp-content\/uploads\/2025\/02\/417419536_7173623182718873_6140531698735219353_n-300x169.jpg 300w, http:\/\/nordwind.info\/wp-content\/uploads\/2025\/02\/417419536_7173623182718873_6140531698735219353_n-1024x576.jpg 1024w, http:\/\/nordwind.info\/wp-content\/uploads\/2025\/02\/417419536_7173623182718873_6140531698735219353_n-768x432.jpg 768w, http:\/\/nordwind.info\/wp-content\/uploads\/2025\/02\/417419536_7173623182718873_6140531698735219353_n.jpg 1280w\" sizes=\"auto, (max-width: 300px) 100vw, 300px\" \/><\/a>Da die Venezianer keine Flotte auf den See hatten, wagten sie ein spektakul\u00e4res Unter-nehmen, das unter dem Namen <a href=\"https:\/\/de.wikipedia.org\/wiki\/Galeas_per_montes\" target=\"_blank\" rel=\"noopener\">Galeas per montes<\/a> bekannt ist. \u00a0Sie bewegten ihre Kriegsschiffe die Etsch hinauf bis Mori. Von Mori wurde der Verband, bestehend aus 6 Galeeren, 2 Fregatten und 25 Kriegsbarken \u00fcber den Landweg transportiert.<\/p>\n<p style=\"text-align: justify;\"><a href=\"http:\/\/nordwind.info\/wp-content\/uploads\/2025\/02\/417513473_7173623472718844_2640510247158872918_n.jpg\"><img loading=\"lazy\" decoding=\"async\" class=\"size-medium wp-image-13123 alignright\" src=\"http:\/\/nordwind.info\/wp-content\/uploads\/2025\/02\/417513473_7173623472718844_2640510247158872918_n-300x169.jpg\" alt=\"\" width=\"300\" height=\"169\" srcset=\"http:\/\/nordwind.info\/wp-content\/uploads\/2025\/02\/417513473_7173623472718844_2640510247158872918_n-300x169.jpg 300w, http:\/\/nordwind.info\/wp-content\/uploads\/2025\/02\/417513473_7173623472718844_2640510247158872918_n-1024x576.jpg 1024w, http:\/\/nordwind.info\/wp-content\/uploads\/2025\/02\/417513473_7173623472718844_2640510247158872918_n-768x432.jpg 768w, http:\/\/nordwind.info\/wp-content\/uploads\/2025\/02\/417513473_7173623472718844_2640510247158872918_n.jpg 1280w\" sizes=\"auto, (max-width: 300px) 100vw, 300px\" \/><\/a>Die so m\u00fchsam \u00fcber die Berge gezogene Flotte wurde unmittelbar nachdem sie den See erreicht hatte in ein erstes Gefecht vor Riva del Garda verwickelt, ohne dass es zu einer Entscheidung kam. \u00a0Bei der Schlacht am 26. September 1439 ging der Gro\u00dfteil der venezianischen Schiffe verloren.<\/p>\n<p style=\"text-align: justify;\"><a href=\"http:\/\/nordwind.info\/wp-content\/uploads\/2025\/02\/417453409_7173622729385585_8082248519112885195_n.jpg\"><img loading=\"lazy\" decoding=\"async\" class=\"alignleft size-medium wp-image-13124\" src=\"http:\/\/nordwind.info\/wp-content\/uploads\/2025\/02\/417453409_7173622729385585_8082248519112885195_n-300x169.jpg\" alt=\"\" width=\"300\" height=\"169\" srcset=\"http:\/\/nordwind.info\/wp-content\/uploads\/2025\/02\/417453409_7173622729385585_8082248519112885195_n-300x169.jpg 300w, http:\/\/nordwind.info\/wp-content\/uploads\/2025\/02\/417453409_7173622729385585_8082248519112885195_n-1024x576.jpg 1024w, http:\/\/nordwind.info\/wp-content\/uploads\/2025\/02\/417453409_7173622729385585_8082248519112885195_n-768x432.jpg 768w, http:\/\/nordwind.info\/wp-content\/uploads\/2025\/02\/417453409_7173622729385585_8082248519112885195_n.jpg 1280w\" sizes=\"auto, (max-width: 300px) 100vw, 300px\" \/><\/a>Diese Niederlage veranlasste Venedig aber nicht, den urspr\u00fcnglichen Plan aufzugeben. Man unterlie\u00df es, eine zweite Flotte zum See zu schaffen und baute diese stattdessen direkt in Torbole. Dazu schaffte man Baumaterial mit Hilfe von 600 Zugtieren wieder von der Etsch bis nach Torbole.<\/p>\n<p style=\"text-align: justify;\">In Nago fanden wir eine Reliefplatte sowie eine Wandmalerei, die an dieses Husarenst\u00fcck erinnert.<\/p>\n<div id=\"mapp0_layout\" class=\"mapp-layout\" style=\"width: 640px; \"><div id=\"mapp0_links\" class=\"mapp-map-links\"><\/div><div id=\"mapp0_dialog\" class=\"mapp-dialog\"><\/div><div id=\"mapp0\" class=\"mapp-canvas\" style=\"width: 100%; height: 480px; \"><\/div><div id=\"mapp0_directions\" class=\"mapp-directions\" style=\"width:100%\"><\/div><div id=\"mapp0_poi_list\" class=\"mapp-poi-list\" style=\"width:100%\"><\/div><\/div>\n<p>Kartenauszug Google Maps<\/p>\n<p style=\"text-align: justify;\">Zur ausf\u00fchrlichen Geschichte:\u00a0<a href=\"https:\/\/de.wikipedia.org\/wiki\/Galeas_per_montes\" target=\"_blank\" rel=\"noopener\">Galeas per montes<\/a>, Wikipedia<\/p>\n<p><a href=\"#\">Nach oben<\/a><\/p>\n","protected":false},"excerpt":{"rendered":"<p>Die Stra\u00dfenverbindung SS 240 von Torbole \u00fcber Nago nach Mori hat \u00a0einen historischen Hintergrund. Im 15. Jahrhundert herrschte Krieg zwischen den Mail\u00e4ndern und den Venizianern. Die Mail\u00e4nder beherrschten den s\u00fcdlichen, die Venizianer den n\u00f6rd-lichen Teil des Sees. Da die Venezianer &hellip; <a href=\"http:\/\/nordwind.info\/?page_id=2208\">Weiterlesen <span class=\"meta-nav\">&rarr;<\/span><\/a><\/p>\n","protected":false},"author":1,"featured_media":0,"parent":2400,"menu_order":0,"comment_status":"closed","ping_status":"closed","template":"","meta":{"footnotes":""},"class_list":["post-2208","page","type-page","status-publish","hentry"],"_links":{"self":[{"href":"http:\/\/nordwind.info\/index.php?rest_route=\/wp\/v2\/pages\/2208","targetHints":{"allow":["GET"]}}],"collection":[{"href":"http:\/\/nordwind.info\/index.php?rest_route=\/wp\/v2\/pages"}],"about":[{"href":"http:\/\/nordwind.info\/index.php?rest_route=\/wp\/v2\/types\/page"}],"author":[{"embeddable":true,"href":"http:\/\/nordwind.info\/index.php?rest_route=\/wp\/v2\/users\/1"}],"replies":[{"embeddable":true,"href":"http:\/\/nordwind.info\/index.php?rest_route=%2Fwp%2Fv2%2Fcomments&post=2208"}],"version-history":[{"count":10,"href":"http:\/\/nordwind.info\/index.php?rest_route=\/wp\/v2\/pages\/2208\/revisions"}],"predecessor-version":[{"id":13125,"href":"http:\/\/nordwind.info\/index.php?rest_route=\/wp\/v2\/pages\/2208\/revisions\/13125"}],"up":[{"embeddable":true,"href":"http:\/\/nordwind.info\/index.php?rest_route=\/wp\/v2\/pages\/2400"}],"wp:attachment":[{"href":"http:\/\/nordwind.info\/index.php?rest_route=%2Fwp%2Fv2%2Fmedia&parent=2208"}],"curies":[{"name":"wp","href":"https:\/\/api.w.org\/{rel}","templated":true}]}}