{"id":2038,"date":"2018-01-22T07:17:10","date_gmt":"2018-01-22T07:17:10","guid":{"rendered":"http:\/\/nordwind.info\/?page_id=2038"},"modified":"2023-12-23T08:01:37","modified_gmt":"2023-12-23T08:01:37","slug":"stahnsche-villa","status":"publish","type":"page","link":"http:\/\/nordwind.info\/?page_id=2038","title":{"rendered":"Nienburg, Stahnsche Villa"},"content":{"rendered":"<p style=\"text-align: justify;\">Die Nienburger nannten sie gern \u201edas Schlo\u00df\u201c, B\u00fcrgermeister Stahns Villa in dem weitl\u00e4ufigen Parkanlagennlagen am hohen Weserufer \u2013 obgleich wohl ein Jeder wu\u00dfte, dass die Bezeichnung eigentlich nicht zutreffend war.<\/p>\n<p style=\"text-align: justify;\"><a href=\"http:\/\/nordwind.info\/wp-content\/uploads\/2018\/01\/Stahnsche-Villa.jpg\"><img loading=\"lazy\" decoding=\"async\" class=\"alignright size-medium wp-image-2039\" src=\"http:\/\/nordwind.info\/wp-content\/uploads\/2018\/01\/Stahnsche-Villa-300x296.jpg\" alt=\"\" width=\"300\" height=\"296\" srcset=\"http:\/\/nordwind.info\/wp-content\/uploads\/2018\/01\/Stahnsche-Villa-300x296.jpg 300w, http:\/\/nordwind.info\/wp-content\/uploads\/2018\/01\/Stahnsche-Villa-768x757.jpg 768w, http:\/\/nordwind.info\/wp-content\/uploads\/2018\/01\/Stahnsche-Villa-1024x1010.jpg 1024w, http:\/\/nordwind.info\/wp-content\/uploads\/2018\/01\/Stahnsche-Villa-109x109.jpg 109w, http:\/\/nordwind.info\/wp-content\/uploads\/2018\/01\/Stahnsche-Villa-100x100.jpg 100w, http:\/\/nordwind.info\/wp-content\/uploads\/2018\/01\/Stahnsche-Villa.jpg 1280w\" sizes=\"auto, (max-width: 300px) 100vw, 300px\" \/><\/a>Die Entstehungsgeschichte klingt wie ein M\u00e4rchen. Ein Langendammer Hirtenjunge, Karl Friedrich Heinrich Ahrens, der nach Amerika ausgewandert war, gelangte dort als Fabrikant von k\u00fcnstlichen Blumen und mit Grundst\u00fccksspekulationen zu einem ansehnlichen Verm\u00f6gen. Bei einem Besuch in der alten Heimat erwarb er das Grundst\u00fcck der ehemaligen Festungsbastion \u201eKuhschanze\u201c (ein Teil des Mauerwerks ist bis heute erhalten) und beauftragte den Architekten August Petersen mit dem Bau seines Altersruhesitzes. \u201eCharles\u201c H. F. Ahrens, der in Paris ein Zweiggesch\u00e4ft hatte, w\u00fcnschte sich eine Villa nach Pariser Vorbild. Zweimal fuhr Petersen darum zu Studienszweckeen in die franz\u00f6sische Hauptstadt.<\/p>\n<p style=\"text-align: justify;\">1872 begannne die Bauarbeiten. Die urspr\u00fcnglichen, gr0\u00dfartigen Pl\u00e4ne konnten jedoch nicht ausgef\u00fchrt werden, da dem Bauherrn, der sich \u201everspekuliert\u201c hatte, das Geld ausging. So wurde ein zwar ansehnliches , aber wesentlich kleineres Geb\u00e4ude errichtet. Dennoch kam es im Jahre 1882 zur Zwangsversteigerung.<\/p>\n<p style=\"text-align: justify;\">Die Villa gelangte in den Besitz von einem Pastor Walkerling aus Peine. Dessen Tochter Else (Schlo\u00df-Else) heriatete Johannes Stahn, Nienburgs B\u00fcrgermeister von 1892 bis 1930, der mit Weitblick, Energie und Tatkraft zum Wohle der Stadt wirkte und mit seiner Familie das \u201eSchlo0\u00df\u201c bewohnte.<\/p>\n<p style=\"text-align: justify;\">Urspr\u00fcngliche Absichten, das Geb\u00e4ude nach dem Tod von Frau Else Stahn im Jahre 1947 einem karitativen Zweck zuzuf\u00fchren, schlugen fehl. Die \u201eNienburger Stromversorgungs-AG\u201c (sp\u00e4ter Hastra) erwarb das Grundst\u00fcck f\u00fcr ihre Betriebsdirektion. Das \u201eSchlo\u00df war bauf\u00e4llig geworden. So entschlossen sich die Eigent\u00fcmer zum Abri\u00df und Neubau. Lediglich die erhaltene Grundst\u00fccksumfassung zeugt von einstiger Pracht, und an den Bauherrn, der in Paris in geistiger Umnachtung starb, erinnern die am Eingangstor eingemei\u00dfelten Buchstaben \u201eC.A. 1872 Exelsior\u201c.<\/p>\n<p><strong>Fundstellen<\/strong><\/p>\n<ul>\n<li>Buch \u201eGru\u00df aus Nienburg\u201c \u2013 Unsere Weserstadt auf alten Ansichtskarten \u2013 1983 by Sparkasse Nienburg<\/li>\n<\/ul>\n<div id=\"wpsimplegallery_container\"><\/div>\n","protected":false},"excerpt":{"rendered":"<p>Die Nienburger nannten sie gern \u201edas Schlo\u00df\u201c, B\u00fcrgermeister Stahns Villa in dem weitl\u00e4ufigen Parkanlagennlagen am hohen Weserufer \u2013 obgleich wohl ein Jeder wu\u00dfte, dass die Bezeichnung eigentlich nicht zutreffend war. Die Entstehungsgeschichte klingt wie ein M\u00e4rchen. Ein Langendammer Hirtenjunge, Karl &hellip; <a href=\"http:\/\/nordwind.info\/?page_id=2038\">Weiterlesen <span class=\"meta-nav\">&rarr;<\/span><\/a><\/p>\n","protected":false},"author":1,"featured_media":0,"parent":2400,"menu_order":0,"comment_status":"closed","ping_status":"closed","template":"","meta":{"footnotes":""},"class_list":["post-2038","page","type-page","status-publish","hentry"],"_links":{"self":[{"href":"http:\/\/nordwind.info\/index.php?rest_route=\/wp\/v2\/pages\/2038","targetHints":{"allow":["GET"]}}],"collection":[{"href":"http:\/\/nordwind.info\/index.php?rest_route=\/wp\/v2\/pages"}],"about":[{"href":"http:\/\/nordwind.info\/index.php?rest_route=\/wp\/v2\/types\/page"}],"author":[{"embeddable":true,"href":"http:\/\/nordwind.info\/index.php?rest_route=\/wp\/v2\/users\/1"}],"replies":[{"embeddable":true,"href":"http:\/\/nordwind.info\/index.php?rest_route=%2Fwp%2Fv2%2Fcomments&post=2038"}],"version-history":[{"count":2,"href":"http:\/\/nordwind.info\/index.php?rest_route=\/wp\/v2\/pages\/2038\/revisions"}],"predecessor-version":[{"id":2491,"href":"http:\/\/nordwind.info\/index.php?rest_route=\/wp\/v2\/pages\/2038\/revisions\/2491"}],"up":[{"embeddable":true,"href":"http:\/\/nordwind.info\/index.php?rest_route=\/wp\/v2\/pages\/2400"}],"wp:attachment":[{"href":"http:\/\/nordwind.info\/index.php?rest_route=%2Fwp%2Fv2%2Fmedia&parent=2038"}],"curies":[{"name":"wp","href":"https:\/\/api.w.org\/{rel}","templated":true}]}}