{"id":1946,"date":"2017-12-13T04:31:15","date_gmt":"2017-12-13T04:31:15","guid":{"rendered":"http:\/\/nordwind.info\/?page_id=1946"},"modified":"2018-02-19T11:15:42","modified_gmt":"2018-02-19T11:15:42","slug":"nienburg-weser-kriegerdenkmal-germania","status":"publish","type":"page","link":"http:\/\/nordwind.info\/?page_id=1946","title":{"rendered":"Nienburg, Kriegerdenkmal Germania"},"content":{"rendered":"<p style=\"text-align: justify;\">Das monumentale Ehrenmal stand auf dem damals sch\u00f6nsten Platz Nienburgs an der Langen Stra\u00dfe\/Ecke B\u00fcrgermeister-Stahn-Wall. Es war umgeben von einem Eisenstaket, der Platz selber war mit Blumenrabatten geschm\u00fcckt. Ruheb\u00e4nke wurden aufgestellt, um das Denkmal \u201ein Mu\u00dfe zu beschauen\u201c. 1894 bemerkte die \u201eNienburger Post\u201c dazu: \u201e\u2026 will man sich setzen, sind alle Pl\u00e4tze von Kinderm\u00e4dchen und deren Schutzbefohlenen eingenommen\u201c. Vor der Enth\u00fcllung des Denkmals am 2. September 1878, beschloss der Magistrat der Stadt, den Platz \u201eWilhelmsplatz\u201c zu nennen. Heute befinden sich auf dem Platz ein Springbrunnen und ein Spielpatz.<\/p>\n<p><a href=\"http:\/\/nordwind.info\/wp-content\/uploads\/2017\/12\/kriegerdenkmal_nbg_1904.jpg\"><img loading=\"lazy\" decoding=\"async\" class=\"alignleft wp-image-1949 size-full\" src=\"http:\/\/nordwind.info\/wp-content\/uploads\/2017\/12\/Germania.jpg\" alt=\"\" width=\"640\" height=\"406\" srcset=\"http:\/\/nordwind.info\/wp-content\/uploads\/2017\/12\/Germania.jpg 640w, http:\/\/nordwind.info\/wp-content\/uploads\/2017\/12\/Germania-300x190.jpg 300w\" sizes=\"auto, (max-width: 640px) 100vw, 640px\" \/><\/a><\/p>\n<p style=\"text-align: justify;\">Errichtet wurde das Denkmal nach einem Entwurf von Professor Scherf, Lehrer an der damaligen Baugewerkschule, sp\u00e4ter Fachhochschule f\u00fcr Architektur und Bauingenieurs-wesen. Portastein, Obernkirchner Sandstein und schw\u00e4bischer Sandstein wurden verbaut, f\u00fcr die Ausf\u00fchrung der \u00fcber 2 m gro\u00dfen Germania ein Hilfsmodell in gleicher Gr\u00f6\u00dfe aus Gips gefertigt. Knappe 3000 Mark kostete das Denkmal. Ein Teil der Kosten wurde \u00fcber eine Lotterie gedeckt. 2500 Lose sollten f\u00fcr je eine Mark verkauft werden. Hauptgewinn war eine M\u00f6beleinrichtung bestehend aus einem Sofa, einer Kommode, sechs St\u00fchlen und einem Sofatisch. Weitere Preise waren unter anderen Streichholzbeh\u00e4lter, ein Fegeblech, Zigarrenetuis, Zuckerschalen oder Spargelmesser. Bei einer Kollekte von Haus zu Haus wurden weitere 660 Mark gesammelt.<\/p>\n<p style=\"text-align: justify;\">Das \u201eSiegesdenkmal\u201c entstand in einer Zeit, in der die nationale Begeisterung f\u00fcr Kaiser und Vaterland allgemein stark verinnerlicht war. Mit dem Standbild der bekr\u00f6nten Germania als Personifikation Deutschlands, in der Linken ein Schwert, in der Rechten ein Lorbeerkranz, gedachte Nienburg damals der Gefallenen der Kriege 1866 und 1870\/71. \u201eNienburg. Seinen f\u00fcr das Vaterland gefallenen S\u00f6hnen\u201c, wurde in den Sockel gemei\u00dfelt.<\/p>\n<p style=\"text-align: justify;\">Das Schicksal der Statue der Germania ist ungekl\u00e4rt. Sie sei, so ein Zeitzeuge, um 1936 abgebaut und eingelagert worden. Wohl aber ist der Sockel erhalten. Er steht heute auf dem Weserwall\/Ecke B\u00fcrgermeister-Stahn-Wall hinter dem Finanzamt.<\/p>\n<p>Fundstelle: <a href=\"https:\/\/www.nienburg.de\/portal\/meldungen\/archivale-des-monats-902003572-21501.html?rubrik=902000008\" target=\"_blank\" rel=\"noopener\">Nienburg.de<\/a><\/p>\n","protected":false},"excerpt":{"rendered":"<p>Das monumentale Ehrenmal stand auf dem damals sch\u00f6nsten Platz Nienburgs an der Langen Stra\u00dfe\/Ecke B\u00fcrgermeister-Stahn-Wall. Es war umgeben von einem Eisenstaket, der Platz selber war mit Blumenrabatten geschm\u00fcckt. Ruheb\u00e4nke wurden aufgestellt, um das Denkmal \u201ein Mu\u00dfe zu beschauen\u201c. 1894 bemerkte &hellip; <a href=\"http:\/\/nordwind.info\/?page_id=1946\">Weiterlesen <span class=\"meta-nav\">&rarr;<\/span><\/a><\/p>\n","protected":false},"author":1,"featured_media":0,"parent":2400,"menu_order":0,"comment_status":"closed","ping_status":"closed","template":"","meta":{"footnotes":""},"class_list":["post-1946","page","type-page","status-publish","hentry"],"_links":{"self":[{"href":"http:\/\/nordwind.info\/index.php?rest_route=\/wp\/v2\/pages\/1946","targetHints":{"allow":["GET"]}}],"collection":[{"href":"http:\/\/nordwind.info\/index.php?rest_route=\/wp\/v2\/pages"}],"about":[{"href":"http:\/\/nordwind.info\/index.php?rest_route=\/wp\/v2\/types\/page"}],"author":[{"embeddable":true,"href":"http:\/\/nordwind.info\/index.php?rest_route=\/wp\/v2\/users\/1"}],"replies":[{"embeddable":true,"href":"http:\/\/nordwind.info\/index.php?rest_route=%2Fwp%2Fv2%2Fcomments&post=1946"}],"version-history":[{"count":6,"href":"http:\/\/nordwind.info\/index.php?rest_route=\/wp\/v2\/pages\/1946\/revisions"}],"predecessor-version":[{"id":2492,"href":"http:\/\/nordwind.info\/index.php?rest_route=\/wp\/v2\/pages\/1946\/revisions\/2492"}],"up":[{"embeddable":true,"href":"http:\/\/nordwind.info\/index.php?rest_route=\/wp\/v2\/pages\/2400"}],"wp:attachment":[{"href":"http:\/\/nordwind.info\/index.php?rest_route=%2Fwp%2Fv2%2Fmedia&parent=1946"}],"curies":[{"name":"wp","href":"https:\/\/api.w.org\/{rel}","templated":true}]}}