

{"id":1897,"date":"2017-12-12T05:22:24","date_gmt":"2017-12-12T05:22:24","guid":{"rendered":"http:\/\/nordwind.info\/?page_id=1897"},"modified":"2025-04-11T06:38:41","modified_gmt":"2025-04-11T06:38:41","slug":"erichshagen-burg-woelpe","status":"publish","type":"page","link":"http:\/\/nordwind.info\/?page_id=1897","title":{"rendered":"Erichshagen, Burg W\u00f6lpe"},"content":{"rendered":"<ul>\n<li>Objektname:\u00a0Burg W\u00f6lpe<\/li>\n<li>Ortslage\/LK: W\u00f6lpe\/Erichshagen, Nienburg (Weser), Niedersachsen<\/li>\n<li>Nutzung: \u00a0 \u00a0 \u00a0 \u00a0ca. 1200 &#8211; ca. 1700\n<ul>\n<li style=\"list-style-type: none;\">\n<ul>\n<li style=\"list-style-type: none;\">\n<ul>\n<li style=\"list-style-type: none;\">\n<ul>\n<li>Grafen von W\u00f6lpe (bis Anfang 1300)<\/li>\n<li>Graf Erich I. (ab 1523) Namensgeber f\u00fcr den Ort Erichshagen<\/li>\n<li>Zerst\u00f6rung (1625) durch Feldherr Tilly, anschlie\u00dfend Schleifung<\/li>\n<\/ul>\n<\/li>\n<\/ul>\n<\/li>\n<\/ul>\n<\/li>\n<\/ul>\n<\/li>\n<li>Ist-Zustand: \u00a0Von der Burganlage ist der Burgh\u00fcgel erhalten geblieben.\n<ul>\n<li style=\"list-style-type: none;\">\n<ul>\n<li style=\"list-style-type: none;\">\n<ul>\n<li style=\"list-style-type: none;\">\n<ul>\n<li>Seit etwa 2012 finden dort historische Grabungsarbeiten statt.<\/li>\n<\/ul>\n<\/li>\n<\/ul>\n<\/li>\n<\/ul>\n<\/li>\n<\/ul>\n<\/li>\n<li>Recherchen: 2014 \u00a0 \u00a0 \u00a0 \u00a0 \u00a0 \u00a0 Exkursion:<\/li>\n<li>Fundstellen: <a href=\"http:\/\/de.wikipedia.org\/wiki\/Burg_W%C3%B6lpe\" target=\"_blank\" rel=\"noopener\">Wikipedia<\/a>\n<ul>\n<li>Die Harke &#8211; 17.02.2017 &#8211; <a href=\"http:\/\/nordwind.info\/wp-content\/uploads\/2017\/09\/20170224-Erichshagen-Burg-W\u00f6lpe-02.pdf\" target=\"_blank\" rel=\"noopener\">Fundst\u00fccke bei Ausgrabungen<\/a><\/li>\n<li>Die Harke &#8211; 16.09.2017 &#8211; <a href=\"http:\/\/nordwind.info\/wp-content\/uploads\/2017\/09\/20170916-Erichshagen-Burg-W\u00f6lpe.pdf\" target=\"_blank\" rel=\"noopener\">Bericht \u00fcber Ausgrabungsarbeiten<\/a><\/li>\n<\/ul>\n<\/li>\n<\/ul>\n<p><strong>Lage<\/strong><\/p>\n\n\n\t\t\t\t<div id=\"map_ol3js_1\" class=\"map undefined\" data-map_name=\"undefined\" data-map=\"map_ol3js_1\" style=\"width:100%; max-width:100%; height:450px; display:block; overflow:hidden;border:2px solid grey;\" >\n\t\t\t\t  <div id=\"map_ol3js_1_popup\" class=\"ol-popup\" >\n\t\t\t\t\t<a href=\"#\" id=\"map_ol3js_1_popup-closer\" class=\"ol-popup-closer\"><\/a>\n\t\t\t\t\t<div id=\"map_ol3js_1_popup-content\" ><\/div>\n\t\t\t\t  <\/div>\n\t\t\t\t<\/div>\n\t\t\t\n\n\t\t\t\t<script type=\"text\/javascript\">\n\t\t\t\t\ttranslations['openlayer'] = \"open layer\";\n\t\t\t\t\ttranslations['openlayerAtStartup'] = \"open layer at startup\";\n\t\t\t\t\ttranslations['generateLink'] = \"Der Link zur Karte mit ausgew\u00e4hlten Overlays und angezeigtem Ausschnitt\";\n\t\t\t\t\ttranslations['shortDescription'] = \"Kurzbeschreibung\";\n\t\t\t\t\ttranslations['generatedShortCode'] = \"to get a text control link paste this code in your wordpress editor\";\n\t\t\t\t\ttranslations['closeLayer'] = \"close layer\";\n\t\t\t\t\ttranslations['cantGenerateLink'] = \"put this string in the existing map short code to control this map\";\n\t\t\t  <\/script>\n\n\n\t\t\t  <script type=\"text\/javascript\">\n\t\t\t  vectorM['map_ol3js_1'] = [];\n\t        \n        var raster = getTileLayer(\"osm\",\"NoKey\");\t\t\t\n\n\t\t\t  var map_ol3js_1 = new ol.Map({\n\t\t\t\tinteractions: ol.interaction.defaults.defaults({mouseWheelZoom:false}),\n\t\t\t\tlayers: [raster],\n\t\t\t\ttarget: \"map_ol3js_1\",\n\t\t\t\tview: new ol.View({\n\t\t\t\t  center: ol.proj.transform([9.2533,52.6622], \"EPSG:4326\", \"EPSG:3857\"),\n\t\t\t\t  zoom: 16\n\t\t\t\t})\n\t\t\t  });\n\t\t\t  addControls2Map(map_ol3js_1,0,0,3,0,5,6,7,1,1);\nosm_addPopupClickhandler(map_ol3js_1,  \"map_ol3js_1\"); \nosm_addMouseHover(map_ol3js_1); <\/script>\n<p>Aktueller Zustand &#8211; Kartenauszug OpenStreetMap<\/p>\n<div id=\"mapp0_layout\" class=\"mapp-layout\" style=\"width: 640px; \"><div id=\"mapp0_links\" class=\"mapp-map-links\"><\/div><div id=\"mapp0_dialog\" class=\"mapp-dialog\"><\/div><div id=\"mapp0\" class=\"mapp-canvas\" style=\"width: 100%; height: 480px; \"><\/div><div id=\"mapp0_directions\" class=\"mapp-directions\" style=\"width:100%\"><\/div><div id=\"mapp0_poi_list\" class=\"mapp-poi-list\" style=\"width:100%\"><\/div><\/div>\n<p>Kartenauszug Google-Maps<\/p>\n<p style=\"text-align: justify;\">Die Grafschaft W\u00f6lpe war im Mittelalter das Herrschaftsgebiet einer Adelsfamilie im mittleren Weserraum bei Nienburg\/Weser, die 1302 erlosch. Der Sitz der Grafen von W\u00f6lpe war die heute ebenfalls nicht mehr bestehende Burg- und Schlossanlage im Nienburger Ortsteil Erichshagen-W\u00f6lpe am Bachlauf der W\u00f6lpe.<\/p>\n<p><a href=\"http:\/\/nordwind.info\/wp-content\/uploads\/2017\/09\/6fc0a12ba853f94b033a17c897e04f99.jpg\"><img loading=\"lazy\" decoding=\"async\" class=\"alignright size-full wp-image-1189\" src=\"http:\/\/nordwind.info\/wp-content\/uploads\/2017\/09\/6fc0a12ba853f94b033a17c897e04f99.jpg\" alt=\"\" width=\"800\" height=\"372\" srcset=\"http:\/\/nordwind.info\/wp-content\/uploads\/2017\/09\/6fc0a12ba853f94b033a17c897e04f99.jpg 800w, http:\/\/nordwind.info\/wp-content\/uploads\/2017\/09\/6fc0a12ba853f94b033a17c897e04f99-300x140.jpg 300w, http:\/\/nordwind.info\/wp-content\/uploads\/2017\/09\/6fc0a12ba853f94b033a17c897e04f99-768x357.jpg 768w\" sizes=\"auto, (max-width: 800px) 100vw, 800px\" \/><\/a>Burgh\u00fcgel der Burg W\u00f6pe by Axel HH, Wikipedia<\/p>\n<p style=\"text-align: justify;\">Das Geschlecht derer von W\u00f6lpe errichtete an der vermutlich nach ihnen benannten Stelle eine Burg. Wie ein Gem\u00e4lde von 1823 zeigt, handelte es sich um eine Turmh\u00fcgelburg, die in sumpfigen Gel\u00e4nde lag. An ihr floss schon damals die Bach W\u00f6lpe, ein Zufluss der Aller, vorbei.<\/p>\n<p style=\"text-align: justify;\"><a href=\"http:\/\/nordwind.info\/wp-content\/uploads\/2017\/09\/9f520c05d1442e4b2c313ee1bd201ecc.jpg\"><img loading=\"lazy\" decoding=\"async\" class=\"alignleft size-medium wp-image-1190\" src=\"http:\/\/nordwind.info\/wp-content\/uploads\/2017\/09\/9f520c05d1442e4b2c313ee1bd201ecc-300x201.jpg\" alt=\"\" width=\"300\" height=\"201\" srcset=\"http:\/\/nordwind.info\/wp-content\/uploads\/2017\/09\/9f520c05d1442e4b2c313ee1bd201ecc-300x201.jpg 300w, http:\/\/nordwind.info\/wp-content\/uploads\/2017\/09\/9f520c05d1442e4b2c313ee1bd201ecc.jpg 578w\" sizes=\"auto, (max-width: 300px) 100vw, 300px\" \/><\/a>Das Gew\u00e4sser wurde zu breiten Gr\u00e4ften ausgebaut, die das Schloss an drei Seiten umflossen. In der ersten \u00fcberlieferten Nennung von 1151 wurde die Burg als Wilipa bezeichnet, als sie zur Kirche in Minden geh\u00f6rte. Zu Beginn des 13. Jahrhunderts verlegten die W\u00f6lper Grafen ihr Festes Haus in das nahegelegene Drakenburg und sp\u00e4ter nach Neustadt am R\u00fcbenberge.<\/p>\n<p style=\"text-align: justify;\">In der Hildesheimer Stiftsfehde zwischen 1519-1523 wurde die Burg W\u00f6lpe zerst\u00f6rt und danach von Herzog Erich I. als Schloss wieder hergerichtet. Er gr\u00fcndete nahe dem Schloss eine Siedlung, die nach ihm (Erich) und wegen der Dorfform eines Hagenhufendorfs (-hagen) als Erichshagen benannt wurde.<\/p>\n<p><a href=\"http:\/\/nordwind.info\/wp-content\/uploads\/2017\/09\/b3bec47ddbb654e489a0f9d73ed721d61.jpg\"><img loading=\"lazy\" decoding=\"async\" class=\"alignleft size-full wp-image-1191\" src=\"http:\/\/nordwind.info\/wp-content\/uploads\/2017\/09\/b3bec47ddbb654e489a0f9d73ed721d61.jpg\" alt=\"\" width=\"640\" height=\"437\" srcset=\"http:\/\/nordwind.info\/wp-content\/uploads\/2017\/09\/b3bec47ddbb654e489a0f9d73ed721d61.jpg 640w, http:\/\/nordwind.info\/wp-content\/uploads\/2017\/09\/b3bec47ddbb654e489a0f9d73ed721d61-300x205.jpg 300w\" sizes=\"auto, (max-width: 640px) 100vw, 640px\" \/><\/a><\/p>\n<p style=\"text-align: justify;\">Trotzdem hie\u00df der Ort lange Zeit im Volksmund W\u00f6lpe. 1624 besuchte der d\u00e4nische K\u00f6nig Christian IV. w\u00e4hrend des Drei\u00dfigj\u00e4hrigen Krieges das Schloss W\u00f6lpe. Ein Jahr sp\u00e4ter, 1625, wurde es von den S\u00f6ldnertruppen des Feldherrn Tilly erobert und besch\u00e4digt. Wegen der Sch\u00e4den wurde das Schloss nach dem Krieg geschleift und zum Amtsgeb\u00e4ude umgestaltet.<\/p>\n<p style=\"text-align: justify;\">Im 19. Jahrhundert wurde ein weiteres Amtsgeb\u00e4ude nahe der Stra\u00dfe errichtet, das heute noch besteht. Es ist das ehemalige Amtsgerichtsgeb\u00e4ude, das an der Hauptstra\u00dfe an der Zufahrt zum Burgh\u00fcgel liegt. Hier hatten der Amtmann und der Amtsschreiber ihre Arbeitsr\u00e4ume. Mehrere Scheunen und St\u00e4lle\u00a0waren vorhanden, die f\u00fcr die Unterbringung der von den Bauern abzuliefernden Naturalien dienten. Und zu guter Letzt befand sich hier das Gerichtsgeb\u00e4ude mit einem Gef\u00e4ngnis. Die Richtst\u00e4tte des Amtes befand sich auf dem Galgenberg in der Kr\u00e4he.<\/p>\n<p><a href=\"http:\/\/nordwind.info\/wp-content\/uploads\/2017\/09\/Amt-Woelpe.jpg\"><img loading=\"lazy\" decoding=\"async\" class=\"alignleft size-full wp-image-1192\" src=\"http:\/\/nordwind.info\/wp-content\/uploads\/2017\/09\/Amt-Woelpe.jpg\" alt=\"\" width=\"640\" height=\"381\" srcset=\"http:\/\/nordwind.info\/wp-content\/uploads\/2017\/09\/Amt-Woelpe.jpg 640w, http:\/\/nordwind.info\/wp-content\/uploads\/2017\/09\/Amt-Woelpe-300x179.jpg 300w\" sizes=\"auto, (max-width: 640px) 100vw, 640px\" \/><\/a><\/p>\n<p style=\"text-align: justify;\">Die Geb\u00e4ude\u00a0dienten langj\u00e4hrig als F\u00f6rsterei und sind heute Wohnh\u00e4user. Die Siedlung W\u00f6lpe unweit des Amtshofes hatte im 19. Jahrhundert etwa 100 Bewohner. Vom Schloss erhalten geblieben ist nur der 4,5 m hohe und 80 x 80 m gro\u00dfe Erdh\u00fcgel. Auf ihm befinden sich drei erh\u00f6hte Stellen, die auf die Lage ehemaliger Geb\u00e4ude hinweisen. Der H\u00fcgel liegt am \u00f6stlichen Ortseingang von Erichshagen, der Amtsgarten genannt wird. Der Burggraben war Anfang des 20. Jahrhunderts noch sichtbar.<\/p>\n<p style=\"text-align: justify;\">Die ehemalige Burgstelle ist erreichbar \u00fcber einen ca. 200 m langen Damm durch die Niederung. Der Burgh\u00fcgel ist mit B\u00e4umen und Brennnesseln bewachsen, wobei letztere als Ruderalflora einen Zeiger f\u00fcr die fr\u00fchere Besiedlung darstellen. In den letzten Jahren wurde der Burgh\u00fcgel zum arch\u00e4ologischen Forschungsobjekt. Zur Zeit herrschen dort intensive Grabungsarbeiten.<\/p>\n<p><a href=\"http:\/\/nordwind.info\/wp-content\/uploads\/2017\/09\/Erichshagen-01.jpg\"><img loading=\"lazy\" decoding=\"async\" class=\"alignleft size-large wp-image-1194\" src=\"http:\/\/nordwind.info\/wp-content\/uploads\/2017\/09\/Erichshagen-01-954x1024.jpg\" alt=\"\" width=\"640\" height=\"687\" srcset=\"http:\/\/nordwind.info\/wp-content\/uploads\/2017\/09\/Erichshagen-01-954x1024.jpg 954w, http:\/\/nordwind.info\/wp-content\/uploads\/2017\/09\/Erichshagen-01-279x300.jpg 279w, http:\/\/nordwind.info\/wp-content\/uploads\/2017\/09\/Erichshagen-01-768x824.jpg 768w, http:\/\/nordwind.info\/wp-content\/uploads\/2017\/09\/Erichshagen-01.jpg 1280w\" sizes=\"auto, (max-width: 640px) 100vw, 640px\" \/><\/a><\/p>\n<p><a href=\"http:\/\/nordwind.info\/wp-content\/uploads\/2017\/09\/Erichshagen-02.jpg\"><img loading=\"lazy\" decoding=\"async\" class=\"alignleft size-large wp-image-1195\" src=\"http:\/\/nordwind.info\/wp-content\/uploads\/2017\/09\/Erichshagen-02-1024x986.jpg\" alt=\"\" width=\"640\" height=\"616\" srcset=\"http:\/\/nordwind.info\/wp-content\/uploads\/2017\/09\/Erichshagen-02-1024x986.jpg 1024w, http:\/\/nordwind.info\/wp-content\/uploads\/2017\/09\/Erichshagen-02-300x289.jpg 300w, http:\/\/nordwind.info\/wp-content\/uploads\/2017\/09\/Erichshagen-02-768x739.jpg 768w, http:\/\/nordwind.info\/wp-content\/uploads\/2017\/09\/Erichshagen-02.jpg 1280w\" sizes=\"auto, (max-width: 640px) 100vw, 640px\" \/><\/a><\/p>\n<p style=\"text-align: justify;\">Nienburger Journal 1990<br \/>\n<a href=\"#\">Nach oben<\/a><\/p>\n<p>&nbsp;<\/p>\n","protected":false},"excerpt":{"rendered":"<p>Objektname:\u00a0Burg W\u00f6lpe Ortslage\/LK: W\u00f6lpe\/Erichshagen, Nienburg (Weser), Niedersachsen Nutzung: \u00a0 \u00a0 \u00a0 \u00a0ca. 1200 &#8211; ca. 1700 Grafen von W\u00f6lpe (bis Anfang 1300) Graf Erich I. (ab 1523) Namensgeber f\u00fcr den Ort Erichshagen Zerst\u00f6rung (1625) durch Feldherr Tilly, anschlie\u00dfend Schleifung Ist-Zustand: &hellip; <a href=\"http:\/\/nordwind.info\/?page_id=1897\">Weiterlesen <span class=\"meta-nav\">&rarr;<\/span><\/a><\/p>\n","protected":false},"author":1,"featured_media":0,"parent":14136,"menu_order":0,"comment_status":"closed","ping_status":"closed","template":"","meta":{"footnotes":""},"class_list":["post-1897","page","type-page","status-publish","hentry"],"_links":{"self":[{"href":"http:\/\/nordwind.info\/index.php?rest_route=\/wp\/v2\/pages\/1897","targetHints":{"allow":["GET"]}}],"collection":[{"href":"http:\/\/nordwind.info\/index.php?rest_route=\/wp\/v2\/pages"}],"about":[{"href":"http:\/\/nordwind.info\/index.php?rest_route=\/wp\/v2\/types\/page"}],"author":[{"embeddable":true,"href":"http:\/\/nordwind.info\/index.php?rest_route=\/wp\/v2\/users\/1"}],"replies":[{"embeddable":true,"href":"http:\/\/nordwind.info\/index.php?rest_route=%2Fwp%2Fv2%2Fcomments&post=1897"}],"version-history":[{"count":4,"href":"http:\/\/nordwind.info\/index.php?rest_route=\/wp\/v2\/pages\/1897\/revisions"}],"predecessor-version":[{"id":2516,"href":"http:\/\/nordwind.info\/index.php?rest_route=\/wp\/v2\/pages\/1897\/revisions\/2516"}],"up":[{"embeddable":true,"href":"http:\/\/nordwind.info\/index.php?rest_route=\/wp\/v2\/pages\/14136"}],"wp:attachment":[{"href":"http:\/\/nordwind.info\/index.php?rest_route=%2Fwp%2Fv2%2Fmedia&parent=1897"}],"curies":[{"name":"wp","href":"https:\/\/api.w.org\/{rel}","templated":true}]}}