

{"id":14216,"date":"2025-11-08T06:12:17","date_gmt":"2025-11-08T06:12:17","guid":{"rendered":"https:\/\/nordwind.info\/?page_id=14216"},"modified":"2025-11-08T06:19:34","modified_gmt":"2025-11-08T06:19:34","slug":"casina-infantriestellung","status":"publish","type":"page","link":"http:\/\/nordwind.info\/?page_id=14216","title":{"rendered":"Casina, Infantriestellung"},"content":{"rendered":"<p style=\"text-align: justify;\">Zwischen Nago und dem Monte Trentini liegt bei Casina die Location Postazione panoramica di Nago. Etwas Abseits von der Stra\u00dfe befinden sich die \u00dcberreste einer verlassenen Stellung aus dem 1. Weltkrieg. Zum Cache <span id=\"ctl00_ContentBody_CoordInfoLinkControl1_uxCoordInfoCode\" class=\"CoordInfoCode\"><a id=\"coordinate-link-control\" class=\"CoordInfoLink\" tabindex=\"0\" href=\"https:\/\/coord.info\/GC1RA32\" aria-expanded=\"false\" aria-controls=\"coordinate-info-link\" data-hasqtip=\"0\">GC1RA32 <\/a><\/span>war es eine ganz sch\u00f6ne Kraxelei, wir wurden dennoch mit einer sch\u00f6nen Aussicht belohnt.<\/p>\n<div id=\"ShortCode_Div\">\n\n\t\t\t\t<div id=\"map_ol3js_1\" class=\"map undefined\" data-map_name=\"undefined\" data-map=\"map_ol3js_1\" style=\"width:100%; max-width:100%; height:450px; display:block; overflow:hidden;border:2px solid grey;\" >\n\t\t\t\t  <div id=\"map_ol3js_1_popup\" class=\"ol-popup\" >\n\t\t\t\t\t<a href=\"#\" id=\"map_ol3js_1_popup-closer\" class=\"ol-popup-closer\"><\/a>\n\t\t\t\t\t<div id=\"map_ol3js_1_popup-content\" ><\/div>\n\t\t\t\t  <\/div>\n\t\t\t\t<\/div>\n\t\t\t\n\n\t\t\t\t<script type=\"text\/javascript\">\n\t\t\t\t\ttranslations['openlayer'] = \"open layer\";\n\t\t\t\t\ttranslations['openlayerAtStartup'] = \"open layer at startup\";\n\t\t\t\t\ttranslations['generateLink'] = \"Der Link zur Karte mit ausgew\u00e4hlten Overlays und angezeigtem Ausschnitt\";\n\t\t\t\t\ttranslations['shortDescription'] = \"Kurzbeschreibung\";\n\t\t\t\t\ttranslations['generatedShortCode'] = \"to get a text control link paste this code in your wordpress editor\";\n\t\t\t\t\ttranslations['closeLayer'] = \"close layer\";\n\t\t\t\t\ttranslations['cantGenerateLink'] = \"put this string in the existing map short code to control this map\";\n\t\t\t  <\/script>\n\n\n\t\t\t  <script type=\"text\/javascript\">\n\t\t\t  vectorM['map_ol3js_1'] = [];\n\t        \n        var raster = getTileLayer(\"osm\",\"NoKey\");\t\t\t\n\n\t\t\t  var map_ol3js_1 = new ol.Map({\n\t\t\t\tinteractions: ol.interaction.defaults.defaults({mouseWheelZoom:false}),\n\t\t\t\tlayers: [raster],\n\t\t\t\ttarget: \"map_ol3js_1\",\n\t\t\t\tview: new ol.View({\n\t\t\t\t  center: ol.proj.transform([10.8981,45.8596], \"EPSG:4326\", \"EPSG:3857\"),\n\t\t\t\t  zoom: 17.0\n\t\t\t\t})\n\t\t\t  });\n\t\t\t  osm_addMarkerLayer(map_ol3js_1,10.8980,45.8599,\"http:\/\/nordwind.info\/wp-content\/plugins\/osm\/icons\/mic_red_pinother_02.png\",-16,-41,\"<p><\/p>\") ; \naddControls2Map(map_ol3js_1,0,0,3,0,5,6,7,0,1);\nosm_addPopupClickhandler(map_ol3js_1,  \"map_ol3js_1\"); \nosm_addMouseHover(map_ol3js_1); <\/script><\/div>\n<p>Auszug OSM<\/p>\n<p><a href=\"http:\/\/nordwind.info\/wp-content\/uploads\/2025\/11\/Stellung-01.jpg\"><img loading=\"lazy\" decoding=\"async\" class=\"alignleft size-full wp-image-14217\" src=\"http:\/\/nordwind.info\/wp-content\/uploads\/2025\/11\/Stellung-01.jpg\" alt=\"\" width=\"640\" height=\"360\" srcset=\"http:\/\/nordwind.info\/wp-content\/uploads\/2025\/11\/Stellung-01.jpg 640w, http:\/\/nordwind.info\/wp-content\/uploads\/2025\/11\/Stellung-01-300x169.jpg 300w\" sizes=\"auto, (max-width: 640px) 100vw, 640px\" \/><\/a><\/p>\n<p>.<\/p>\n<p><a href=\"http:\/\/nordwind.info\/wp-content\/uploads\/2025\/11\/Stellung-2.jpg\"><img loading=\"lazy\" decoding=\"async\" class=\"alignleft size-full wp-image-14219\" src=\"http:\/\/nordwind.info\/wp-content\/uploads\/2025\/11\/Stellung-2.jpg\" alt=\"\" width=\"640\" height=\"360\" srcset=\"http:\/\/nordwind.info\/wp-content\/uploads\/2025\/11\/Stellung-2.jpg 640w, http:\/\/nordwind.info\/wp-content\/uploads\/2025\/11\/Stellung-2-300x169.jpg 300w\" sizes=\"auto, (max-width: 640px) 100vw, 640px\" \/><\/a><\/p>\n<p style=\"text-align: justify;\">Der Felsen wurde teilweise ausgeh\u00f6hlt und diente vermutlich als Unterkunft und\/oder Gefechtsstand. Die H\u00f6hle war zum Zeitpunkt unseres Besuches von oben begehbar. Was sich in der H\u00f6hle befindet, wird nicht verraten \u2013 also selber mal hinfahren.<\/p>\n<p><a href=\"http:\/\/nordwind.info\/wp-content\/uploads\/2025\/11\/Stellung-02.jpg\"><img loading=\"lazy\" decoding=\"async\" class=\"alignleft size-full wp-image-14218\" src=\"http:\/\/nordwind.info\/wp-content\/uploads\/2025\/11\/Stellung-02.jpg\" alt=\"\" width=\"640\" height=\"360\" srcset=\"http:\/\/nordwind.info\/wp-content\/uploads\/2025\/11\/Stellung-02.jpg 640w, http:\/\/nordwind.info\/wp-content\/uploads\/2025\/11\/Stellung-02-300x169.jpg 300w\" sizes=\"auto, (max-width: 640px) 100vw, 640px\" \/><\/a>Es war eine ganz sch\u00f6ne Kraxelei, die mit\u00a0 einer sch\u00f6nen Aussicht belohnt wurde.<\/p>\n<p><a href=\"http:\/\/nordwind.info\/wp-content\/uploads\/2025\/11\/Aussicht-21.jpg\"><img loading=\"lazy\" decoding=\"async\" class=\"alignleft size-full wp-image-14221\" src=\"http:\/\/nordwind.info\/wp-content\/uploads\/2025\/11\/Aussicht-21.jpg\" alt=\"\" width=\"640\" height=\"360\" srcset=\"http:\/\/nordwind.info\/wp-content\/uploads\/2025\/11\/Aussicht-21.jpg 640w, http:\/\/nordwind.info\/wp-content\/uploads\/2025\/11\/Aussicht-21-300x169.jpg 300w\" sizes=\"auto, (max-width: 640px) 100vw, 640px\" \/><\/a><\/p>\n<p><a href=\"#\">Nach oben<\/a><\/p>\n<p>&nbsp;<\/p>\n","protected":false},"excerpt":{"rendered":"<p>Zwischen Nago und dem Monte Trentini liegt bei Casina die Location Postazione panoramica di Nago. Etwas Abseits von der Stra\u00dfe befinden sich die \u00dcberreste einer verlassenen Stellung aus dem 1. Weltkrieg. Zum Cache GC1RA32 war es eine ganz sch\u00f6ne Kraxelei, &hellip; <a href=\"http:\/\/nordwind.info\/?page_id=14216\">Weiterlesen <span class=\"meta-nav\">&rarr;<\/span><\/a><\/p>\n","protected":false},"author":1,"featured_media":0,"parent":2482,"menu_order":0,"comment_status":"closed","ping_status":"closed","template":"","meta":{"footnotes":""},"class_list":["post-14216","page","type-page","status-publish","hentry"],"_links":{"self":[{"href":"http:\/\/nordwind.info\/index.php?rest_route=\/wp\/v2\/pages\/14216","targetHints":{"allow":["GET"]}}],"collection":[{"href":"http:\/\/nordwind.info\/index.php?rest_route=\/wp\/v2\/pages"}],"about":[{"href":"http:\/\/nordwind.info\/index.php?rest_route=\/wp\/v2\/types\/page"}],"author":[{"embeddable":true,"href":"http:\/\/nordwind.info\/index.php?rest_route=\/wp\/v2\/users\/1"}],"replies":[{"embeddable":true,"href":"http:\/\/nordwind.info\/index.php?rest_route=%2Fwp%2Fv2%2Fcomments&post=14216"}],"version-history":[{"count":4,"href":"http:\/\/nordwind.info\/index.php?rest_route=\/wp\/v2\/pages\/14216\/revisions"}],"predecessor-version":[{"id":14224,"href":"http:\/\/nordwind.info\/index.php?rest_route=\/wp\/v2\/pages\/14216\/revisions\/14224"}],"up":[{"embeddable":true,"href":"http:\/\/nordwind.info\/index.php?rest_route=\/wp\/v2\/pages\/2482"}],"wp:attachment":[{"href":"http:\/\/nordwind.info\/index.php?rest_route=%2Fwp%2Fv2%2Fmedia&parent=14216"}],"curies":[{"name":"wp","href":"https:\/\/api.w.org\/{rel}","templated":true}]}}