

{"id":14142,"date":"2025-04-12T04:23:14","date_gmt":"2025-04-12T04:23:14","guid":{"rendered":"https:\/\/nordwind.info\/?page_id=14142"},"modified":"2025-04-12T04:26:54","modified_gmt":"2025-04-12T04:26:54","slug":"gastouri-castello-achilleion","status":"publish","type":"page","link":"http:\/\/nordwind.info\/?page_id=14142","title":{"rendered":"Gastouri, Castello Achilleion"},"content":{"rendered":"<p>Das Achilleion ist ein Palast auf Korfu bei Gastouri, etwa sieben\u00a0Kilometer s\u00fcdlich der Inselhauptstadt Korfu, den die \u00f6ster-reichische Kaiserin Elisabeth (Sissi) in den Jahren 1890\u20131892 erbauen lie\u00df.<\/p>\n<ul>\n<li>Recherchen: 1988, 2004, 2006<\/li>\n<li>Fundstellen: <a href=\"https:\/\/www.google.de\/maps\/preview?hl=de#!q=Gastouri%2C+Korfu%2C+Griechenland&amp;data=!2m1!1e3!4m15!2m14!1m13!1s0x135b5f41de996adb%3A0x400bd2ce2b99430!3m8!1m3!1d12418!2d10.8802067!3d45.9185753!3m2!1i1209!2i859!4f13.1!4m2!3d39.5616001!4d19.8986246&amp;fid=7\" target=\"_blank\" rel=\"noopener\">Google-Maps<\/a><\/li>\n<\/ul>\n<p><a href=\"http:\/\/nordwind.info\/wp-content\/uploads\/2025\/04\/800px-Achilleion_in_Kerkyra.jpg\"><img loading=\"lazy\" decoding=\"async\" class=\"alignleft size-full wp-image-14143\" src=\"http:\/\/nordwind.info\/wp-content\/uploads\/2025\/04\/800px-Achilleion_in_Kerkyra.jpg\" alt=\"\" width=\"640\" height=\"465\" srcset=\"http:\/\/nordwind.info\/wp-content\/uploads\/2025\/04\/800px-Achilleion_in_Kerkyra.jpg 640w, http:\/\/nordwind.info\/wp-content\/uploads\/2025\/04\/800px-Achilleion_in_Kerkyra-300x218.jpg 300w\" sizes=\"auto, (max-width: 640px) 100vw, 640px\" \/><\/a><\/p>\n<p>&nbsp;<\/p>\n<p style=\"text-align: justify;\">Es wurde auf dem Grundst\u00fcck des bekannten Korfioten Petros Brailas-Armenis (eines Freundes Sissis) nach seinem Tod errichtet. Benannt wurde es nach Achilles, den Sissi wegen seiner Kraft bewunderte.<\/p>\n<p>&nbsp;<\/p>\n<p><strong>Lage<\/strong><\/p>\n<div id=\"map_1\" class=\"OSM_Map olMap\">\n<div id=\"OpenLayers_Map_5_OpenLayers_ViewPort\" class=\"olMapViewport olControlDragPanActive olControlZoomBoxActive olControlPinchZoomActive olControlNavigationActive\">\n<div id=\"OpenLayers_Control_PanZoom_3\" class=\"olControlPanZoom olControlNoSelect\">\n<div id=\"OpenLayers_Control_PanZoom_3_zoomout\" class=\"olButton\">\n<div id=\"ShortCode_Div\">\n\n\t\t\t\t<div id=\"map_ol3js_1\" class=\"map undefined\" data-map_name=\"undefined\" data-map=\"map_ol3js_1\" style=\"width:100%; max-width:100%; height:450px; display:block; overflow:hidden;border:2px solid grey;\" >\n\t\t\t\t  <div id=\"map_ol3js_1_popup\" class=\"ol-popup\" >\n\t\t\t\t\t<a href=\"#\" id=\"map_ol3js_1_popup-closer\" class=\"ol-popup-closer\"><\/a>\n\t\t\t\t\t<div id=\"map_ol3js_1_popup-content\" ><\/div>\n\t\t\t\t  <\/div>\n\t\t\t\t<\/div>\n\t\t\t\n\n\t\t\t\t<script type=\"text\/javascript\">\n\t\t\t\t\ttranslations['openlayer'] = \"open layer\";\n\t\t\t\t\ttranslations['openlayerAtStartup'] = \"open layer at startup\";\n\t\t\t\t\ttranslations['generateLink'] = \"Der Link zur Karte mit ausgew\u00e4hlten Overlays und angezeigtem Ausschnitt\";\n\t\t\t\t\ttranslations['shortDescription'] = \"Kurzbeschreibung\";\n\t\t\t\t\ttranslations['generatedShortCode'] = \"to get a text control link paste this code in your wordpress editor\";\n\t\t\t\t\ttranslations['closeLayer'] = \"close layer\";\n\t\t\t\t\ttranslations['cantGenerateLink'] = \"put this string in the existing map short code to control this map\";\n\t\t\t  <\/script>\n\n\n\t\t\t  <script type=\"text\/javascript\">\n\t\t\t  vectorM['map_ol3js_1'] = [];\n\t        \n        var raster = getTileLayer(\"osm\",\"NoKey\");\t\t\t\n\n\t\t\t  var map_ol3js_1 = new ol.Map({\n\t\t\t\tinteractions: ol.interaction.defaults.defaults({mouseWheelZoom:false}),\n\t\t\t\tlayers: [raster],\n\t\t\t\ttarget: \"map_ol3js_1\",\n\t\t\t\tview: new ol.View({\n\t\t\t\t  center: ol.proj.transform([19.9138,39.5883], \"EPSG:4326\", \"EPSG:3857\"),\n\t\t\t\t  zoom: 9.8\n\t\t\t\t})\n\t\t\t  });\n\t\t\t  osm_addMarkerLayer(map_ol3js_1,19.9051,39.5622,\"http:\/\/nordwind.info\/wp-content\/plugins\/osm\/icons\/mic_black_townhall_10.png\",-16,-41,\"<p><\/p>\") ; \naddControls2Map(map_ol3js_1,0,0,3,0,5,6,7,0,1);\nosm_addPopupClickhandler(map_ol3js_1,  \"map_ol3js_1\"); \nosm_addMouseHover(map_ol3js_1); <\/script><\/div>\n<\/div>\n<\/div>\n<\/div>\n<\/div>\n<p>Kartenausszug OSM<\/p>\n<p style=\"text-align: justify;\">Anfangs setzte sich Sissi mit Theophil Hansen in Verbindung um den Palast zu entwerfen, nach ersten Zeichnungen Hansens, entschied sie sich jedoch aus unbekannten Gr\u00fcnden f\u00fcr Raffaele Carito (und Antonio Landi) aus Neapel, Carito hatte die Entw\u00fcrfe bis 1889 fertiggestellt.<\/p>\n<p><a href=\"http:\/\/nordwind.info\/wp-content\/uploads\/2025\/04\/800px-Achilleion_Terrace_Corfu1.jpg\"><img loading=\"lazy\" decoding=\"async\" class=\"alignleft size-full wp-image-14144\" src=\"http:\/\/nordwind.info\/wp-content\/uploads\/2025\/04\/800px-Achilleion_Terrace_Corfu1.jpg\" alt=\"\" width=\"640\" height=\"480\" srcset=\"http:\/\/nordwind.info\/wp-content\/uploads\/2025\/04\/800px-Achilleion_Terrace_Corfu1.jpg 640w, http:\/\/nordwind.info\/wp-content\/uploads\/2025\/04\/800px-Achilleion_Terrace_Corfu1-300x225.jpg 300w\" sizes=\"auto, (max-width: 640px) 100vw, 640px\" \/><\/a><\/p>\n<p style=\"text-align: justify;\">Im Schlosspark lie\u00df sie die 1884 von Ernst Herter geschaffene Marmorskulptur \u201eSterbender Achill\u201c aufstellen.\u00a0Im Ober-geschoss des Treppenhauses befindet sich ein gro\u00dfes Fresko des \u00f6sterreichischen Malers Franz Matsch aus dem Jahr 1892, das den siegreichen Achilles zeigt, wie er auf einem Streitwagen stehend, den besiegten Hektor vor den Toren von Troja schleift.<\/p>\n<p><a href=\"http:\/\/nordwind.info\/wp-content\/uploads\/2025\/04\/799px-The__Triumph_of_Achilles__fresco_in_Corfu_Achilleion.jpg\"><img loading=\"lazy\" decoding=\"async\" class=\"alignleft size-full wp-image-14145\" src=\"http:\/\/nordwind.info\/wp-content\/uploads\/2025\/04\/799px-The__Triumph_of_Achilles__fresco_in_Corfu_Achilleion.jpg\" alt=\"\" width=\"640\" height=\"301\" srcset=\"http:\/\/nordwind.info\/wp-content\/uploads\/2025\/04\/799px-The__Triumph_of_Achilles__fresco_in_Corfu_Achilleion.jpg 640w, http:\/\/nordwind.info\/wp-content\/uploads\/2025\/04\/799px-The__Triumph_of_Achilles__fresco_in_Corfu_Achilleion-300x141.jpg 300w\" sizes=\"auto, (max-width: 640px) 100vw, 640px\" \/><\/a><\/p>\n<p style=\"text-align: justify;\">Bis zu ihrem Tod im Jahr 1898 besuchte Sissi das Achilleion immer wieder. Ihre beiden Kinder Gisela und Marie-Valerie waren nur einmal dort, ihr Gatte Kaiser Franz Joseph hat es nie besucht. Sisi lie\u00df sich einen Teil der Lebensmittel von Hoflieferanten aus Wien mit der \u00f6sterreichischen Lloyd bringen, bei den Weinen bevorzugte sie hingegen stets griechische. Die M\u00f6belage des Achilleion wurde zum Teil sp\u00e4ter zur\u00fcck nach \u00d6sterreich geschafft, um dort \u201ckorfiotische Zimmer\u201d einzurichten, ebenso Tafelgeschirr, Bestecke und Gem\u00e4lde. Diese Gegenst\u00e4nde wurden von den Erben dann gro\u00dfenteils auf dem freien Markt ver\u00e4u\u00dfert.<\/p>\n<p><a href=\"http:\/\/nordwind.info\/wp-content\/uploads\/2025\/04\/Scan10106.jpg\"><img loading=\"lazy\" decoding=\"async\" class=\"alignleft size-full wp-image-14146\" src=\"http:\/\/nordwind.info\/wp-content\/uploads\/2025\/04\/Scan10106.jpg\" alt=\"\" width=\"640\" height=\"441\" srcset=\"http:\/\/nordwind.info\/wp-content\/uploads\/2025\/04\/Scan10106.jpg 640w, http:\/\/nordwind.info\/wp-content\/uploads\/2025\/04\/Scan10106-300x207.jpg 300w\" sizes=\"auto, (max-width: 640px) 100vw, 640px\" \/><\/a><\/p>\n<p style=\"text-align: justify;\">Kaiser Wilhelm II., der schon immer Interesse an diesem Objekt bekundet hatte, kaufte es im Jahr 1907 von den Erben. Der Kaiser lie\u00df 1908 den deutschen\u00a0 Architekten Ernst Ziller beauftragen, Pl\u00e4ne zur\u00a0 Renovierung des\u00a0 Palastes zu erstellen.\u00a0Der fr\u00fcher vorwiegend privat genutzte Palast wurde in ein diplomatisches Zentrum umfunktioniert.<\/p>\n<p><a href=\"http:\/\/nordwind.info\/wp-content\/uploads\/2025\/04\/Scan10104.jpg\"><img loading=\"lazy\" decoding=\"async\" class=\"alignleft size-full wp-image-14147\" src=\"http:\/\/nordwind.info\/wp-content\/uploads\/2025\/04\/Scan10104.jpg\" alt=\"\" width=\"640\" height=\"441\" srcset=\"http:\/\/nordwind.info\/wp-content\/uploads\/2025\/04\/Scan10104.jpg 640w, http:\/\/nordwind.info\/wp-content\/uploads\/2025\/04\/Scan10104-300x207.jpg 300w\" sizes=\"auto, (max-width: 640px) 100vw, 640px\" \/><\/a><\/p>\n<p>Die Einrichtungsgegenst\u00e4nde Sissis wurden zum gro\u00dfen Teil durch Einrichtungs-gegenst\u00e4nde aus Berlin ersetzt. Der Potsdamer Bildhauer Johannes G\u00f6tz wurde damit beauftragt, einen riesenhaften zweiten m\u00e4nnlich-heroischen und vor allem \u201esiegreichen Achilles\u201c mit Schild und Speer zu schaffen und ihn gegen Sisis \u201esterbenden Achilles\u201c zu setzen.<\/p>\n<p><a href=\"http:\/\/nordwind.info\/wp-content\/uploads\/2025\/04\/Scan10103-207x300-1.jpg\"><img loading=\"lazy\" decoding=\"async\" class=\"alignleft size-full wp-image-14148\" src=\"http:\/\/nordwind.info\/wp-content\/uploads\/2025\/04\/Scan10103-207x300-1.jpg\" alt=\"\" width=\"207\" height=\"300\" \/><\/a><\/p>\n<p style=\"text-align: justify;\">Er lie\u00df den \u201esterbenden Achilles\u201c von seinem Hauptplatz im Garten einige Meter nach hinten versetzen und platzierte daf\u00fcr den siegreichen Achill an dessen angestammten Platz. Helm und Speerspitze waren mit Gold \u00fcberzogen und bei klarem Wetter bis zum Hauptort Kerkyra sichtbar. Mittlerweile ist das aufgetragene Gold verwittert und nicht mehr erkennbar. Beide Statuen sind bis heute im Garten des Achilleion zu bewundern.<\/p>\n<p style=\"text-align: justify;\">Eine von Elisabeth aufgestellte Skulptur des Dichters Heinrich Heine, 1873 geschaffen vom d\u00e4nischen Bildhauer Louis Hasselriis, lie\u00df der Kaiser entfernen und ersetzte sie durch eine Skulptur von Elisabeth.<\/p>\n<p>Der Garten des Schlosses erstreckt sich den H\u00fcgel hinunter bis an die K\u00fcstenstra\u00dfe zwischen Korfu-Stadt und Moraitika. F\u00fcr den Garten zust\u00e4ndig war der Botaniker Carl Ludwig Sprenger, er wurde 1914 von Serbischen Soldaten gefangen genommen, die das Anwesen in den Kriegswirren besetzt hatten, wurde aber nach Intervention des korfiotischen Pr\u00e4fekten wieder freigelassen.<\/p>\n<p><a href=\"http:\/\/nordwind.info\/wp-content\/uploads\/2025\/04\/800px-Kaisers_Bridge_in_Corfu.jpg\"><img loading=\"lazy\" decoding=\"async\" class=\"alignleft size-full wp-image-14149\" src=\"http:\/\/nordwind.info\/wp-content\/uploads\/2025\/04\/800px-Kaisers_Bridge_in_Corfu.jpg\" alt=\"\" width=\"640\" height=\"480\" srcset=\"http:\/\/nordwind.info\/wp-content\/uploads\/2025\/04\/800px-Kaisers_Bridge_in_Corfu.jpg 640w, http:\/\/nordwind.info\/wp-content\/uploads\/2025\/04\/800px-Kaisers_Bridge_in_Corfu-300x225.jpg 300w\" sizes=\"auto, (max-width: 640px) 100vw, 640px\" \/><\/a><\/p>\n<p>Gesprengter Zugang zum Hafen<\/p>\n<p><a href=\"http:\/\/nordwind.info\/wp-content\/uploads\/2018\/03\/sh2schluss.gif\"><img loading=\"lazy\" decoding=\"async\" class=\"aligncenter size-full wp-image-2750\" src=\"http:\/\/nordwind.info\/wp-content\/uploads\/2018\/03\/sh2schluss.gif\" alt=\"\" width=\"45\" height=\"66\" \/><\/a><\/p>\n<p><a href=\"#\">Nach oben<\/a><\/p>\n","protected":false},"excerpt":{"rendered":"<p>Das Achilleion ist ein Palast auf Korfu bei Gastouri, etwa sieben\u00a0Kilometer s\u00fcdlich der Inselhauptstadt Korfu, den die \u00f6ster-reichische Kaiserin Elisabeth (Sissi) in den Jahren 1890\u20131892 erbauen lie\u00df. Recherchen: 1988, 2004, 2006 Fundstellen: Google-Maps &nbsp; Es wurde auf dem Grundst\u00fcck des &hellip; <a href=\"http:\/\/nordwind.info\/?page_id=14142\">Weiterlesen <span class=\"meta-nav\">&rarr;<\/span><\/a><\/p>\n","protected":false},"author":1,"featured_media":0,"parent":2400,"menu_order":0,"comment_status":"closed","ping_status":"closed","template":"","meta":{"footnotes":""},"class_list":["post-14142","page","type-page","status-publish","hentry"],"_links":{"self":[{"href":"http:\/\/nordwind.info\/index.php?rest_route=\/wp\/v2\/pages\/14142","targetHints":{"allow":["GET"]}}],"collection":[{"href":"http:\/\/nordwind.info\/index.php?rest_route=\/wp\/v2\/pages"}],"about":[{"href":"http:\/\/nordwind.info\/index.php?rest_route=\/wp\/v2\/types\/page"}],"author":[{"embeddable":true,"href":"http:\/\/nordwind.info\/index.php?rest_route=\/wp\/v2\/users\/1"}],"replies":[{"embeddable":true,"href":"http:\/\/nordwind.info\/index.php?rest_route=%2Fwp%2Fv2%2Fcomments&post=14142"}],"version-history":[{"count":3,"href":"http:\/\/nordwind.info\/index.php?rest_route=\/wp\/v2\/pages\/14142\/revisions"}],"predecessor-version":[{"id":14152,"href":"http:\/\/nordwind.info\/index.php?rest_route=\/wp\/v2\/pages\/14142\/revisions\/14152"}],"up":[{"embeddable":true,"href":"http:\/\/nordwind.info\/index.php?rest_route=\/wp\/v2\/pages\/2400"}],"wp:attachment":[{"href":"http:\/\/nordwind.info\/index.php?rest_route=%2Fwp%2Fv2%2Fmedia&parent=14142"}],"curies":[{"name":"wp","href":"https:\/\/api.w.org\/{rel}","templated":true}]}}