

{"id":14127,"date":"2025-04-11T06:14:10","date_gmt":"2025-04-11T06:14:10","guid":{"rendered":"https:\/\/nordwind.info\/?page_id=14127"},"modified":"2025-04-11T06:41:40","modified_gmt":"2025-04-11T06:41:40","slug":"14127-2","status":"publish","type":"page","link":"http:\/\/nordwind.info\/?page_id=14127","title":{"rendered":"Arco (ITA), Chiesa Trinitatis"},"content":{"rendered":"<p style=\"text-align: justify;\">In Arco kamen wir an der evangelischen Trinitatiskirche nicht vorbei, ohne sie zu besichtigen. Mit ihrem steil aufgerichteten Dach mit den bunten Ziegeln und dem schlanken Turm zieht sie die Blicke auf sich. Sie ist ein architektonisches Kleinod ersten Ranges und soll nun endlich in den n\u00e4chsten Jahren vollends restauriert werden.<\/p>\n<p><a href=\"http:\/\/nordwind.info\/wp-content\/uploads\/2025\/04\/EV2.jpg\"><img loading=\"lazy\" decoding=\"async\" class=\"aligncenter size-full wp-image-14128\" src=\"http:\/\/nordwind.info\/wp-content\/uploads\/2025\/04\/EV2.jpg\" alt=\"\" width=\"640\" height=\"360\" srcset=\"http:\/\/nordwind.info\/wp-content\/uploads\/2025\/04\/EV2.jpg 640w, http:\/\/nordwind.info\/wp-content\/uploads\/2025\/04\/EV2-300x169.jpg 300w\" sizes=\"auto, (max-width: 640px) 100vw, 640px\" \/><\/a><\/p>\n<ul>\n<li>Recherchen: 2011<\/li>\n<li>Fundstellen: <a href=\"https:\/\/www.google.de\/maps\/preview?hl=de#!q=Viale+Roma%2C+23%2C+Arco+TN%2C+Italien&amp;data=!1m4!1m3!1d6209!2d10.88302!3d45.91675!2m1!1e3!4m15!2m14!1m13!1s0x47821159b80d7a29%3A0x6180450c9bd3505d!3m8!1m3!1d3105!2d10.8831089!3d45.9163696!3m2!1i1209!2i859!4f13.1!4m2!3d45.91675!4d10.88302&amp;fid=7\" target=\"_blank\" rel=\"noopener\">Google-Maps<\/a><\/li>\n<\/ul>\n<p><strong>Lage<\/strong><\/p>\n<div id=\"map_1\" class=\"OSM_Map olMap\">\n<div id=\"OpenLayers_Map_5_OpenLayers_ViewPort\" class=\"olMapViewport olControlDragPanActive olControlZoomBoxActive olControlPinchZoomActive olControlNavigationActive\">\n<div id=\"OpenLayers_Map_5_OpenLayers_Container\">\n\n\t\t\t\t<div id=\"map_ol3js_1\" class=\"map undefined\" data-map_name=\"undefined\" data-map=\"map_ol3js_1\" style=\"width:100%; max-width:100%; height:450px; display:block; overflow:hidden;border:2px solid grey;\" >\n\t\t\t\t  <div id=\"map_ol3js_1_popup\" class=\"ol-popup\" >\n\t\t\t\t\t<a href=\"#\" id=\"map_ol3js_1_popup-closer\" class=\"ol-popup-closer\"><\/a>\n\t\t\t\t\t<div id=\"map_ol3js_1_popup-content\" ><\/div>\n\t\t\t\t  <\/div>\n\t\t\t\t<\/div>\n\t\t\t\n\n\t\t\t\t<script type=\"text\/javascript\">\n\t\t\t\t\ttranslations['openlayer'] = \"open layer\";\n\t\t\t\t\ttranslations['openlayerAtStartup'] = \"open layer at startup\";\n\t\t\t\t\ttranslations['generateLink'] = \"Der Link zur Karte mit ausgew\u00e4hlten Overlays und angezeigtem Ausschnitt\";\n\t\t\t\t\ttranslations['shortDescription'] = \"Kurzbeschreibung\";\n\t\t\t\t\ttranslations['generatedShortCode'] = \"to get a text control link paste this code in your wordpress editor\";\n\t\t\t\t\ttranslations['closeLayer'] = \"close layer\";\n\t\t\t\t\ttranslations['cantGenerateLink'] = \"put this string in the existing map short code to control this map\";\n\t\t\t  <\/script>\n\n\n\t\t\t  <script type=\"text\/javascript\">\n\t\t\t  vectorM['map_ol3js_1'] = [];\n\t        \n        var raster = getTileLayer(\"osm\",\"NoKey\");\t\t\t\n\n\t\t\t  var map_ol3js_1 = new ol.Map({\n\t\t\t\tinteractions: ol.interaction.defaults.defaults({mouseWheelZoom:false}),\n\t\t\t\tlayers: [raster],\n\t\t\t\ttarget: \"map_ol3js_1\",\n\t\t\t\tview: new ol.View({\n\t\t\t\t  center: ol.proj.transform([10.8834,45.9169], \"EPSG:4326\", \"EPSG:3857\"),\n\t\t\t\t  zoom: 15.0\n\t\t\t\t})\n\t\t\t  });\n\t\t\t  osm_addMarkerLayer(map_ol3js_1,10.8828,45.9169,\"http:\/\/nordwind.info\/wp-content\/plugins\/osm\/icons\/mic_black_godhouse_10.png\",-16,-41,\"<p><\/p>\") ; \naddControls2Map(map_ol3js_1,0,0,3,0,5,6,7,0,1);\nosm_addPopupClickhandler(map_ol3js_1,  \"map_ol3js_1\"); \nosm_addMouseHover(map_ol3js_1); <\/script><\/div>\n<\/div>\n<\/div>\n<p>Kartenauszug OSM<\/p>\n<p style=\"text-align: justify;\">Mit gro\u00dfem Wagemut \u2013 einhergehend mit einer \u00dcbersch\u00e4tzung der eigenen\u00a0 Kr\u00e4fte \u2013 hatte die evangelische Gemeindegruppe Arco, die sich um die\u00a0 dorthin entsandten Kurprediger gebildet hatte, einst den Kirchenbau\u00a0 betrieben. 1878 waren die ersten evangelischen Gottesdienste in Arco mit dem\u00a0 Meraner Pfarrer Richter gefeiert worden. Ab Herbst 1885 wurde jeweils\u00a0 f\u00fcr die Kursaison vom \u201cVerein f\u00fcr die Einrichtung deutsch-evangelischer\u00a0 Gottesdienste in Curorten\u201d mit Sitz in Frankfurt ein evangelischer\u00a0 Kurseelsorger nach Arco geschickt.<\/p>\n<p><a href=\"http:\/\/nordwind.info\/wp-content\/uploads\/2025\/04\/EV3.jpg\"><img loading=\"lazy\" decoding=\"async\" class=\"alignleft size-full wp-image-14129\" src=\"http:\/\/nordwind.info\/wp-content\/uploads\/2025\/04\/EV3.jpg\" alt=\"\" width=\"640\" height=\"360\" srcset=\"http:\/\/nordwind.info\/wp-content\/uploads\/2025\/04\/EV3.jpg 640w, http:\/\/nordwind.info\/wp-content\/uploads\/2025\/04\/EV3-300x169.jpg 300w\" sizes=\"auto, (max-width: 640px) 100vw, 640px\" \/><\/a><\/p>\n<p>&nbsp;<\/p>\n<p style=\"text-align: justify;\">Ab 1895\/96 erfolgte die Beauftragung\u00a0 durch das Presbyterium der Evangelischen Gemeinde Meran Die wechselnden R\u00e4ume f\u00fcr die evangelischen Gottesdienste erwiesen sich\u00a0 als ungeeignet, u.a. zu kalt und zu klein. Es entstand der Wunsch, in\u00a0 einer eigenen Kirche die Gottesdienste zu feiern. Es bot sich die\u00a0 Gelegenheit zum Erwerb eines g\u00fcnstig gelegenen Grundst\u00fccks, eines\u00a0 Weingartens im Erweiterungsgebiet s\u00fcdlich der Altstadt Arcos. Das\u00a0 Verm\u00e4chtnis eines Meraner Presbyteriumsmitglieds erm\u00f6glichte die\u00a0 Finanzierung. Anfang 1892 wurde der Baugrund gekauft. Mit dem Entwurf beauftragte das Comit\u00e9 der Evangelischen in Arco den aus Hamburg stammenden und damals in Meran lebenden Maler und Architekten\u00a0 Heinrich Fricke (1860-1917). Er entwarf in \u00e4u\u00dferst eigenwilliger Weise &#8211;\u00a0 verschiedene Stile mischend \u2013 die gesamte Trinitatiskirche \u201cvom\u00a0 Turmknopf bis zum letzten T\u00fcrdr\u00fccker\u201d.<\/p>\n<p>&nbsp;<\/p>\n<p style=\"text-align: justify;\">1896\/97 wurde die Predigtstation Arco (innerhalb der Evangelischen Gemeinde A.B. Meran) rechtlich begr\u00fcndet, am 31.3.1897 wurde der Grundstein f\u00fcr die Trinitatiskirche gelegt. Mit der Bauausf\u00fchrung wurde die Firma Paolo Peterlongo &amp; Francesco Tomasi aus Riva beauftragt, weil in Arco die katholische Kirche und die politische F\u00fchrung den dritten evangelischen Kirchenbau in Tirol ablehnten.<\/p>\n<p style=\"text-align: justify;\">Kurz war die Bl\u00fctezeit vor dem 1. Weltkrieg. Nachdem 1915 Italien \u00d6sterreich den Krieg erkl\u00e4rte, kam das Gemeindeleben zun\u00e4chst zum Erliegen. Die Kirche, durch eine italienische Granate besch\u00e4digt, wurde bis 1920 zun\u00e4chst als Magazin und als Unterkunft f\u00fcr Soldaten und Pferde ben\u00fctzt. Erst 1924 fand wieder ein evangelischer Gottesdienst in ihr statt. 1926 wurden von der Familie Adolff (Backnang) die beiden Glocken, die die urspr\u00fcnglichen und im Krieg konfiszierten Glocken ersetzten, gestiftet. Aber es war nicht m\u00f6glich, den evangelischen Gottesdienst in der Kirche lange zu erhalten.<\/p>\n<p style=\"text-align: justify;\">Von 1934 bis 1968 war sie vermietet an die katholische Kirche und hie\u00df \u201eChiesa di S. Teresa\u201c. Von den damaligen Umgestaltungen blieb unter anderem die Marmorplatte, die nun in die h\u00f6lzerne Altarplatte eingef\u00fcgt ist.<\/p>\n<p>&nbsp;<\/p>\n<p style=\"text-align: justify;\">Zum Christfest am 25.12.1971 feierten die Evangelischen mit dem Lektor und Urlaubsseelsorger und sp\u00e4teren Ehrenb\u00fcrger von Arco Otto Zanfrini wieder den ersten evangelischen Gottesdienst in der Trinitatiskirche. 1976 erlitt sie durch das schwere Erdbeben in Friaul weitere Sch\u00e4den. 1991 bis 1994 wurden \u2013 nun auch mit Hilfe der Provinz Trient und der Stadtgemeinde Arco \u2013 das Dach und Teile des Innern renoviert. Seither harrt die Kirche auf die Fortf\u00fchrung der Sanierung und Restaurierung, die nun endlich nach neusten Informationen seitens des Architekten Giovanazzi (Trient) in Sicht ist. So hoffen die Evangelische Gemeinde Meran und ihre Gemeindegruppe in Arco, dass sich die Evangelische Trinitatiskirche zu Arco in wenigen Jahren vollends wiederhergestellt mit ihren originellen Gestaltungselementen pr\u00e4sentieren kann.<\/p>\n<p style=\"text-align: justify;\">So wie sich in ihr Elemente norddeutscher Bauart mit Tiroler Tradition, Neugotik und moderne in Richtung Jugendstil weisende Gestaltung mischen, so m\u00f6gen in ihr die Begegnung zwischen Menschen aus unterschiedlichen Breiten und Traditionen zu einem freundlichen Miteinander f\u00fchren \u2013 bei evangelischen Gottesdiensten, Treffen von Urlaubern und Gemeindemitgliedern und kulturellen Veranstaltungen, die immer wieder auch in Zusammenarbeit mit der katholische Kirche und der Stadtgemeinde Arco gestaltet werden.<\/p>\n<p>Diese Beschreibung der Trinitatiskirche liegt in der Kirche aus. (Quelle: H. H. Reimer, Lutherisch in S\u00fcdtirol, Edition Raetia, Bozen 2009)<\/p>\n","protected":false},"excerpt":{"rendered":"<p>In Arco kamen wir an der evangelischen Trinitatiskirche nicht vorbei, ohne sie zu besichtigen. Mit ihrem steil aufgerichteten Dach mit den bunten Ziegeln und dem schlanken Turm zieht sie die Blicke auf sich. Sie ist ein architektonisches Kleinod ersten Ranges &hellip; <a href=\"http:\/\/nordwind.info\/?page_id=14127\">Weiterlesen <span class=\"meta-nav\">&rarr;<\/span><\/a><\/p>\n","protected":false},"author":1,"featured_media":0,"parent":14133,"menu_order":0,"comment_status":"closed","ping_status":"closed","template":"","meta":{"footnotes":""},"class_list":["post-14127","page","type-page","status-publish","hentry"],"_links":{"self":[{"href":"http:\/\/nordwind.info\/index.php?rest_route=\/wp\/v2\/pages\/14127","targetHints":{"allow":["GET"]}}],"collection":[{"href":"http:\/\/nordwind.info\/index.php?rest_route=\/wp\/v2\/pages"}],"about":[{"href":"http:\/\/nordwind.info\/index.php?rest_route=\/wp\/v2\/types\/page"}],"author":[{"embeddable":true,"href":"http:\/\/nordwind.info\/index.php?rest_route=\/wp\/v2\/users\/1"}],"replies":[{"embeddable":true,"href":"http:\/\/nordwind.info\/index.php?rest_route=%2Fwp%2Fv2%2Fcomments&post=14127"}],"version-history":[{"count":4,"href":"http:\/\/nordwind.info\/index.php?rest_route=\/wp\/v2\/pages\/14127\/revisions"}],"predecessor-version":[{"id":14141,"href":"http:\/\/nordwind.info\/index.php?rest_route=\/wp\/v2\/pages\/14127\/revisions\/14141"}],"up":[{"embeddable":true,"href":"http:\/\/nordwind.info\/index.php?rest_route=\/wp\/v2\/pages\/14133"}],"wp:attachment":[{"href":"http:\/\/nordwind.info\/index.php?rest_route=%2Fwp%2Fv2%2Fmedia&parent=14127"}],"curies":[{"name":"wp","href":"https:\/\/api.w.org\/{rel}","templated":true}]}}