

{"id":13917,"date":"2025-03-15T04:59:58","date_gmt":"2025-03-15T04:59:58","guid":{"rendered":"http:\/\/nordwind.info\/?page_id=13917"},"modified":"2025-03-15T04:59:58","modified_gmt":"2025-03-15T04:59:58","slug":"071000-bf-eystrup","status":"publish","type":"page","link":"http:\/\/nordwind.info\/?page_id=13917","title":{"rendered":"071,000 \u2013 Bf Eystrup"},"content":{"rendered":"\n\n\t\t\t\t<div id=\"map_ol3js_1\" class=\"map undefined\" data-map_name=\"undefined\" data-map=\"map_ol3js_1\" style=\"width:100%; max-width:100%; height:450px; display:block; overflow:hidden;border:thin solid;\" >\n\t\t\t\t  <div id=\"map_ol3js_1_popup\" class=\"ol-popup\" >\n\t\t\t\t\t<a href=\"#\" id=\"map_ol3js_1_popup-closer\" class=\"ol-popup-closer\"><\/a>\n\t\t\t\t\t<div id=\"map_ol3js_1_popup-content\" ><\/div>\n\t\t\t\t  <\/div>\n\t\t\t\t<\/div>\n\t\t\t\n\n\t\t\t\t<script type=\"text\/javascript\">\n\t\t\t\t\ttranslations['openlayer'] = \"open layer\";\n\t\t\t\t\ttranslations['openlayerAtStartup'] = \"open layer at startup\";\n\t\t\t\t\ttranslations['generateLink'] = \"Der Link zur Karte mit ausgew\u00e4hlten Overlays und angezeigtem Ausschnitt\";\n\t\t\t\t\ttranslations['shortDescription'] = \"Kurzbeschreibung\";\n\t\t\t\t\ttranslations['generatedShortCode'] = \"to get a text control link paste this code in your wordpress editor\";\n\t\t\t\t\ttranslations['closeLayer'] = \"close layer\";\n\t\t\t\t\ttranslations['cantGenerateLink'] = \"put this string in the existing map short code to control this map\";\n\t\t\t  <\/script>\n\n\n\t\t\t  <script type=\"text\/javascript\">\n\t\t\t  vectorM['map_ol3js_1'] = [];\n\t        \n        var raster = getTileLayer(\"\",\"NoKey\");\t\t\t\n\n\t\t\t  var map_ol3js_1 = new ol.Map({\n\t\t\t\tinteractions: ol.interaction.defaults.defaults({mouseWheelZoom:false}),\n\t\t\t\tlayers: [raster],\n\t\t\t\ttarget: \"map_ol3js_1\",\n\t\t\t\tview: new ol.View({\n\t\t\t\t  center: ol.proj.transform([9.2311,52.7838], \"EPSG:4326\", \"EPSG:3857\"),\n\t\t\t\t  zoom: 14\n\t\t\t\t})\n\t\t\t  });\n\t\t\t  addControls2Map(map_ol3js_1,0,0,3,0,5,6,7,0,1);\nosm_addPopupClickhandler(map_ol3js_1,  \"map_ol3js_1\"); \nosm_addMouseHover(map_ol3js_1); <\/script>\n<p>Auszug OSM<\/p>\n<p><a href=\"http:\/\/nordwind.info\/wp-content\/uploads\/2018\/03\/Eystrup.jpg\"><img loading=\"lazy\" decoding=\"async\" class=\"aligncenter size-large wp-image-3396\" src=\"http:\/\/nordwind.info\/wp-content\/uploads\/2018\/03\/Eystrup-1024x425.jpg\" alt=\"\" width=\"640\" height=\"266\" srcset=\"http:\/\/nordwind.info\/wp-content\/uploads\/2018\/03\/Eystrup-1024x425.jpg 1024w, http:\/\/nordwind.info\/wp-content\/uploads\/2018\/03\/Eystrup-300x125.jpg 300w, http:\/\/nordwind.info\/wp-content\/uploads\/2018\/03\/Eystrup-768x319.jpg 768w, http:\/\/nordwind.info\/wp-content\/uploads\/2018\/03\/Eystrup.jpg 2000w\" sizes=\"auto, (max-width: 640px) 100vw, 640px\" \/><\/a><\/p>\n<p>Lageplan<\/p>\n<p><img loading=\"lazy\" decoding=\"async\" class=\"alignnone size-full wp-image-13909\" src=\"http:\/\/nordwind.info\/wp-content\/uploads\/2025\/03\/1920-bahnhofsgebaeude-1.jpg\" alt=\"\" width=\"797\" height=\"481\" srcset=\"http:\/\/nordwind.info\/wp-content\/uploads\/2025\/03\/1920-bahnhofsgebaeude-1.jpg 797w, http:\/\/nordwind.info\/wp-content\/uploads\/2025\/03\/1920-bahnhofsgebaeude-1-300x181.jpg 300w, http:\/\/nordwind.info\/wp-content\/uploads\/2025\/03\/1920-bahnhofsgebaeude-1-768x463.jpg 768w\" sizes=\"auto, (max-width: 797px) 100vw, 797px\" \/><\/p>\n<p>1920<\/p>\n<p><img loading=\"lazy\" decoding=\"async\" class=\"alignnone size-large wp-image-13911\" src=\"http:\/\/nordwind.info\/wp-content\/uploads\/2025\/03\/Eystrup-001-1024x582.jpg\" alt=\"\" width=\"640\" height=\"364\" srcset=\"http:\/\/nordwind.info\/wp-content\/uploads\/2025\/03\/Eystrup-001-1024x582.jpg 1024w, http:\/\/nordwind.info\/wp-content\/uploads\/2025\/03\/Eystrup-001-300x171.jpg 300w, http:\/\/nordwind.info\/wp-content\/uploads\/2025\/03\/Eystrup-001-768x437.jpg 768w, http:\/\/nordwind.info\/wp-content\/uploads\/2025\/03\/Eystrup-001.jpg 1280w\" sizes=\"auto, (max-width: 640px) 100vw, 640px\" \/><\/p>\n<p><a href=\"http:\/\/nordwind.info\/wp-content\/uploads\/2019\/11\/1740_710_EG_Gleis_k.jpg\">.<\/a><\/p>\n<p><a href=\"http:\/\/nordwind.info\/wp-content\/uploads\/2019\/11\/1740_710_EG_Gleis_k.jpg\"><img loading=\"lazy\" decoding=\"async\" class=\"aligncenter size-large wp-image-8235\" src=\"http:\/\/nordwind.info\/wp-content\/uploads\/2019\/11\/1740_710_EG_Gleis_k-1024x772.jpg\" alt=\"\" width=\"640\" height=\"483\" srcset=\"http:\/\/nordwind.info\/wp-content\/uploads\/2019\/11\/1740_710_EG_Gleis_k-1024x772.jpg 1024w, http:\/\/nordwind.info\/wp-content\/uploads\/2019\/11\/1740_710_EG_Gleis_k-300x226.jpg 300w, http:\/\/nordwind.info\/wp-content\/uploads\/2019\/11\/1740_710_EG_Gleis_k-768x579.jpg 768w, http:\/\/nordwind.info\/wp-content\/uploads\/2019\/11\/1740_710_EG_Gleis_k.jpg 1100w\" sizes=\"auto, (max-width: 640px) 100vw, 640px\" \/><\/a><\/p>\n<p>Gleisseite<\/p>\n<p><a href=\"http:\/\/nordwind.info\/wp-content\/uploads\/2019\/11\/1740_710_EG_Strasse_g.jpg\"><img loading=\"lazy\" decoding=\"async\" class=\"aligncenter size-large wp-image-8232\" src=\"http:\/\/nordwind.info\/wp-content\/uploads\/2019\/11\/1740_710_EG_Strasse_g-1024x772.jpg\" alt=\"\" width=\"640\" height=\"483\" srcset=\"http:\/\/nordwind.info\/wp-content\/uploads\/2019\/11\/1740_710_EG_Strasse_g-1024x772.jpg 1024w, http:\/\/nordwind.info\/wp-content\/uploads\/2019\/11\/1740_710_EG_Strasse_g-300x226.jpg 300w, http:\/\/nordwind.info\/wp-content\/uploads\/2019\/11\/1740_710_EG_Strasse_g-768x579.jpg 768w, http:\/\/nordwind.info\/wp-content\/uploads\/2019\/11\/1740_710_EG_Strasse_g.jpg 1100w\" sizes=\"auto, (max-width: 640px) 100vw, 640px\" \/><\/a><\/p>\n<p>Stra\u00dfenseite<\/p>\n<p><img loading=\"lazy\" decoding=\"async\" class=\"alignnone size-large wp-image-13905\" src=\"http:\/\/nordwind.info\/wp-content\/uploads\/2025\/03\/1740_710_Ga_gleis_g-1024x768.jpg\" alt=\"\" width=\"640\" height=\"480\" srcset=\"http:\/\/nordwind.info\/wp-content\/uploads\/2025\/03\/1740_710_Ga_gleis_g-1024x768.jpg 1024w, http:\/\/nordwind.info\/wp-content\/uploads\/2025\/03\/1740_710_Ga_gleis_g-300x225.jpg 300w, http:\/\/nordwind.info\/wp-content\/uploads\/2025\/03\/1740_710_Ga_gleis_g-768x576.jpg 768w, http:\/\/nordwind.info\/wp-content\/uploads\/2025\/03\/1740_710_Ga_gleis_g.jpg 1100w\" sizes=\"auto, (max-width: 640px) 100vw, 640px\" \/><\/p>\n<p>G\u00fcterabfertigung<\/p>\n<p><img loading=\"lazy\" decoding=\"async\" class=\"alignnone wp-image-13906 size-large\" src=\"http:\/\/nordwind.info\/wp-content\/uploads\/2025\/03\/1740_710_Ga_strasse_g-1024x687.jpg\" alt=\"\" width=\"640\" height=\"429\" srcset=\"http:\/\/nordwind.info\/wp-content\/uploads\/2025\/03\/1740_710_Ga_strasse_g-1024x687.jpg 1024w, http:\/\/nordwind.info\/wp-content\/uploads\/2025\/03\/1740_710_Ga_strasse_g-300x201.jpg 300w, http:\/\/nordwind.info\/wp-content\/uploads\/2025\/03\/1740_710_Ga_strasse_g-768x515.jpg 768w, http:\/\/nordwind.info\/wp-content\/uploads\/2025\/03\/1740_710_Ga_strasse_g.jpg 1100w\" sizes=\"auto, (max-width: 640px) 100vw, 640px\" \/><\/p>\n<p>Stra\u00dfenseite<\/p>\n<p><img loading=\"lazy\" decoding=\"async\" class=\"alignnone size-large wp-image-13915\" src=\"http:\/\/nordwind.info\/wp-content\/uploads\/2025\/03\/Eystrup-024-1024x598.jpg\" alt=\"\" width=\"640\" height=\"374\" srcset=\"http:\/\/nordwind.info\/wp-content\/uploads\/2025\/03\/Eystrup-024-1024x598.jpg 1024w, http:\/\/nordwind.info\/wp-content\/uploads\/2025\/03\/Eystrup-024-300x175.jpg 300w, http:\/\/nordwind.info\/wp-content\/uploads\/2025\/03\/Eystrup-024-768x448.jpg 768w, http:\/\/nordwind.info\/wp-content\/uploads\/2025\/03\/Eystrup-024.jpg 1280w\" sizes=\"auto, (max-width: 640px) 100vw, 640px\" \/><\/p>\n<p>Stellwerk Ef<\/p>\n<p><img loading=\"lazy\" decoding=\"async\" class=\"alignnone size-large wp-image-13912\" src=\"http:\/\/nordwind.info\/wp-content\/uploads\/2025\/03\/Eystrup-022-1024x666.jpg\" alt=\"\" width=\"640\" height=\"416\" srcset=\"http:\/\/nordwind.info\/wp-content\/uploads\/2025\/03\/Eystrup-022-1024x666.jpg 1024w, http:\/\/nordwind.info\/wp-content\/uploads\/2025\/03\/Eystrup-022-300x195.jpg 300w, http:\/\/nordwind.info\/wp-content\/uploads\/2025\/03\/Eystrup-022-768x499.jpg 768w, http:\/\/nordwind.info\/wp-content\/uploads\/2025\/03\/Eystrup-022.jpg 1280w\" sizes=\"auto, (max-width: 640px) 100vw, 640px\" \/><\/p>\n<p>Stellwerk En<\/p>\n<p><img loading=\"lazy\" decoding=\"async\" class=\"alignnone size-large wp-image-13907\" src=\"http:\/\/nordwind.info\/wp-content\/uploads\/2025\/03\/1740_710_Stw_g-1024x768.jpg\" alt=\"\" width=\"640\" height=\"480\" srcset=\"http:\/\/nordwind.info\/wp-content\/uploads\/2025\/03\/1740_710_Stw_g-1024x768.jpg 1024w, http:\/\/nordwind.info\/wp-content\/uploads\/2025\/03\/1740_710_Stw_g-300x225.jpg 300w, http:\/\/nordwind.info\/wp-content\/uploads\/2025\/03\/1740_710_Stw_g-768x576.jpg 768w, http:\/\/nordwind.info\/wp-content\/uploads\/2025\/03\/1740_710_Stw_g.jpg 1100w\" sizes=\"auto, (max-width: 640px) 100vw, 640px\" \/><\/p>\n<p>Stellwerk Ef neu<\/p>\n<ul>\n<li>&gt;&gt;&gt; <a href=\"http:\/\/nordwind.info\/?page_id=13897\">Bf D\u00f6rverden<\/a><\/li>\n<li>&lt;&lt;&lt; <a href=\"http:\/\/nordwind.info\/?page_id=13878\">Bf Rohrsen (b Nienburg)<\/a><\/li>\n<\/ul>\n<p><a href=\"http:\/\/nordwind.info\/wp-content\/uploads\/2018\/03\/sh2schluss.gif\"><img loading=\"lazy\" decoding=\"async\" class=\"aligncenter size-full wp-image-2750\" src=\"http:\/\/nordwind.info\/wp-content\/uploads\/2018\/03\/sh2schluss.gif\" alt=\"\" width=\"45\" height=\"66\" \/><\/a><\/p>\n<p><a href=\"#\">Nach oben<\/a><\/p>\n<p>&nbsp;<\/p>\n","protected":false},"excerpt":{"rendered":"<p>Auszug OSM Lageplan 1920 . Gleisseite Stra\u00dfenseite G\u00fcterabfertigung Stra\u00dfenseite Stellwerk Ef Stellwerk En Stellwerk Ef neu &gt;&gt;&gt; Bf D\u00f6rverden &lt;&lt;&lt; Bf Rohrsen (b Nienburg) Nach oben &nbsp;<\/p>\n","protected":false},"author":1,"featured_media":0,"parent":11956,"menu_order":0,"comment_status":"closed","ping_status":"closed","template":"","meta":{"footnotes":""},"class_list":["post-13917","page","type-page","status-publish","hentry"],"_links":{"self":[{"href":"http:\/\/nordwind.info\/index.php?rest_route=\/wp\/v2\/pages\/13917","targetHints":{"allow":["GET"]}}],"collection":[{"href":"http:\/\/nordwind.info\/index.php?rest_route=\/wp\/v2\/pages"}],"about":[{"href":"http:\/\/nordwind.info\/index.php?rest_route=\/wp\/v2\/types\/page"}],"author":[{"embeddable":true,"href":"http:\/\/nordwind.info\/index.php?rest_route=\/wp\/v2\/users\/1"}],"replies":[{"embeddable":true,"href":"http:\/\/nordwind.info\/index.php?rest_route=%2Fwp%2Fv2%2Fcomments&post=13917"}],"version-history":[{"count":1,"href":"http:\/\/nordwind.info\/index.php?rest_route=\/wp\/v2\/pages\/13917\/revisions"}],"predecessor-version":[{"id":13918,"href":"http:\/\/nordwind.info\/index.php?rest_route=\/wp\/v2\/pages\/13917\/revisions\/13918"}],"up":[{"embeddable":true,"href":"http:\/\/nordwind.info\/index.php?rest_route=\/wp\/v2\/pages\/11956"}],"wp:attachment":[{"href":"http:\/\/nordwind.info\/index.php?rest_route=%2Fwp%2Fv2%2Fmedia&parent=13917"}],"curies":[{"name":"wp","href":"https:\/\/api.w.org\/{rel}","templated":true}]}}