

{"id":13712,"date":"2025-03-12T03:22:49","date_gmt":"2025-03-12T03:22:49","guid":{"rendered":"https:\/\/nordwind.info\/?page_id=13712"},"modified":"2025-03-12T03:22:49","modified_gmt":"2025-03-12T03:22:49","slug":"38100-bf-walsrode","status":"publish","type":"page","link":"http:\/\/nordwind.info\/?page_id=13712","title":{"rendered":"38,100 \u2013 Bf Walsrode"},"content":{"rendered":"<div id=\"ShortCode_Div\">\n\n\t\t\t\t<div id=\"map_ol3js_1\" class=\"map undefined\" data-map_name=\"undefined\" data-map=\"map_ol3js_1\" style=\"width:100%; max-width:100%; height:450px; display:block; overflow:hidden;border:2px solid grey;\" >\n\t\t\t\t  <div id=\"map_ol3js_1_popup\" class=\"ol-popup\" >\n\t\t\t\t\t<a href=\"#\" id=\"map_ol3js_1_popup-closer\" class=\"ol-popup-closer\"><\/a>\n\t\t\t\t\t<div id=\"map_ol3js_1_popup-content\" ><\/div>\n\t\t\t\t  <\/div>\n\t\t\t\t<\/div>\n\t\t\t\n\n\t\t\t\t<script type=\"text\/javascript\">\n\t\t\t\t\ttranslations['openlayer'] = \"open layer\";\n\t\t\t\t\ttranslations['openlayerAtStartup'] = \"open layer at startup\";\n\t\t\t\t\ttranslations['generateLink'] = \"Der Link zur Karte mit ausgew\u00e4hlten Overlays und angezeigtem Ausschnitt\";\n\t\t\t\t\ttranslations['shortDescription'] = \"Kurzbeschreibung\";\n\t\t\t\t\ttranslations['generatedShortCode'] = \"to get a text control link paste this code in your wordpress editor\";\n\t\t\t\t\ttranslations['closeLayer'] = \"close layer\";\n\t\t\t\t\ttranslations['cantGenerateLink'] = \"put this string in the existing map short code to control this map\";\n\t\t\t  <\/script>\n\n\n\t\t\t  <script type=\"text\/javascript\">\n\t\t\t  vectorM['map_ol3js_1'] = [];\n\t        \n        var raster = getTileLayer(\"osm\",\"NoKey\");\t\t\t\n\n\t\t\t  var map_ol3js_1 = new ol.Map({\n\t\t\t\tinteractions: ol.interaction.defaults.defaults({mouseWheelZoom:false}),\n\t\t\t\tlayers: [raster],\n\t\t\t\ttarget: \"map_ol3js_1\",\n\t\t\t\tview: new ol.View({\n\t\t\t\t  center: ol.proj.transform([9.6017,52.8648], \"EPSG:4326\", \"EPSG:3857\"),\n\t\t\t\t  zoom: 15.0\n\t\t\t\t})\n\t\t\t  });\n\t\t\t  addControls2Map(map_ol3js_1,0,0,3,0,5,6,7,0,1);\nosm_addPopupClickhandler(map_ol3js_1,  \"map_ol3js_1\"); \nosm_addMouseHover(map_ol3js_1); <\/script><\/div>\n<p>OSM<\/p>\n<p><a href=\"http:\/\/nordwind.info\/wp-content\/uploads\/2025\/03\/38100-Bf-Walsrode-Strasse-2.jpg\"><img loading=\"lazy\" decoding=\"async\" class=\"aligncenter size-full wp-image-13695\" src=\"http:\/\/nordwind.info\/wp-content\/uploads\/2025\/03\/38100-Bf-Walsrode-Strasse-2.jpg\" alt=\"\" width=\"1920\" height=\"1080\" srcset=\"http:\/\/nordwind.info\/wp-content\/uploads\/2025\/03\/38100-Bf-Walsrode-Strasse-2.jpg 1920w, http:\/\/nordwind.info\/wp-content\/uploads\/2025\/03\/38100-Bf-Walsrode-Strasse-2-300x169.jpg 300w, http:\/\/nordwind.info\/wp-content\/uploads\/2025\/03\/38100-Bf-Walsrode-Strasse-2-1024x576.jpg 1024w, http:\/\/nordwind.info\/wp-content\/uploads\/2025\/03\/38100-Bf-Walsrode-Strasse-2-768x432.jpg 768w, http:\/\/nordwind.info\/wp-content\/uploads\/2025\/03\/38100-Bf-Walsrode-Strasse-2-1536x864.jpg 1536w\" sizes=\"auto, (max-width: 1920px) 100vw, 1920px\" \/><\/a>Stra\u00dfenseite<\/p>\n<p><a href=\"http:\/\/nordwind.info\/wp-content\/uploads\/2025\/03\/62000-Walsrode-2.jpg\"><img loading=\"lazy\" decoding=\"async\" class=\"aligncenter size-full wp-image-13698\" src=\"http:\/\/nordwind.info\/wp-content\/uploads\/2025\/03\/62000-Walsrode-2.jpg\" alt=\"\" width=\"1920\" height=\"1080\" srcset=\"http:\/\/nordwind.info\/wp-content\/uploads\/2025\/03\/62000-Walsrode-2.jpg 1920w, http:\/\/nordwind.info\/wp-content\/uploads\/2025\/03\/62000-Walsrode-2-300x169.jpg 300w, http:\/\/nordwind.info\/wp-content\/uploads\/2025\/03\/62000-Walsrode-2-1024x576.jpg 1024w, http:\/\/nordwind.info\/wp-content\/uploads\/2025\/03\/62000-Walsrode-2-768x432.jpg 768w, http:\/\/nordwind.info\/wp-content\/uploads\/2025\/03\/62000-Walsrode-2-1536x864.jpg 1536w\" sizes=\"auto, (max-width: 1920px) 100vw, 1920px\" \/><\/a>Stra\u00dfenseite<\/p>\n<p><a href=\"http:\/\/nordwind.info\/wp-content\/uploads\/2025\/03\/62000-Walsrode-Gleisseite.jpg\"><img loading=\"lazy\" decoding=\"async\" class=\"aligncenter size-full wp-image-13700\" src=\"http:\/\/nordwind.info\/wp-content\/uploads\/2025\/03\/62000-Walsrode-Gleisseite.jpg\" alt=\"\" width=\"1920\" height=\"1080\" srcset=\"http:\/\/nordwind.info\/wp-content\/uploads\/2025\/03\/62000-Walsrode-Gleisseite.jpg 1920w, http:\/\/nordwind.info\/wp-content\/uploads\/2025\/03\/62000-Walsrode-Gleisseite-300x169.jpg 300w, http:\/\/nordwind.info\/wp-content\/uploads\/2025\/03\/62000-Walsrode-Gleisseite-1024x576.jpg 1024w, http:\/\/nordwind.info\/wp-content\/uploads\/2025\/03\/62000-Walsrode-Gleisseite-768x432.jpg 768w, http:\/\/nordwind.info\/wp-content\/uploads\/2025\/03\/62000-Walsrode-Gleisseite-1536x864.jpg 1536w\" sizes=\"auto, (max-width: 1920px) 100vw, 1920px\" \/><\/a>Gleisseite<\/p>\n<p><a href=\"http:\/\/nordwind.info\/wp-content\/uploads\/2025\/03\/62000-Walsrode-Ga.jpg\"><img loading=\"lazy\" decoding=\"async\" class=\"aligncenter size-full wp-image-13702\" src=\"http:\/\/nordwind.info\/wp-content\/uploads\/2025\/03\/62000-Walsrode-Ga.jpg\" alt=\"\" width=\"1920\" height=\"1080\" srcset=\"http:\/\/nordwind.info\/wp-content\/uploads\/2025\/03\/62000-Walsrode-Ga.jpg 1920w, http:\/\/nordwind.info\/wp-content\/uploads\/2025\/03\/62000-Walsrode-Ga-300x169.jpg 300w, http:\/\/nordwind.info\/wp-content\/uploads\/2025\/03\/62000-Walsrode-Ga-1024x576.jpg 1024w, http:\/\/nordwind.info\/wp-content\/uploads\/2025\/03\/62000-Walsrode-Ga-768x432.jpg 768w, http:\/\/nordwind.info\/wp-content\/uploads\/2025\/03\/62000-Walsrode-Ga-1536x864.jpg 1536w\" sizes=\"auto, (max-width: 1920px) 100vw, 1920px\" \/><\/a><\/p>\n<p>G\u00fcterabfertigung<\/p>\n<p><a href=\"http:\/\/nordwind.info\/wp-content\/uploads\/2025\/03\/62000-Walsrode-Bahnsteig-1.jpg\"><img loading=\"lazy\" decoding=\"async\" class=\"aligncenter size-full wp-image-13699\" src=\"http:\/\/nordwind.info\/wp-content\/uploads\/2025\/03\/62000-Walsrode-Bahnsteig-1.jpg\" alt=\"\" width=\"1920\" height=\"1080\" srcset=\"http:\/\/nordwind.info\/wp-content\/uploads\/2025\/03\/62000-Walsrode-Bahnsteig-1.jpg 1920w, http:\/\/nordwind.info\/wp-content\/uploads\/2025\/03\/62000-Walsrode-Bahnsteig-1-300x169.jpg 300w, http:\/\/nordwind.info\/wp-content\/uploads\/2025\/03\/62000-Walsrode-Bahnsteig-1-1024x576.jpg 1024w, http:\/\/nordwind.info\/wp-content\/uploads\/2025\/03\/62000-Walsrode-Bahnsteig-1-768x432.jpg 768w, http:\/\/nordwind.info\/wp-content\/uploads\/2025\/03\/62000-Walsrode-Bahnsteig-1-1536x864.jpg 1536w\" sizes=\"auto, (max-width: 1920px) 100vw, 1920px\" \/><\/a><\/p>\n<p>Bahnsteig<\/p>\n<p><a href=\"http:\/\/nordwind.info\/wp-content\/uploads\/2025\/03\/62000-Walsrode-Gleise-Richtung-Suden.jpg\"><img loading=\"lazy\" decoding=\"async\" class=\"aligncenter size-full wp-image-13708\" src=\"http:\/\/nordwind.info\/wp-content\/uploads\/2025\/03\/62000-Walsrode-Gleise-Richtung-Suden.jpg\" alt=\"\" width=\"1920\" height=\"1080\" srcset=\"http:\/\/nordwind.info\/wp-content\/uploads\/2025\/03\/62000-Walsrode-Gleise-Richtung-Suden.jpg 1920w, http:\/\/nordwind.info\/wp-content\/uploads\/2025\/03\/62000-Walsrode-Gleise-Richtung-Suden-300x169.jpg 300w, http:\/\/nordwind.info\/wp-content\/uploads\/2025\/03\/62000-Walsrode-Gleise-Richtung-Suden-1024x576.jpg 1024w, http:\/\/nordwind.info\/wp-content\/uploads\/2025\/03\/62000-Walsrode-Gleise-Richtung-Suden-768x432.jpg 768w, http:\/\/nordwind.info\/wp-content\/uploads\/2025\/03\/62000-Walsrode-Gleise-Richtung-Suden-1536x864.jpg 1536w\" sizes=\"auto, (max-width: 1920px) 100vw, 1920px\" \/><\/a><\/p>\n<p><a href=\"http:\/\/nordwind.info\/wp-content\/uploads\/2025\/03\/62000-Walsrode-Gleise-Richtung-Suden2-2.jpg\"><img loading=\"lazy\" decoding=\"async\" class=\"aligncenter size-full wp-image-13707\" src=\"http:\/\/nordwind.info\/wp-content\/uploads\/2025\/03\/62000-Walsrode-Gleise-Richtung-Suden2-2.jpg\" alt=\"\" width=\"1920\" height=\"1080\" srcset=\"http:\/\/nordwind.info\/wp-content\/uploads\/2025\/03\/62000-Walsrode-Gleise-Richtung-Suden2-2.jpg 1920w, http:\/\/nordwind.info\/wp-content\/uploads\/2025\/03\/62000-Walsrode-Gleise-Richtung-Suden2-2-300x169.jpg 300w, http:\/\/nordwind.info\/wp-content\/uploads\/2025\/03\/62000-Walsrode-Gleise-Richtung-Suden2-2-1024x576.jpg 1024w, http:\/\/nordwind.info\/wp-content\/uploads\/2025\/03\/62000-Walsrode-Gleise-Richtung-Suden2-2-768x432.jpg 768w, http:\/\/nordwind.info\/wp-content\/uploads\/2025\/03\/62000-Walsrode-Gleise-Richtung-Suden2-2-1536x864.jpg 1536w\" sizes=\"auto, (max-width: 1920px) 100vw, 1920px\" \/><\/a><\/p>\n<p>Gleis Richtung S\u00fcden<\/p>\n<p><a href=\"http:\/\/nordwind.info\/wp-content\/uploads\/2025\/03\/62000-Walsrode-Gebaude-Nebenbahn.jpg\"><img loading=\"lazy\" decoding=\"async\" class=\"aligncenter size-full wp-image-13704\" src=\"http:\/\/nordwind.info\/wp-content\/uploads\/2025\/03\/62000-Walsrode-Gebaude-Nebenbahn.jpg\" alt=\"\" width=\"1920\" height=\"1080\" srcset=\"http:\/\/nordwind.info\/wp-content\/uploads\/2025\/03\/62000-Walsrode-Gebaude-Nebenbahn.jpg 1920w, http:\/\/nordwind.info\/wp-content\/uploads\/2025\/03\/62000-Walsrode-Gebaude-Nebenbahn-300x169.jpg 300w, http:\/\/nordwind.info\/wp-content\/uploads\/2025\/03\/62000-Walsrode-Gebaude-Nebenbahn-1024x576.jpg 1024w, http:\/\/nordwind.info\/wp-content\/uploads\/2025\/03\/62000-Walsrode-Gebaude-Nebenbahn-768x432.jpg 768w, http:\/\/nordwind.info\/wp-content\/uploads\/2025\/03\/62000-Walsrode-Gebaude-Nebenbahn-1536x864.jpg 1536w\" sizes=\"auto, (max-width: 1920px) 100vw, 1920px\" \/><\/a><\/p>\n<p>Geb\u00e4ude der Nebenbahn<\/p>\n<p><a href=\"http:\/\/nordwind.info\/wp-content\/uploads\/2025\/03\/38000-Bf-Walsrode-Stellwerk-Ws.jpg\"><img loading=\"lazy\" decoding=\"async\" class=\"aligncenter size-full wp-image-13696\" src=\"http:\/\/nordwind.info\/wp-content\/uploads\/2025\/03\/38000-Bf-Walsrode-Stellwerk-Ws.jpg\" alt=\"\" width=\"1920\" height=\"1080\" srcset=\"http:\/\/nordwind.info\/wp-content\/uploads\/2025\/03\/38000-Bf-Walsrode-Stellwerk-Ws.jpg 1920w, http:\/\/nordwind.info\/wp-content\/uploads\/2025\/03\/38000-Bf-Walsrode-Stellwerk-Ws-300x169.jpg 300w, http:\/\/nordwind.info\/wp-content\/uploads\/2025\/03\/38000-Bf-Walsrode-Stellwerk-Ws-1024x576.jpg 1024w, http:\/\/nordwind.info\/wp-content\/uploads\/2025\/03\/38000-Bf-Walsrode-Stellwerk-Ws-768x432.jpg 768w, http:\/\/nordwind.info\/wp-content\/uploads\/2025\/03\/38000-Bf-Walsrode-Stellwerk-Ws-1536x864.jpg 1536w\" sizes=\"auto, (max-width: 1920px) 100vw, 1920px\" \/><\/a><\/p>\n<p>Stellwwerk Ws<\/p>\n<p><a href=\"http:\/\/nordwind.info\/wp-content\/uploads\/2025\/03\/38200-Bf-Walsrode-Stw-.jpg\"><img loading=\"lazy\" decoding=\"async\" class=\"aligncenter size-full wp-image-13697\" src=\"http:\/\/nordwind.info\/wp-content\/uploads\/2025\/03\/38200-Bf-Walsrode-Stw-.jpg\" alt=\"\" width=\"1920\" height=\"1080\" srcset=\"http:\/\/nordwind.info\/wp-content\/uploads\/2025\/03\/38200-Bf-Walsrode-Stw-.jpg 1920w, http:\/\/nordwind.info\/wp-content\/uploads\/2025\/03\/38200-Bf-Walsrode-Stw--300x169.jpg 300w, http:\/\/nordwind.info\/wp-content\/uploads\/2025\/03\/38200-Bf-Walsrode-Stw--1024x576.jpg 1024w, http:\/\/nordwind.info\/wp-content\/uploads\/2025\/03\/38200-Bf-Walsrode-Stw--768x432.jpg 768w, http:\/\/nordwind.info\/wp-content\/uploads\/2025\/03\/38200-Bf-Walsrode-Stw--1536x864.jpg 1536w\" sizes=\"auto, (max-width: 1920px) 100vw, 1920px\" \/><\/a><\/p>\n<p>Stellwerk Wnf<\/p>\n<p><a href=\"http:\/\/nordwind.info\/wp-content\/uploads\/2025\/03\/62000-Walsrode-Bw.jpg\"><img loading=\"lazy\" decoding=\"async\" class=\"aligncenter size-full wp-image-13701\" src=\"http:\/\/nordwind.info\/wp-content\/uploads\/2025\/03\/62000-Walsrode-Bw.jpg\" alt=\"\" width=\"1920\" height=\"1080\" srcset=\"http:\/\/nordwind.info\/wp-content\/uploads\/2025\/03\/62000-Walsrode-Bw.jpg 1920w, http:\/\/nordwind.info\/wp-content\/uploads\/2025\/03\/62000-Walsrode-Bw-300x169.jpg 300w, http:\/\/nordwind.info\/wp-content\/uploads\/2025\/03\/62000-Walsrode-Bw-1024x576.jpg 1024w, http:\/\/nordwind.info\/wp-content\/uploads\/2025\/03\/62000-Walsrode-Bw-768x432.jpg 768w, http:\/\/nordwind.info\/wp-content\/uploads\/2025\/03\/62000-Walsrode-Bw-1536x864.jpg 1536w\" sizes=\"auto, (max-width: 1920px) 100vw, 1920px\" \/><\/a><\/p>\n<p>ehem. Betriebswerk<\/p>\n<p><a href=\"http:\/\/nordwind.info\/wp-content\/uploads\/2025\/03\/62000-Walsrode-Gleise-Richtung-Norden.jpg\"><img loading=\"lazy\" decoding=\"async\" class=\"aligncenter size-full wp-image-13706\" src=\"http:\/\/nordwind.info\/wp-content\/uploads\/2025\/03\/62000-Walsrode-Gleise-Richtung-Norden.jpg\" alt=\"\" width=\"1920\" height=\"1080\" srcset=\"http:\/\/nordwind.info\/wp-content\/uploads\/2025\/03\/62000-Walsrode-Gleise-Richtung-Norden.jpg 1920w, http:\/\/nordwind.info\/wp-content\/uploads\/2025\/03\/62000-Walsrode-Gleise-Richtung-Norden-300x169.jpg 300w, http:\/\/nordwind.info\/wp-content\/uploads\/2025\/03\/62000-Walsrode-Gleise-Richtung-Norden-1024x576.jpg 1024w, http:\/\/nordwind.info\/wp-content\/uploads\/2025\/03\/62000-Walsrode-Gleise-Richtung-Norden-768x432.jpg 768w, http:\/\/nordwind.info\/wp-content\/uploads\/2025\/03\/62000-Walsrode-Gleise-Richtung-Norden-1536x864.jpg 1536w\" sizes=\"auto, (max-width: 1920px) 100vw, 1920px\" \/><\/a><\/p>\n<p>Richtung Norden<\/p>\n<ul>\n<li>&gt;&gt;&gt; <a href=\"https:\/\/nordwind.info\/?page_id=13684\">Bf Cordingen<\/a><\/li>\n<li>&lt;&lt;&lt;<\/li>\n<\/ul>\n<p><a href=\"http:\/\/nordwind.info\/wp-content\/uploads\/2018\/03\/sh2schluss.gif\"><img loading=\"lazy\" decoding=\"async\" class=\"aligncenter size-full wp-image-2750\" src=\"http:\/\/nordwind.info\/wp-content\/uploads\/2018\/03\/sh2schluss.gif\" alt=\"\" width=\"45\" height=\"66\" \/><\/a><\/p>\n<p><a href=\"#\">Nach oben<\/a><\/p>\n","protected":false},"excerpt":{"rendered":"<p>OSM Stra\u00dfenseite Stra\u00dfenseite Gleisseite G\u00fcterabfertigung Bahnsteig Gleis Richtung S\u00fcden Geb\u00e4ude der Nebenbahn Stellwwerk Ws Stellwerk Wnf ehem. Betriebswerk Richtung Norden &gt;&gt;&gt; Bf Cordingen &lt;&lt;&lt; Nach oben<\/p>\n","protected":false},"author":1,"featured_media":0,"parent":12770,"menu_order":0,"comment_status":"closed","ping_status":"closed","template":"","meta":{"footnotes":""},"class_list":["post-13712","page","type-page","status-publish","hentry"],"_links":{"self":[{"href":"http:\/\/nordwind.info\/index.php?rest_route=\/wp\/v2\/pages\/13712","targetHints":{"allow":["GET"]}}],"collection":[{"href":"http:\/\/nordwind.info\/index.php?rest_route=\/wp\/v2\/pages"}],"about":[{"href":"http:\/\/nordwind.info\/index.php?rest_route=\/wp\/v2\/types\/page"}],"author":[{"embeddable":true,"href":"http:\/\/nordwind.info\/index.php?rest_route=\/wp\/v2\/users\/1"}],"replies":[{"embeddable":true,"href":"http:\/\/nordwind.info\/index.php?rest_route=%2Fwp%2Fv2%2Fcomments&post=13712"}],"version-history":[{"count":1,"href":"http:\/\/nordwind.info\/index.php?rest_route=\/wp\/v2\/pages\/13712\/revisions"}],"predecessor-version":[{"id":13713,"href":"http:\/\/nordwind.info\/index.php?rest_route=\/wp\/v2\/pages\/13712\/revisions\/13713"}],"up":[{"embeddable":true,"href":"http:\/\/nordwind.info\/index.php?rest_route=\/wp\/v2\/pages\/12770"}],"wp:attachment":[{"href":"http:\/\/nordwind.info\/index.php?rest_route=%2Fwp%2Fv2%2Fmedia&parent=13712"}],"curies":[{"name":"wp","href":"https:\/\/api.w.org\/{rel}","templated":true}]}}