{"id":12985,"date":"2025-01-07T20:12:07","date_gmt":"2025-01-07T20:12:07","guid":{"rendered":"https:\/\/nordwind.info\/?page_id=12985"},"modified":"2025-03-18T06:10:05","modified_gmt":"2025-03-18T06:10:05","slug":"219e-bruchhausen-vilsen-asendorf","status":"publish","type":"page","link":"http:\/\/nordwind.info\/?page_id=12985","title":{"rendered":"219e Bruchhausen-Vilsen &#8211; Asendorf"},"content":{"rendered":"<table>\n<tbody>\n<tr>\n<td class=\"\">\n<div>Bezeichnung:<\/div>\n<\/td>\n<td class=\"\"><a href=\"https:\/\/de.wikipedia.org\/wiki\/Deutscher_Eisenbahn-Verein\">Bruchhausen-Vilsen &#8211; Asendorf<\/a><\/td>\n<\/tr>\n<tr>\n<td class=\"\">\n<div>Strecken-Nr.:<\/div>\n<\/td>\n<td class=\"\">\n<div>ohne<\/div>\n<\/td>\n<\/tr>\n<tr>\n<td class=\"\">\n<div>Fahrplan:<\/div>\n<\/td>\n<td class=\"\">\n<div><a href=\"http:\/\/pkjs.de\/bahn\/Kursbuch1944\/Teil2\/219.jpg\" target=\"_blank\" rel=\"noopener noreferrer\">119 b<\/a>\u00a0&#8211; Kursbuch DR 1944<\/div>\n<div><a href=\"http:\/\/nordwind.info\/wp-content\/uploads\/2020\/08\/2250.jpg\">219e<\/a>\u00a0 &#8211; Kursbuch DB 1956<\/div>\n<\/td>\n<\/tr>\n<tr>\n<td class=\"\">\n<div>L\u00e4nge:<\/div>\n<\/td>\n<td class=\"\">7,8 km<\/td>\n<\/tr>\n<tr>\n<td class=\"\">\n<div>Spurweite:<\/div>\n<\/td>\n<td class=\"\">1000 mm (Meterspur)<\/td>\n<\/tr>\n<tr>\n<td class=\"\">\n<div>Nutzungen:<\/div>\n<\/td>\n<td class=\"\">\n<div>Hoya-Syker Eisenbahn (HSE)<\/div>\n<div><a href=\"https:\/\/de.wikipedia.org\/wiki\/Deutscher_Eisenbahn-Verein\">Deutscher Eisenbahn-Verein<\/a> (ab ca. 1995)<\/div>\n<\/td>\n<\/tr>\n<tr>\n<td class=\"\">\n<div>Er\u00f6ffnung:<\/div>\n<\/td>\n<td class=\"\">1899<\/td>\n<\/tr>\n<tr>\n<td class=\"\">\n<div>Schlie\u00dfung:<\/div>\n<\/td>\n<td class=\"\">\n<div>entf\u00e4llt<\/div>\n<\/td>\n<\/tr>\n<tr>\n<td class=\"\">\n<div>Fundstellen:<\/div>\n<\/td>\n<td class=\"\">\n<div>Karte \u2013 <a href=\"https:\/\/www.openrailwaymap.org\/mobile.php?searchquery=&amp;lang=de\" target=\"_blank\" rel=\"noopener noreferrer\">OpenRailwayMap<\/a><\/div>\n<div>Karte \u2013 <a href=\"http:\/\/nordwind.info\/wp-content\/uploads\/2018\/11\/Hannover-4000.jpg\">Streckenkarte 1945<\/a> (Hannover)<\/div>\n<div>Karte \u2013 <a href=\"http:\/\/nordwind.info\/wp-content\/uploads\/2017\/09\/Hannover-BD-Hannover-1950.jpg\">Betriebskarte 1950<\/a> (BD Hannover 1959)<\/div>\n<div>Karte \u2013\u00a0<a href=\"http:\/\/nordwind.info\/wp-content\/uploads\/2017\/09\/Deutschland-Karte-Kursbuch-1956.jpg\">Kursbuch 1956<\/a>\u00a0\u2013 Gesamtausgabe<\/div>\n<div>Pl\u00e4ne \u2013 <a href=\"http:\/\/pkjs.de\/bahn\/Kursbuch1944\/Kursbuchtitel.html\">Jahresfahrplan 1944\/1945<\/a>, pkjs<\/div>\n<\/td>\n<\/tr>\n<tr>\n<td class=\"\">\n<div>Streckenband:<\/div>\n<\/td>\n<td class=\"\">\n<ul>\n<li style=\"list-style-type: none;\">\n<ul>\n<li>Abzw\u00a0<a href=\"http:\/\/nordwind.info\/?page_id=6000\">9142<\/a> Eystrup &#8211; Syke<\/li>\n<\/ul>\n<\/li>\n<li>00,000 &#8211; <a href=\"http:\/\/nordwind.info\/?page_id=14002\">Bf Bruchhausen-Vilsen<\/a><\/li>\n<li>00,900 &#8211; Bf Vilsen Ort (ehem. Fischteiche)<\/li>\n<li>01,400 &#8211; Hpu Wiehe-Kurpark<\/li>\n<li>02,300 &#8211; Hpu Vilser Holz<\/li>\n<li>03,900 &#8211; Bf Heiligenberg<\/li>\n<li>04,600 &#8211; Hpu Klosterheide<\/li>\n<li>06,100 &#8211; Hpu Arbste<\/li>\n<li>07,800 &#8211; Bf Asendorf<\/li>\n<\/ul>\n<\/td>\n<\/tr>\n<\/tbody>\n<\/table>\n<p><a href=\"http:\/\/nordwind.info\/wp-content\/uploads\/2017\/09\/Hannover-BD-Hannover-1950.jpg\"><img loading=\"lazy\" decoding=\"async\" class=\"alignleft size-large wp-image-1097\" src=\"http:\/\/nordwind.info\/wp-content\/uploads\/2017\/09\/Hannover-BD-Hannover-1950-719x1024.jpg\" alt=\"\" width=\"640\" height=\"911\" srcset=\"http:\/\/nordwind.info\/wp-content\/uploads\/2017\/09\/Hannover-BD-Hannover-1950-719x1024.jpg 719w, http:\/\/nordwind.info\/wp-content\/uploads\/2017\/09\/Hannover-BD-Hannover-1950-211x300.jpg 211w, http:\/\/nordwind.info\/wp-content\/uploads\/2017\/09\/Hannover-BD-Hannover-1950-768x1094.jpg 768w\" sizes=\"auto, (max-width: 640px) 100vw, 640px\" \/><\/a><\/p>\n<p>BD Hannover 1950<\/p>\n<p><a href=\"http:\/\/nordwind.info\/wp-content\/uploads\/2018\/03\/sh2schluss.gif\"><img loading=\"lazy\" decoding=\"async\" class=\"size-full wp-image-2750 aligncenter\" src=\"http:\/\/nordwind.info\/wp-content\/uploads\/2018\/03\/sh2schluss.gif\" alt=\"\" width=\"45\" height=\"66\" \/><\/a><\/p>\n<p><a href=\"#\">Nach oben<\/a><\/p>\n","protected":false},"excerpt":{"rendered":"<p>Bezeichnung: Bruchhausen-Vilsen &#8211; Asendorf Strecken-Nr.: ohne Fahrplan: 119 b\u00a0&#8211; Kursbuch DR 1944 219e\u00a0 &#8211; Kursbuch DB 1956 L\u00e4nge: 7,8 km Spurweite: 1000 mm (Meterspur) Nutzungen: Hoya-Syker Eisenbahn (HSE) Deutscher Eisenbahn-Verein (ab ca. 1995) Er\u00f6ffnung: 1899 Schlie\u00dfung: entf\u00e4llt Fundstellen: Karte \u2013 &hellip; <a href=\"http:\/\/nordwind.info\/?page_id=12985\">Weiterlesen <span class=\"meta-nav\">&rarr;<\/span><\/a><\/p>\n","protected":false},"author":1,"featured_media":0,"parent":14041,"menu_order":0,"comment_status":"closed","ping_status":"closed","template":"","meta":{"footnotes":""},"class_list":["post-12985","page","type-page","status-publish","hentry"],"_links":{"self":[{"href":"http:\/\/nordwind.info\/index.php?rest_route=\/wp\/v2\/pages\/12985","targetHints":{"allow":["GET"]}}],"collection":[{"href":"http:\/\/nordwind.info\/index.php?rest_route=\/wp\/v2\/pages"}],"about":[{"href":"http:\/\/nordwind.info\/index.php?rest_route=\/wp\/v2\/types\/page"}],"author":[{"embeddable":true,"href":"http:\/\/nordwind.info\/index.php?rest_route=\/wp\/v2\/users\/1"}],"replies":[{"embeddable":true,"href":"http:\/\/nordwind.info\/index.php?rest_route=%2Fwp%2Fv2%2Fcomments&post=12985"}],"version-history":[{"count":2,"href":"http:\/\/nordwind.info\/index.php?rest_route=\/wp\/v2\/pages\/12985\/revisions"}],"predecessor-version":[{"id":14005,"href":"http:\/\/nordwind.info\/index.php?rest_route=\/wp\/v2\/pages\/12985\/revisions\/14005"}],"up":[{"embeddable":true,"href":"http:\/\/nordwind.info\/index.php?rest_route=\/wp\/v2\/pages\/14041"}],"wp:attachment":[{"href":"http:\/\/nordwind.info\/index.php?rest_route=%2Fwp%2Fv2%2Fmedia&parent=12985"}],"curies":[{"name":"wp","href":"https:\/\/api.w.org\/{rel}","templated":true}]}}