{"id":12632,"date":"2024-09-13T05:00:11","date_gmt":"2024-09-13T05:00:11","guid":{"rendered":"http:\/\/nordwind.info\/?page_id=12632"},"modified":"2024-09-13T05:00:11","modified_gmt":"2024-09-13T05:00:11","slug":"summer-in-the-city","status":"publish","type":"page","link":"http:\/\/nordwind.info\/?page_id=12632","title":{"rendered":"Summer in the City"},"content":{"rendered":"<p style=\"text-align: justify;\">Geocaching hat Geburtstag und dieses Ereignis m\u00f6chten wir auch in unsererer Region feiern!\u00a0Egal, ob Geocaching im Urlaub, zu Hause oder bei einem der vielen Events der vergangenen Wochen und Monate: Wir hatten alle eine aufregende Zeit mit dem gemeinsamen Hobby und es gibt mit Sicherheit viel zu erz\u00e4hlen!<\/p>\n<p>&nbsp;<\/p>\n<p style=\"text-align: justify;\">Daher m\u00f6chten wir zu\u00a0diesem kleinen Treffen an den genannten Koordinaten einladen und w\u00fcrden uns freuen, Euch am 22.06.2025, in der Zeit von 14:00 Uhr bis 16:00 Uhr\u00a0begr\u00fc\u00dfen zu d\u00fcrfen.<\/p>\n<p style=\"text-align: justify;\">Es befinden sich keine Gesch\u00e4fte oder Lokale in unmittelbarer N\u00e4he der Location, und es ist auch kein Catering vorgesehen. Bringt daher f\u00fcr Euch selbst ausreichend Verpflegung und Getr\u00e4nke zu dieser Veranstaltung\u00a0mit.<\/p>\n<p style=\"text-align: justify;\">Es w\u00e4re sch\u00f6n, wenn\u00a0wir bei ein bi\u00dfchen \u201eKl\u00f6nschnack\u201c, TB\/Coin-Tausch oder einfach nur \u201eFachsimpeln\u201c alte Freunde treffen, neue Leute kennen-lernen\u00a0und\u00a0etwas Zeit miteinander verbringen k\u00f6nnen.<\/p>\n<p>&nbsp;<\/p>\n<p>Bis bald dann im Wald, auf dem Deich \u2013 oder in Nienburg<\/p>\n<p>Verena und Gerhard \u2013 Nordwind02<\/p>\n","protected":false},"excerpt":{"rendered":"<p>Geocaching hat Geburtstag und dieses Ereignis m\u00f6chten wir auch in unsererer Region feiern!\u00a0Egal, ob Geocaching im Urlaub, zu Hause oder bei einem der vielen Events der vergangenen Wochen und Monate: Wir hatten alle eine aufregende Zeit mit dem gemeinsamen Hobby &hellip; <a href=\"http:\/\/nordwind.info\/?page_id=12632\">Weiterlesen <span class=\"meta-nav\">&rarr;<\/span><\/a><\/p>\n","protected":false},"author":1,"featured_media":0,"parent":1603,"menu_order":0,"comment_status":"closed","ping_status":"closed","template":"","meta":{"footnotes":""},"class_list":["post-12632","page","type-page","status-publish","hentry"],"_links":{"self":[{"href":"http:\/\/nordwind.info\/index.php?rest_route=\/wp\/v2\/pages\/12632","targetHints":{"allow":["GET"]}}],"collection":[{"href":"http:\/\/nordwind.info\/index.php?rest_route=\/wp\/v2\/pages"}],"about":[{"href":"http:\/\/nordwind.info\/index.php?rest_route=\/wp\/v2\/types\/page"}],"author":[{"embeddable":true,"href":"http:\/\/nordwind.info\/index.php?rest_route=\/wp\/v2\/users\/1"}],"replies":[{"embeddable":true,"href":"http:\/\/nordwind.info\/index.php?rest_route=%2Fwp%2Fv2%2Fcomments&post=12632"}],"version-history":[{"count":1,"href":"http:\/\/nordwind.info\/index.php?rest_route=\/wp\/v2\/pages\/12632\/revisions"}],"predecessor-version":[{"id":12633,"href":"http:\/\/nordwind.info\/index.php?rest_route=\/wp\/v2\/pages\/12632\/revisions\/12633"}],"up":[{"embeddable":true,"href":"http:\/\/nordwind.info\/index.php?rest_route=\/wp\/v2\/pages\/1603"}],"wp:attachment":[{"href":"http:\/\/nordwind.info\/index.php?rest_route=%2Fwp%2Fv2%2Fmedia&parent=12632"}],"curies":[{"name":"wp","href":"https:\/\/api.w.org\/{rel}","templated":true}]}}