{"id":12379,"date":"2023-12-19T07:07:07","date_gmt":"2023-12-19T07:07:07","guid":{"rendered":"http:\/\/nordwind.info\/?page_id=12379"},"modified":"2024-11-19T10:07:27","modified_gmt":"2024-11-19T10:07:27","slug":"funk-mess-gebaeudetypen","status":"publish","type":"page","link":"http:\/\/nordwind.info\/?page_id=12379","title":{"rendered":"Funk-Mess, Bauwerke"},"content":{"rendered":"<p style=\"text-align: justify;\">Zu den damaligen Funkmess-Stellingen gab es unz\u00e4hlige Formen von Bauformen. Hier haben wir Beispiele aufgef\u00fchrt, von deren wir \u00dcberreste fanden.<\/p>\n<p><a href=\"http:\/\/nordwind.info\/wp-content\/uploads\/2023\/11\/Sued-West-1.jpg\"><img loading=\"lazy\" decoding=\"async\" class=\"alignleft wp-image-11381 size-full\" src=\"http:\/\/nordwind.info\/wp-content\/uploads\/2023\/11\/Sued-West-1.jpg\" alt=\"\" width=\"1920\" height=\"1080\" srcset=\"http:\/\/nordwind.info\/wp-content\/uploads\/2023\/11\/Sued-West-1.jpg 1920w, http:\/\/nordwind.info\/wp-content\/uploads\/2023\/11\/Sued-West-1-300x169.jpg 300w, http:\/\/nordwind.info\/wp-content\/uploads\/2023\/11\/Sued-West-1-1024x576.jpg 1024w, http:\/\/nordwind.info\/wp-content\/uploads\/2023\/11\/Sued-West-1-768x432.jpg 768w, http:\/\/nordwind.info\/wp-content\/uploads\/2023\/11\/Sued-West-1-1536x864.jpg 1536w\" sizes=\"auto, (max-width: 1920px) 100vw, 1920px\" \/><\/a> <a href=\"http:\/\/nordwind.info\/wp-content\/uploads\/2023\/11\/Z04-Sued-Ost.jpg\"><img loading=\"lazy\" decoding=\"async\" class=\"alignleft wp-image-11379 size-full\" src=\"http:\/\/nordwind.info\/wp-content\/uploads\/2023\/11\/Z04-Sued-Ost.jpg\" alt=\"\" width=\"1280\" height=\"720\" srcset=\"http:\/\/nordwind.info\/wp-content\/uploads\/2023\/11\/Z04-Sued-Ost.jpg 1280w, http:\/\/nordwind.info\/wp-content\/uploads\/2023\/11\/Z04-Sued-Ost-300x169.jpg 300w, http:\/\/nordwind.info\/wp-content\/uploads\/2023\/11\/Z04-Sued-Ost-1024x576.jpg 1024w, http:\/\/nordwind.info\/wp-content\/uploads\/2023\/11\/Z04-Sued-Ost-768x432.jpg 768w\" sizes=\"auto, (max-width: 1280px) 100vw, 1280px\" \/><\/a><\/p>\n<p>Funkmess &#8211; Einsatzzentrale &#8211; Beispiel Winzlar (Stellung Steinbock)<\/p>\n<p>&nbsp;<\/p>\n<p>Sockel W\u00fcrzburg \u00a0FuMe<\/p>\n<p><a href=\"http:\/\/nordwind.info\/wp-content\/uploads\/2023\/12\/Berensch-Kuckuck.jpg\"><img loading=\"lazy\" decoding=\"async\" class=\"alignleft wp-image-12388 size-full\" src=\"http:\/\/nordwind.info\/wp-content\/uploads\/2023\/12\/Berensch-Kuckuck.jpg\" alt=\"\" width=\"1280\" height=\"960\" srcset=\"http:\/\/nordwind.info\/wp-content\/uploads\/2023\/12\/Berensch-Kuckuck.jpg 1280w, http:\/\/nordwind.info\/wp-content\/uploads\/2023\/12\/Berensch-Kuckuck-300x225.jpg 300w, http:\/\/nordwind.info\/wp-content\/uploads\/2023\/12\/Berensch-Kuckuck-1024x768.jpg 1024w, http:\/\/nordwind.info\/wp-content\/uploads\/2023\/12\/Berensch-Kuckuck-768x576.jpg 768w\" sizes=\"auto, (max-width: 1280px) 100vw, 1280px\" \/><\/a><\/p>\n<p>Beispiel Berensch &#8211; Stellung Kuckuck<\/p>\n<p><a href=\"http:\/\/nordwind.info\/wp-content\/uploads\/2023\/12\/Wuerzburg_Riese_Bamberg.jpg\"><img loading=\"lazy\" decoding=\"async\" class=\"size-medium wp-image-12383 alignright\" src=\"http:\/\/nordwind.info\/wp-content\/uploads\/2023\/12\/Wuerzburg_Riese_Bamberg-300x300.jpg\" alt=\"\" width=\"300\" height=\"300\" srcset=\"http:\/\/nordwind.info\/wp-content\/uploads\/2023\/12\/Wuerzburg_Riese_Bamberg-300x300.jpg 300w, http:\/\/nordwind.info\/wp-content\/uploads\/2023\/12\/Wuerzburg_Riese_Bamberg-146x146.jpg 146w, http:\/\/nordwind.info\/wp-content\/uploads\/2023\/12\/Wuerzburg_Riese_Bamberg-109x109.jpg 109w, http:\/\/nordwind.info\/wp-content\/uploads\/2023\/12\/Wuerzburg_Riese_Bamberg-100x100.jpg 100w, http:\/\/nordwind.info\/wp-content\/uploads\/2023\/12\/Wuerzburg_Riese_Bamberg.jpg 640w\" sizes=\"auto, (max-width: 300px) 100vw, 300px\" \/><\/a><\/p>\n<p style=\"text-align: justify;\">FuMO 214 &#8222;Seeriese&#8220; (Marinebezeichnung f\u00fcr die Luftwaffeneinheit Funkmessger\u00e4t 65 &#8222;W\u00fcrzburg-Riese&#8220; (FuMG 65), kurz,kurz Betonturm, Stellung Bamberg Aufgenommen in Blaavandshuk \/ S\u00fcdwestj\u00fctland \/ D\u00e4nemark<\/p>\n<p>&nbsp;<\/p>\n<p>&nbsp;<\/p>\n<p>&nbsp;<\/p>\n<p><a href=\"http:\/\/nordwind.info\/wp-content\/uploads\/2019\/06\/IMG_0836-scaled.jpeg\"><img loading=\"lazy\" decoding=\"async\" class=\"alignleft wp-image-11922 size-full\" src=\"http:\/\/nordwind.info\/wp-content\/uploads\/2019\/06\/IMG_0836-scaled.jpeg\" alt=\"\" width=\"2560\" height=\"1920\" srcset=\"http:\/\/nordwind.info\/wp-content\/uploads\/2019\/06\/IMG_0836-scaled.jpeg 2560w, http:\/\/nordwind.info\/wp-content\/uploads\/2019\/06\/IMG_0836-300x225.jpeg 300w, http:\/\/nordwind.info\/wp-content\/uploads\/2019\/06\/IMG_0836-1024x768.jpeg 1024w, http:\/\/nordwind.info\/wp-content\/uploads\/2019\/06\/IMG_0836-768x576.jpeg 768w, http:\/\/nordwind.info\/wp-content\/uploads\/2019\/06\/IMG_0836-1536x1152.jpeg 1536w, http:\/\/nordwind.info\/wp-content\/uploads\/2019\/06\/IMG_0836-2048x1536.jpeg 2048w\" sizes=\"auto, (max-width: 2560px) 100vw, 2560px\" \/><\/a><\/p>\n<p>Sockel W\u00fcrzburg &#8211; FuMO (Beispiel Blavand)<a href=\"http:\/\/nordwind.info\/wp-content\/uploads\/2018\/03\/sh2schluss.gif\"><img loading=\"lazy\" decoding=\"async\" class=\"size-full wp-image-2750 aligncenter\" src=\"http:\/\/nordwind.info\/wp-content\/uploads\/2018\/03\/sh2schluss.gif\" alt=\"\" width=\"45\" height=\"66\" \/><\/a><\/p>\n<p><a href=\"#\">Nach oben<\/a><\/p>\n","protected":false},"excerpt":{"rendered":"<p>Zu den damaligen Funkmess-Stellingen gab es unz\u00e4hlige Formen von Bauformen. Hier haben wir Beispiele aufgef\u00fchrt, von deren wir \u00dcberreste fanden. Funkmess &#8211; Einsatzzentrale &#8211; Beispiel Winzlar (Stellung Steinbock) &nbsp; Sockel W\u00fcrzburg \u00a0FuMe Beispiel Berensch &#8211; Stellung Kuckuck FuMO 214 &#8222;Seeriese&#8220; &hellip; <a href=\"http:\/\/nordwind.info\/?page_id=12379\">Weiterlesen <span class=\"meta-nav\">&rarr;<\/span><\/a><\/p>\n","protected":false},"author":1,"featured_media":0,"parent":12171,"menu_order":0,"comment_status":"closed","ping_status":"closed","template":"","meta":{"footnotes":""},"class_list":["post-12379","page","type-page","status-publish","hentry"],"_links":{"self":[{"href":"http:\/\/nordwind.info\/index.php?rest_route=\/wp\/v2\/pages\/12379","targetHints":{"allow":["GET"]}}],"collection":[{"href":"http:\/\/nordwind.info\/index.php?rest_route=\/wp\/v2\/pages"}],"about":[{"href":"http:\/\/nordwind.info\/index.php?rest_route=\/wp\/v2\/types\/page"}],"author":[{"embeddable":true,"href":"http:\/\/nordwind.info\/index.php?rest_route=\/wp\/v2\/users\/1"}],"replies":[{"embeddable":true,"href":"http:\/\/nordwind.info\/index.php?rest_route=%2Fwp%2Fv2%2Fcomments&post=12379"}],"version-history":[{"count":11,"href":"http:\/\/nordwind.info\/index.php?rest_route=\/wp\/v2\/pages\/12379\/revisions"}],"predecessor-version":[{"id":12665,"href":"http:\/\/nordwind.info\/index.php?rest_route=\/wp\/v2\/pages\/12379\/revisions\/12665"}],"up":[{"embeddable":true,"href":"http:\/\/nordwind.info\/index.php?rest_route=\/wp\/v2\/pages\/12171"}],"wp:attachment":[{"href":"http:\/\/nordwind.info\/index.php?rest_route=%2Fwp%2Fv2%2Fmedia&parent=12379"}],"curies":[{"name":"wp","href":"https:\/\/api.w.org\/{rel}","templated":true}]}}