{"id":12203,"date":"2023-12-08T10:00:16","date_gmt":"2023-12-08T10:00:16","guid":{"rendered":"http:\/\/nordwind.info\/?page_id=12203"},"modified":"2024-11-19T10:04:55","modified_gmt":"2024-11-19T10:04:55","slug":"flugwache-blockhaus","status":"publish","type":"page","link":"http:\/\/nordwind.info\/?page_id=12203","title":{"rendered":"Flugwache, Unterk\u00fcnfte"},"content":{"rendered":"<p style=\"text-align: justify;\">Flugwachen bestanden aus einem Beobachtungsturm und einem kleinen Geb\u00e4ude (Blockhaus oder Ziegelbau), das als Unterkunfts-, Versorgungs- \u00a0und Ruhebereich diente. Die H\u00fctte stand in der N\u00e4he der Flugwache und war von au\u00dfen kaum zu sehen. Der Innenbereich bestand meist aus 2-3 R\u00e4umen mit Kochgelegenheit.<\/p>\n<p style=\"text-align: justify;\"><a href=\"http:\/\/nordwind.info\/wp-content\/uploads\/2023\/12\/LN-Liebenau.jpg\"><img loading=\"lazy\" decoding=\"async\" class=\"alignleft size-medium wp-image-12305\" src=\"http:\/\/nordwind.info\/wp-content\/uploads\/2023\/12\/LN-Liebenau-300x202.jpg\" alt=\"\" width=\"300\" height=\"202\" srcset=\"http:\/\/nordwind.info\/wp-content\/uploads\/2023\/12\/LN-Liebenau-300x202.jpg 300w, http:\/\/nordwind.info\/wp-content\/uploads\/2023\/12\/LN-Liebenau-1024x688.jpg 1024w, http:\/\/nordwind.info\/wp-content\/uploads\/2023\/12\/LN-Liebenau-768x516.jpg 768w, http:\/\/nordwind.info\/wp-content\/uploads\/2023\/12\/LN-Liebenau.jpg 1280w\" sizes=\"auto, (max-width: 300px) 100vw, 300px\" \/><\/a>F\u00fcr die Unterkunftsgeb\u00e4ude der Flug-wachen gab es zun\u00e4chst keine festen Vorschriften. Auf alten Fotos, sowie bei noch erhalten Bauwerke aus dieser Zeit vor Ort werden viele unterschiedliche Holzh\u00fctten oder Ziegelbauten gezeigt.<\/p>\n<p style=\"text-align: justify;\">An vorgegebene Bauweisen f\u00fcr Ziegelbauten liegen noch keine Erkenntnisse vor.<\/p>\n<p style=\"text-align: justify;\">Verschiedentlich stie\u00df ich bei Recherchen auf die Bauweisen der BfH-Baracken (BfH stand f\u00fcr Beauftragte f\u00fcr den Holzbau). Bei diesen H\u00fctten gab es in L\u00e4ngen von 5,0m; 7,5m; 10,0m; 12,5m und 15,0m; und Breiten von 2,75m oder 3,25 m. Die Breiten lie\u00dfen sich beliebig in 1,25 m &#8211; Schritten \u00a0erweitern. Die folgende Abbildung aus dem &#8222;Handbuch f\u00fcr den Stellungsbau&#8220; der damaligen Reichswehr zeigt eine m\u00f6gliche H\u00fctte mit Beobachtungsstand.<\/p>\n<p><a href=\"http:\/\/nordwind.info\/wp-content\/uploads\/2023\/12\/Flakturm-1-crop-scaled.jpg\"><img loading=\"lazy\" decoding=\"async\" class=\"alignleft size-full wp-image-12183\" src=\"http:\/\/nordwind.info\/wp-content\/uploads\/2023\/12\/Flakturm-1-crop-scaled.jpg\" alt=\"\" width=\"1819\" height=\"2560\" srcset=\"http:\/\/nordwind.info\/wp-content\/uploads\/2023\/12\/Flakturm-1-crop-scaled.jpg 1819w, http:\/\/nordwind.info\/wp-content\/uploads\/2023\/12\/Flakturm-1-crop-213x300.jpg 213w, http:\/\/nordwind.info\/wp-content\/uploads\/2023\/12\/Flakturm-1-crop-728x1024.jpg 728w, http:\/\/nordwind.info\/wp-content\/uploads\/2023\/12\/Flakturm-1-crop-768x1081.jpg 768w, http:\/\/nordwind.info\/wp-content\/uploads\/2023\/12\/Flakturm-1-crop-1092x1536.jpg 1092w, http:\/\/nordwind.info\/wp-content\/uploads\/2023\/12\/Flakturm-1-crop-1456x2048.jpg 1456w\" sizes=\"auto, (max-width: 1819px) 100vw, 1819px\" \/><\/a><\/p>\n<p>Aus &#8222;Handbuich f\u00fcr den Stellungsbau&#8220; Sammlung G. Kulawenski<\/p>\n<p style=\"text-align: justify;\"><a href=\"http:\/\/nordwind.info\/wp-content\/uploads\/2023\/12\/Roscheiderhof_RAD_Baracke_2019-1.jpg\"><img loading=\"lazy\" decoding=\"async\" class=\"alignright size-medium wp-image-12287\" src=\"http:\/\/nordwind.info\/wp-content\/uploads\/2023\/12\/Roscheiderhof_RAD_Baracke_2019-1-300x225.jpg\" alt=\"\" width=\"300\" height=\"225\" srcset=\"http:\/\/nordwind.info\/wp-content\/uploads\/2023\/12\/Roscheiderhof_RAD_Baracke_2019-1-300x225.jpg 300w, http:\/\/nordwind.info\/wp-content\/uploads\/2023\/12\/Roscheiderhof_RAD_Baracke_2019-1-1024x768.jpg 1024w, http:\/\/nordwind.info\/wp-content\/uploads\/2023\/12\/Roscheiderhof_RAD_Baracke_2019-1-768x576.jpg 768w, http:\/\/nordwind.info\/wp-content\/uploads\/2023\/12\/Roscheiderhof_RAD_Baracke_2019-1.jpg 1280w\" sizes=\"auto, (max-width: 300px) 100vw, 300px\" \/><\/a><\/p>\n<p style=\"text-align: justify;\">Ab 1934 wurde f\u00fcr Unterk\u00fcnfte die Baracken in Einheitsbauweise vom Typ RL IV\/1 ff des Reichsarbeitsdienstes (RAD) verwendet. Dieser Typ hatte eine Breite von 8,14 m und war vom 3,30 m bis 52,95 m vielfach erweiterbar Dieser Barackentyp wurde vom NS-System f\u00fcr viele Zwecke wie Wehrmachtsanlagen und Konzentrattions-lagern verwendet. Foto: Freilichtmuseum Roscheider Hof, \u00a0Autor <a title=\"User:HelgeRieder\" href=\"https:\/\/commons.wikimedia.org\/wiki\/User:HelgeRieder\">Helge Klaus Rieder<\/a><\/p>\n<p style=\"text-align: justify;\">Nach dem Zweiten Weltkrieg dienten diese Baracken noch lange Zeit oft als Notunterk\u00fcnfte zur Unterbringung von Fl\u00fcchtlingen. Zwar selten \u00a0f\u00fcr Flugwachen wurden Baracken dieser Art bei den ab etwa 1938 eingerichteten Funkmess-Stellungen verwendet.<\/p>\n<p><a href=\"http:\/\/nordwind.info\/wp-content\/uploads\/2023\/12\/12baracken.jpg\"><img loading=\"lazy\" decoding=\"async\" class=\"alignleft wp-image-12288 size-full\" src=\"http:\/\/nordwind.info\/wp-content\/uploads\/2023\/12\/12baracken.jpg\" alt=\"\" width=\"1280\" height=\"1119\" srcset=\"http:\/\/nordwind.info\/wp-content\/uploads\/2023\/12\/12baracken.jpg 1280w, http:\/\/nordwind.info\/wp-content\/uploads\/2023\/12\/12baracken-300x262.jpg 300w, http:\/\/nordwind.info\/wp-content\/uploads\/2023\/12\/12baracken-1024x895.jpg 1024w, http:\/\/nordwind.info\/wp-content\/uploads\/2023\/12\/12baracken-768x671.jpg 768w\" sizes=\"auto, (max-width: 1280px) 100vw, 1280px\" \/><\/a><\/p>\n<p>Bauzeichnung \u00a0(Sammlung G. Kulawenski)<\/p>\n<p><a href=\"http:\/\/nordwind.info\/wp-content\/uploads\/2023\/11\/Liebenau-Gebaeuderuine.jpg\"><img loading=\"lazy\" decoding=\"async\" class=\"alignleft wp-image-11659 size-full\" src=\"http:\/\/nordwind.info\/wp-content\/uploads\/2023\/11\/Liebenau-Gebaeuderuine.jpg\" alt=\"\" width=\"1280\" height=\"890\" srcset=\"http:\/\/nordwind.info\/wp-content\/uploads\/2023\/11\/Liebenau-Gebaeuderuine.jpg 1280w, http:\/\/nordwind.info\/wp-content\/uploads\/2023\/11\/Liebenau-Gebaeuderuine-300x209.jpg 300w, http:\/\/nordwind.info\/wp-content\/uploads\/2023\/11\/Liebenau-Gebaeuderuine-1024x712.jpg 1024w, http:\/\/nordwind.info\/wp-content\/uploads\/2023\/11\/Liebenau-Gebaeuderuine-768x534.jpg 768w\" sizes=\"auto, (max-width: 1280px) 100vw, 1280px\" \/><\/a><\/p>\n<p>Lageplan Liebenau<a href=\"http:\/\/nordwind.info\/wp-content\/uploads\/2018\/03\/sh2schluss.gif\"><img loading=\"lazy\" decoding=\"async\" class=\"size-full wp-image-2750 aligncenter\" src=\"http:\/\/nordwind.info\/wp-content\/uploads\/2018\/03\/sh2schluss.gif\" alt=\"\" width=\"45\" height=\"66\" \/><\/a><\/p>\n<p><a href=\"#\">Nach oben<\/a><\/p>\n","protected":false},"excerpt":{"rendered":"<p>Flugwachen bestanden aus einem Beobachtungsturm und einem kleinen Geb\u00e4ude (Blockhaus oder Ziegelbau), das als Unterkunfts-, Versorgungs- \u00a0und Ruhebereich diente. Die H\u00fctte stand in der N\u00e4he der Flugwache und war von au\u00dfen kaum zu sehen. Der Innenbereich bestand meist aus 2-3 &hellip; <a href=\"http:\/\/nordwind.info\/?page_id=12203\">Weiterlesen <span class=\"meta-nav\">&rarr;<\/span><\/a><\/p>\n","protected":false},"author":1,"featured_media":0,"parent":12171,"menu_order":2,"comment_status":"closed","ping_status":"closed","template":"","meta":{"footnotes":""},"class_list":["post-12203","page","type-page","status-publish","hentry"],"_links":{"self":[{"href":"http:\/\/nordwind.info\/index.php?rest_route=\/wp\/v2\/pages\/12203","targetHints":{"allow":["GET"]}}],"collection":[{"href":"http:\/\/nordwind.info\/index.php?rest_route=\/wp\/v2\/pages"}],"about":[{"href":"http:\/\/nordwind.info\/index.php?rest_route=\/wp\/v2\/types\/page"}],"author":[{"embeddable":true,"href":"http:\/\/nordwind.info\/index.php?rest_route=\/wp\/v2\/users\/1"}],"replies":[{"embeddable":true,"href":"http:\/\/nordwind.info\/index.php?rest_route=%2Fwp%2Fv2%2Fcomments&post=12203"}],"version-history":[{"count":19,"href":"http:\/\/nordwind.info\/index.php?rest_route=\/wp\/v2\/pages\/12203\/revisions"}],"predecessor-version":[{"id":12663,"href":"http:\/\/nordwind.info\/index.php?rest_route=\/wp\/v2\/pages\/12203\/revisions\/12663"}],"up":[{"embeddable":true,"href":"http:\/\/nordwind.info\/index.php?rest_route=\/wp\/v2\/pages\/12171"}],"wp:attachment":[{"href":"http:\/\/nordwind.info\/index.php?rest_route=%2Fwp%2Fv2%2Fmedia&parent=12203"}],"curies":[{"name":"wp","href":"https:\/\/api.w.org\/{rel}","templated":true}]}}