{"id":11597,"date":"2023-11-22T07:32:31","date_gmt":"2023-11-22T07:32:31","guid":{"rendered":"http:\/\/nordwind.info\/?page_id=11597"},"modified":"2025-04-11T06:38:00","modified_gmt":"2025-04-11T06:38:00","slug":"bovenden-burg-plesse","status":"publish","type":"page","link":"http:\/\/nordwind.info\/?page_id=11597","title":{"rendered":"Bovenden, Burg Plesse"},"content":{"rendered":"<ul>\n<li>Objektname: Burg Plesse<\/li>\n<li>Ortslage\/LK: Bovenden, OT Eddigehausen, Niedersachsen<\/li>\n<li>Koordinaten: N\u00a051.59767, E 9.96585<\/li>\n<li>Nutzung: \u00a0 \u00a0 \u00a0 \u00a01015 &#8211; 1660, 1821 Restaurierung\n<ul>\n<li style=\"list-style-type: none;\">\n<ul>\n<li style=\"list-style-type: none;\">\n<ul>\n<li style=\"list-style-type: none;\">\n<ul>\n<li>Bischof Meinwerk, Paderborn, 1015<\/li>\n<li>Hermann \u00a0II. von Winzenburg, Graf von Plesse, 1138<\/li>\n<li>Landgraf Ludig von Hessen, 1447<\/li>\n<li>Dietrich IV. von Plesse, 1521<\/li>\n<li>Landgraf Wilhelm IV. von Hessen-Kassel, 1571<\/li>\n<li>Landgraf Moritz von Hessen-Kassel, 1614<\/li>\n<li>Landgraf Georg II. von Hessen-Darmstadt, (nach Belagerung), 1660<\/li>\n<\/ul>\n<\/li>\n<\/ul>\n<\/li>\n<\/ul>\n<\/li>\n<\/ul>\n<\/li>\n<li>Ist-Zustand: \u00a0Die Burg ist ein beliebtes Ausflugsziel. Gastronomie ist vorhanden.<\/li>\n<li>Recherchen: \u00a0 2013 \u00a0 \u00a0 \u00a0 \u00a0 \u00a0 \u00a0 \u00a0Exkursion: \u00a0\u00a014.08.2013<\/li>\n<li>Fundstellen: \u00a0<a href=\"http:\/\/de.wikipedia.org\/wiki\/Burg_Plesse\" target=\"_blank\" rel=\"noopener\">Wikipedia<\/a>\n<ul>\n<li style=\"list-style-type: none;\">\n<ul>\n<li style=\"list-style-type: none;\">\n<ul>\n<li style=\"list-style-type: none;\">\n<ul>\n<li><a href=\"https:\/\/www.google.de\/maps\/preview?hl=de#!q=Burg+Plesse&amp;data=!1m4!1m3!1d11088!2d9.9681591!3d51.5967447!2m1!1e3!4m32!2m14!1m13!1s0x0%3A0xcfbfb9d569fca414!3m8!1m3!1d11088!2d9.9681591!3d51.5967447!3m2!1i1209!2i859!4f13.1!4m2!3d51.5977942!4d9.9659944!5m16!2m15!1m14!1s0x47a4d5508c608e0f%3A0x425ac6d94ac3db0!2sBovenden!3m8!1m3!1d13762!2d19.9036058!3d39.561408!3m2!1i1209!2i859!4f13.1!4m2!3d51.5903058!4d9.9326885&amp;fid=7\" target=\"_blank\" rel=\"noopener\">Google-Maps<\/a><\/li>\n<\/ul>\n<\/li>\n<\/ul>\n<\/li>\n<\/ul>\n<\/li>\n<\/ul>\n<\/li>\n<\/ul>\n<div id=\"mapp0_layout\" class=\"mapp-layout\" style=\"width: 640px; \"><div id=\"mapp0_links\" class=\"mapp-map-links\"><\/div><div id=\"mapp0_dialog\" class=\"mapp-dialog\"><\/div><div id=\"mapp0\" class=\"mapp-canvas\" style=\"width: 100%; height: 480px; \"><\/div><div id=\"mapp0_directions\" class=\"mapp-directions\" style=\"width:100%\"><\/div><div id=\"mapp0_poi_list\" class=\"mapp-poi-list\" style=\"width:100%\"><\/div><\/div>\n<p>Kartenauszug Google-Maps<\/p>\n<p style=\"text-align: justify;\">Die\u00a0Burg Plesse, auch Plesseburg oder\u00a0Ruine Plesseburg\u00a0genannt, ist eine mittel-alterliche\u00a0Burgruine\u00a0rund 7\u00a0Kilometer n\u00f6rdlich von G\u00f6ttingen.\u00a0Die Burg liegt am\u00a0Solling-Harz-Querweg.<\/p>\n<p style=\"text-align: justify;\"><a href=\"http:\/\/nordwind.info\/wp-content\/uploads\/2023\/11\/Burg_Plesse.jpg\"><img loading=\"lazy\" decoding=\"async\" class=\"alignright size-medium wp-image-11608\" src=\"http:\/\/nordwind.info\/wp-content\/uploads\/2023\/11\/Burg_Plesse-300x276.jpg\" alt=\"\" width=\"300\" height=\"276\" srcset=\"http:\/\/nordwind.info\/wp-content\/uploads\/2023\/11\/Burg_Plesse-300x276.jpg 300w, http:\/\/nordwind.info\/wp-content\/uploads\/2023\/11\/Burg_Plesse.jpg 450w\" sizes=\"auto, (max-width: 300px) 100vw, 300px\" \/><\/a>Die Ruine der H\u00f6henburg steht im \u00e4u\u00dfersten Nordwestteil des G\u00f6ttinger Waldes. Sie befindet sich auf einem etwa 350 Meter hohen Bergsporn, sowie dem S\u00fcdwestausl\u00e4ufer des 386 Meter hohen Wittenberges. Dieser liegt im Landkreis G\u00f6ttingen \u00f6stlich des Fleckens Bovenden, sowie oberhalb und \u00f6stlich von dessen Ortsteil Eddigehausen. Ein paar Kilometer westlich verl\u00e4uft in S\u00fcd-Nord-Richtung ein Abschnitt der etwa 200 m tiefer im Leingraben der flie\u00dfenden Leine.<\/p>\n<p style=\"text-align: justify;\">Die Burg Plesse wurde auf einem Felsen aus hellem Muschelkalk errichtet. Der\u00a0Bergfried\u00a0der Anlage hat heutzutage eine H\u00f6he von 23\u00a0Metern bei 15,26\u00a0Meter Durchmesser (auf der H\u00f6he des Burghofes), die Turmmauern haben eine St\u00e4rke von bis zu 4,24\u00a0Meter.<\/p>\n<p><a href=\"http:\/\/nordwind.info\/wp-content\/uploads\/2023\/11\/Plesse1.jpg\"><img loading=\"lazy\" decoding=\"async\" class=\"alignleft size-full wp-image-11599\" src=\"http:\/\/nordwind.info\/wp-content\/uploads\/2023\/11\/Plesse1.jpg\" alt=\"\" width=\"640\" height=\"360\" srcset=\"http:\/\/nordwind.info\/wp-content\/uploads\/2023\/11\/Plesse1.jpg 640w, http:\/\/nordwind.info\/wp-content\/uploads\/2023\/11\/Plesse1-300x169.jpg 300w\" sizes=\"auto, (max-width: 640px) 100vw, 640px\" \/><\/a><\/p>\n<p style=\"text-align: justify;\">Der untere Bereich des Bergfrieds ist aus regelm\u00e4\u00dfigen Steinquadern errichtet und stammt noch aus dem 12. Jahrhundert.\u00a0Das dar\u00fcber liegende unregelm\u00e4\u00dfige Bruchsteinmauerwerk und der Zinnenkranz wurden bei den Restaurierungen des 19. Jahrhunderts erg\u00e4nzt. Daneben existiert noch der 22\u00a0Meter hohe kleine Turm, der mit einem Durchmesser von gut 7\u00a0Metern erheblich schlanker ist und mit 2,25\u00a0Meter Mauerst\u00e4rke im unteren Bereich auch deutlich weniger wehrhaft. Dieser Turm wurde als\u00a0Wartturm\u00a0an der exponiertesten Stelle des Bergsporns errichtet und wird auch als \u201eSydekum\u201c (Sieh&#8216; dich um) bezeichnet.<\/p>\n<p><a href=\"http:\/\/nordwind.info\/wp-content\/uploads\/2023\/11\/Plesse2.jpg\"><img loading=\"lazy\" decoding=\"async\" class=\"alignleft size-full wp-image-11601\" src=\"http:\/\/nordwind.info\/wp-content\/uploads\/2023\/11\/Plesse2.jpg\" alt=\"\" width=\"640\" height=\"360\" srcset=\"http:\/\/nordwind.info\/wp-content\/uploads\/2023\/11\/Plesse2.jpg 640w, http:\/\/nordwind.info\/wp-content\/uploads\/2023\/11\/Plesse2-300x169.jpg 300w\" sizes=\"auto, (max-width: 640px) 100vw, 640px\" \/><\/a><\/p>\n<p style=\"text-align: justify;\">Der Zutritt zu beiden T\u00fcrmen war urspr\u00fcnglich nur \u00fcber eine Pforte in etwa 10\u00a0Meter H\u00f6he m\u00f6glich.\u00a0Erhalten, und im 19. und 20. Jahrhundert restauriert, sind au\u00dfer den beiden T\u00fcrmen noch derBurggraben, das untere (\u00e4u\u00dfere) Tor, das mittlere Tor mit Pforthaus und auf der\u00a0Hauptburg\u00a0das sogenannte \u201eSteinhaus\u201c und die Ruine der Kapelle. Auch von den Au\u00dfenmauern sind noch erhebliche Reste erhalten &#8211; so die Mauer des \u201eCaningartens\u201c in der\u00a0Vorburg\u00a0und Teile der Eckbastionen \u201eEichsfeld\u201c und \u201eCatzengarten\u201c.<\/p>\n<p><a href=\"http:\/\/nordwind.info\/wp-content\/uploads\/2023\/11\/Plesse7.jpg\"><img loading=\"lazy\" decoding=\"async\" class=\"alignleft size-full wp-image-11602\" src=\"http:\/\/nordwind.info\/wp-content\/uploads\/2023\/11\/Plesse7.jpg\" alt=\"\" width=\"640\" height=\"360\" srcset=\"http:\/\/nordwind.info\/wp-content\/uploads\/2023\/11\/Plesse7.jpg 640w, http:\/\/nordwind.info\/wp-content\/uploads\/2023\/11\/Plesse7-300x169.jpg 300w\" sizes=\"auto, (max-width: 640px) 100vw, 640px\" \/><\/a><\/p>\n<p style=\"text-align: justify;\">Der heutzutage zugesch\u00fcttete Burgbrunnen wurde tief hinunter in den Felsen geschlagen. Einer \u00dcberlieferung zufolge soll vom Brunnen aus ein unterirdischer Gang zur Quelle\u00a0Mariaspring\u00a0gef\u00fchrt haben. Tats\u00e4chlich gab es einen Gang, \u00fcber den Akten aus dem Jahre 1802 berichteten. Dieser Gang wurde im Ort Eddigehausen, der unterhalb der Burg liegt, gefunden, und verband die Burg mit dem Keller eines Wohnhauses der\u00a0Dom\u00e4ne.<\/p>\n<p><a href=\"http:\/\/nordwind.info\/wp-content\/uploads\/2023\/11\/Plesse8.jpg\"><img loading=\"lazy\" decoding=\"async\" class=\"alignleft size-full wp-image-11603\" src=\"http:\/\/nordwind.info\/wp-content\/uploads\/2023\/11\/Plesse8.jpg\" alt=\"\" width=\"640\" height=\"360\" srcset=\"http:\/\/nordwind.info\/wp-content\/uploads\/2023\/11\/Plesse8.jpg 640w, http:\/\/nordwind.info\/wp-content\/uploads\/2023\/11\/Plesse8-300x169.jpg 300w\" sizes=\"auto, (max-width: 640px) 100vw, 640px\" \/><\/a><\/p>\n<p style=\"text-align: justify;\">Die Burg Plesse wurde 1015\u00a0als\u00a0Hausgut\u00a0durch den Paderborner Bischof\u00a0Meinwerk\u00a0an\u00a0Paderborn\u00a0\u00fcbertragen. Etwa 1138 wird\u00a0Hermann II. von Winzenburg\u00a0als Graf von Plesse bezeichnet.<\/p>\n<p><a href=\"http:\/\/nordwind.info\/wp-content\/uploads\/2023\/11\/Plesse9.jpg\"><img loading=\"lazy\" decoding=\"async\" class=\"alignleft size-full wp-image-11604\" src=\"http:\/\/nordwind.info\/wp-content\/uploads\/2023\/11\/Plesse9.jpg\" alt=\"\" width=\"640\" height=\"360\" srcset=\"http:\/\/nordwind.info\/wp-content\/uploads\/2023\/11\/Plesse9.jpg 640w, http:\/\/nordwind.info\/wp-content\/uploads\/2023\/11\/Plesse9-300x169.jpg 300w\" sizes=\"auto, (max-width: 640px) 100vw, 640px\" \/><\/a><\/p>\n<p>S<span style=\"text-align: justify;\">eit 1150 war die Burg Sitz der Edelherren von Plesse, die sich nach der Burg benannten. Kaiser\u00a0Heinrich VI.\u00a0tauschte 1192 die Burg Plesse gegen die\u00a0Burg Desenberg\u00a0bei\u00a0Warburg\u00a0(Westfalen) ein, aber der Tausch wurde schon 1195 wieder r\u00fcckg\u00e4ngig gemacht.<\/span><\/p>\n<p><a href=\"http:\/\/nordwind.info\/wp-content\/uploads\/2023\/11\/Plesse3.jpg\"><img loading=\"lazy\" decoding=\"async\" class=\"alignleft size-full wp-image-11605\" src=\"http:\/\/nordwind.info\/wp-content\/uploads\/2023\/11\/Plesse3.jpg\" alt=\"\" width=\"640\" height=\"360\" srcset=\"http:\/\/nordwind.info\/wp-content\/uploads\/2023\/11\/Plesse3.jpg 640w, http:\/\/nordwind.info\/wp-content\/uploads\/2023\/11\/Plesse3-300x169.jpg 300w\" sizes=\"auto, (max-width: 640px) 100vw, 640px\" \/><\/a><\/p>\n<p style=\"text-align: justify;\">Im Jahre 1447 trugen die\u00a0Herren von Plesse\u00a0ihren Eigenbesitz dem Landgrafen Ludwig von\u00a0Hessen\u00a0zu Lehen auf. Grund daf\u00fcr war die Zersplitterung des\u00a0Herzogtums Braunschweig-G\u00f6ttingen.<\/p>\n<p><a href=\"http:\/\/nordwind.info\/wp-content\/uploads\/2023\/11\/Plesse10.jpg\"><img loading=\"lazy\" decoding=\"async\" class=\"alignleft size-full wp-image-11606\" src=\"http:\/\/nordwind.info\/wp-content\/uploads\/2023\/11\/Plesse10.jpg\" alt=\"\" width=\"640\" height=\"360\" srcset=\"http:\/\/nordwind.info\/wp-content\/uploads\/2023\/11\/Plesse10.jpg 640w, http:\/\/nordwind.info\/wp-content\/uploads\/2023\/11\/Plesse10-300x169.jpg 300w\" sizes=\"auto, (max-width: 640px) 100vw, 640px\" \/><\/a><\/p>\n<p style=\"text-align: justify;\">Die f\u00fchrenden Adelsfamilien konnten sich den bedr\u00e4ngenden Auseinandersetzungen der Pfandinhaber nicht entziehen und suchten deshalb Schutz und R\u00fcckhalt bei einem anderen Landesherrn.<\/p>\n<p style=\"text-align: justify;\">Das auf dem Quedlinburger Reliquiar abgebildete Wappen Helmolds II. aus dem Jahr 1209 ist die erste Darstellung eines Wappens der Herren von Plesse. Die Tingierung ist deutlich als Rot und Silber zu erkennen: Auf dem roten Schild befindet sich ein in Silber gehaltener, waagerecht ausgerichteter Maueranker, dessen vier Enden schneckenf\u00f6rmig nach innen eingerollt sind. In sp\u00e4teren Jahren wurde die permutierte Form &#8211; roter Maueranker auf silbernem Grund, zuweilen auch auf goldenem Grund &#8211; gebr\u00e4uchlich.<\/p>\n<p><a href=\"http:\/\/nordwind.info\/wp-content\/uploads\/2023\/11\/Plesse4.jpg\"><img loading=\"lazy\" decoding=\"async\" class=\"alignright size-medium wp-image-11607\" src=\"http:\/\/nordwind.info\/wp-content\/uploads\/2023\/11\/Plesse4-169x300.jpg\" alt=\"\" width=\"169\" height=\"300\" srcset=\"http:\/\/nordwind.info\/wp-content\/uploads\/2023\/11\/Plesse4-169x300.jpg 169w, http:\/\/nordwind.info\/wp-content\/uploads\/2023\/11\/Plesse4.jpg 360w\" sizes=\"auto, (max-width: 169px) 100vw, 169px\" \/><\/a><\/p>\n<p style=\"text-align: justify;\">Im Jahre 1536 wurde in der Herrschaft Plesse, zu der die umliegenden D\u00f6rfer geh\u00f6rten, die Reformation eingef\u00fchrt. Sie hatte schon zu Beginn durch den aus den Niederlanden gefl\u00fcchteten Theologen Petrus Noyen van Weert (Wertheim), der von 1536 bis 1540 als Prediger auf der Plesse wirkte, einen reformierten Akzent.<\/p>\n<p style=\"text-align: justify;\">Nachdem jedoch\u00a0Martin Luther\u00a0pers\u00f6nlich in einem von Dietrich III. von Plesse angeforderten Gutachten die Lehre des Niederl\u00e4nders als \u201enicht recht\u201c beurteilt hatte, kam die Herrschaft Plesse unter den Einfluss einer, von G\u00f6ttingen her, lutherisch gepr\u00e4gten Theologie. Mit Dietrich IV. von Plesse starb 1571 der hier ans\u00e4ssige Stamm derer von Plesse aus. Eine\u00a0Mecklenburger\u00a0Linie des Geschlechts \u201evon Plessen\u201c besteht bis heute. Landgraf\u00a0Wilhelm IV. von Hessen-Kassel\u00a0\u00fcbernahm die Herrschaft Plesse als heimgefallenes Lehen.<\/p>\n<p style=\"text-align: justify;\">Durch Landgraf\u00a0Moritz von Hessen-Kassel\u00a0wurde 1614 in der Herrschaft Plesse das\u00a0reformierte Bekenntnis\u00a0durchgesetzt. In den Jahren 1623\/24 hielt sich dieser auch mit seiner Familie mehrfach auf der Burg auf. Nach einer Belagerung 1627 wurden Burg und Herrschaft Plesse vor\u00fcbergehend an den Landgrafen\u00a0Georg II.\u00a0von\u00a0Hessen-Darmstadt\u00a0abgetreten. 1660 wurde die Burg endg\u00fcltig aufgegeben und diente fortan den Einwohnern der umliegenden D\u00f6rfer durch Steinabbruch als Baumaterial.<\/p>\n<p style=\"text-align: justify;\">Durch einen Tauschvertrag zwischen Preu\u00dfen, dem K\u00f6nigreich Hannover und Kurhessen fiel die Herrschaft Plesse jedoch am 1. Mai 1817 an das K\u00f6nigreich Hannover. Ab 1821 wurden erste Restaurierungsarbeiten vorgenommen und in den Jahren 1853 bis 1864 wurde auf Initiative des hannoverschen K\u00f6nigspaares die Burg umfassend restauriert. Im 19. Jahrhundert war die Plesse ein beliebtes Ausflugsziel der G\u00f6ttinger Studenten, dies auch, weil die Herrschaft Plesse aufgrund der Zugeh\u00f6rigkeit zu Hessen f\u00fcr das hannoversche G\u00f6ttingen wie zollfreies Ausland behandelt wurde und dadurch g\u00fcnstigere Kaufpreise bot.<\/p>\n<p style=\"text-align: justify;\">Die einstige Zugeh\u00f6rigkeit der Herrschaft Plesse zu Hessen, hat in kirchlicher Hinsicht- bis heute Spuren hinterlassen. Seit 1945 ist die Burg Plesse das Eigentum des Landes Niedersachsen. Seit 1978 gibt es den F\u00f6rderverein \u201eFreunde der Burg Plesse e.V.\u201c, der sich der Burgenforschung widmet.<\/p>\n<p><a href=\"#\">Nach oben<\/a><\/p>\n<p><a href=\"http:\/\/nordwind.info\/wp-content\/uploads\/2018\/03\/sh2schluss.gif\"><img loading=\"lazy\" decoding=\"async\" class=\"size-full wp-image-2750 aligncenter\" src=\"http:\/\/nordwind.info\/wp-content\/uploads\/2018\/03\/sh2schluss.gif\" alt=\"\" width=\"45\" height=\"66\" \/><\/a><\/p>\n","protected":false},"excerpt":{"rendered":"<p>Objektname: Burg Plesse Ortslage\/LK: Bovenden, OT Eddigehausen, Niedersachsen Koordinaten: N\u00a051.59767, E 9.96585 Nutzung: \u00a0 \u00a0 \u00a0 \u00a01015 &#8211; 1660, 1821 Restaurierung Bischof Meinwerk, Paderborn, 1015 Hermann \u00a0II. von Winzenburg, Graf von Plesse, 1138 Landgraf Ludig von Hessen, 1447 Dietrich IV. &hellip; <a href=\"http:\/\/nordwind.info\/?page_id=11597\">Weiterlesen <span class=\"meta-nav\">&rarr;<\/span><\/a><\/p>\n","protected":false},"author":1,"featured_media":0,"parent":14136,"menu_order":0,"comment_status":"closed","ping_status":"closed","template":"","meta":{"footnotes":""},"class_list":["post-11597","page","type-page","status-publish","hentry"],"_links":{"self":[{"href":"http:\/\/nordwind.info\/index.php?rest_route=\/wp\/v2\/pages\/11597","targetHints":{"allow":["GET"]}}],"collection":[{"href":"http:\/\/nordwind.info\/index.php?rest_route=\/wp\/v2\/pages"}],"about":[{"href":"http:\/\/nordwind.info\/index.php?rest_route=\/wp\/v2\/types\/page"}],"author":[{"embeddable":true,"href":"http:\/\/nordwind.info\/index.php?rest_route=\/wp\/v2\/users\/1"}],"replies":[{"embeddable":true,"href":"http:\/\/nordwind.info\/index.php?rest_route=%2Fwp%2Fv2%2Fcomments&post=11597"}],"version-history":[{"count":4,"href":"http:\/\/nordwind.info\/index.php?rest_route=\/wp\/v2\/pages\/11597\/revisions"}],"predecessor-version":[{"id":11610,"href":"http:\/\/nordwind.info\/index.php?rest_route=\/wp\/v2\/pages\/11597\/revisions\/11610"}],"up":[{"embeddable":true,"href":"http:\/\/nordwind.info\/index.php?rest_route=\/wp\/v2\/pages\/14136"}],"wp:attachment":[{"href":"http:\/\/nordwind.info\/index.php?rest_route=%2Fwp%2Fv2%2Fmedia&parent=11597"}],"curies":[{"name":"wp","href":"https:\/\/api.w.org\/{rel}","templated":true}]}}