{"id":11525,"date":"2023-11-22T05:22:44","date_gmt":"2023-11-22T05:22:44","guid":{"rendered":"http:\/\/nordwind.info\/?page_id=11525"},"modified":"2023-11-22T05:24:31","modified_gmt":"2023-11-22T05:24:31","slug":"acharavi-griechenland-dorfschule","status":"publish","type":"page","link":"http:\/\/nordwind.info\/?page_id=11525","title":{"rendered":"Acharavi\/GR, Dorfschule"},"content":{"rendered":"<p>Bei einer Tour durch die Olivenw\u00e4lder von Korfu im Jahre 2006 fanden wir dieses (fast verlassene) Schulgeb\u00e4ude.<\/p>\n<div id=\"mapp0_layout\" class=\"mapp-layout\" style=\"width: 640px; \"><div id=\"mapp0_links\" class=\"mapp-map-links\"><\/div><div id=\"mapp0_dialog\" class=\"mapp-dialog\"><\/div><div id=\"mapp0\" class=\"mapp-canvas\" style=\"width: 100%; height: 480px; \"><\/div><div id=\"mapp0_directions\" class=\"mapp-directions\" style=\"width:100%\"><\/div><div id=\"mapp0_poi_list\" class=\"mapp-poi-list\" style=\"width:100%\"><\/div><\/div>\n<p>Kartenauszug OSM<\/p>\n<ul>\n<li>Recherchen: 2006<\/li>\n<li>Fundstellen: <a href=\"https:\/\/www.google.de\/maps\/preview?hl=de#!q=Acharavi%2C+Korfu%2C+Griechenland&amp;data=!1m4!1m3!1d6859!2d19.8464779!3d39.784423!2m1!1e3!4m15!2m14!1m13!1s0x135b468290a74c87%3A0xa00bd2f74c422e0!3m8!1m3!1d3435!2d19.6867628!3d39.6783423!3m2!1i1209!2i859!4f13.1!4m2!3d39.79304!4d19.8193817&amp;fid=7\" target=\"_blank\" rel=\"noopener\">Google-Maps<\/a><\/li>\n<\/ul>\n<p><a href=\"http:\/\/nordwind.info\/wp-content\/uploads\/2023\/11\/Schule1.jpg\"><img loading=\"lazy\" decoding=\"async\" class=\"alignright size-full wp-image-11526\" src=\"http:\/\/nordwind.info\/wp-content\/uploads\/2023\/11\/Schule1.jpg\" alt=\"\" width=\"640\" height=\"441\" srcset=\"http:\/\/nordwind.info\/wp-content\/uploads\/2023\/11\/Schule1.jpg 640w, http:\/\/nordwind.info\/wp-content\/uploads\/2023\/11\/Schule1-300x207.jpg 300w\" sizes=\"auto, (max-width: 640px) 100vw, 640px\" \/><\/a><\/p>\n<p>Die Schule mu\u00df zu fr\u00fcheren Zeiten f\u00fcr mehrere umliegenden D\u00f6rfer genutzt worden sein, denn sonst war nichts von einer Ansiedlung zu finden.<\/p>\n<p><a href=\"http:\/\/nordwind.info\/wp-content\/uploads\/2023\/11\/Schule2.jpg\"><img loading=\"lazy\" decoding=\"async\" class=\"alignright size-full wp-image-11527\" src=\"http:\/\/nordwind.info\/wp-content\/uploads\/2023\/11\/Schule2.jpg\" alt=\"\" width=\"640\" height=\"441\" srcset=\"http:\/\/nordwind.info\/wp-content\/uploads\/2023\/11\/Schule2.jpg 640w, http:\/\/nordwind.info\/wp-content\/uploads\/2023\/11\/Schule2-300x207.jpg 300w\" sizes=\"auto, (max-width: 640px) 100vw, 640px\" \/><\/a><\/p>\n<p>Wegen der zentralen Lage wurde ein Seitenzimmer noch als Behandlungszimmer f\u00fcr den Landarzt genutzt.<\/p>\n<p><a href=\"#\">Nach oben<\/a><\/p>\n","protected":false},"excerpt":{"rendered":"<p>Bei einer Tour durch die Olivenw\u00e4lder von Korfu im Jahre 2006 fanden wir dieses (fast verlassene) Schulgeb\u00e4ude. Kartenauszug OSM Recherchen: 2006 Fundstellen: Google-Maps Die Schule mu\u00df zu fr\u00fcheren Zeiten f\u00fcr mehrere umliegenden D\u00f6rfer genutzt worden sein, denn sonst war nichts &hellip; <a href=\"http:\/\/nordwind.info\/?page_id=11525\">Weiterlesen <span class=\"meta-nav\">&rarr;<\/span><\/a><\/p>\n","protected":false},"author":1,"featured_media":0,"parent":2400,"menu_order":0,"comment_status":"closed","ping_status":"closed","template":"","meta":{"footnotes":""},"class_list":["post-11525","page","type-page","status-publish","hentry"],"_links":{"self":[{"href":"http:\/\/nordwind.info\/index.php?rest_route=\/wp\/v2\/pages\/11525","targetHints":{"allow":["GET"]}}],"collection":[{"href":"http:\/\/nordwind.info\/index.php?rest_route=\/wp\/v2\/pages"}],"about":[{"href":"http:\/\/nordwind.info\/index.php?rest_route=\/wp\/v2\/types\/page"}],"author":[{"embeddable":true,"href":"http:\/\/nordwind.info\/index.php?rest_route=\/wp\/v2\/users\/1"}],"replies":[{"embeddable":true,"href":"http:\/\/nordwind.info\/index.php?rest_route=%2Fwp%2Fv2%2Fcomments&post=11525"}],"version-history":[{"count":3,"href":"http:\/\/nordwind.info\/index.php?rest_route=\/wp\/v2\/pages\/11525\/revisions"}],"predecessor-version":[{"id":11530,"href":"http:\/\/nordwind.info\/index.php?rest_route=\/wp\/v2\/pages\/11525\/revisions\/11530"}],"up":[{"embeddable":true,"href":"http:\/\/nordwind.info\/index.php?rest_route=\/wp\/v2\/pages\/2400"}],"wp:attachment":[{"href":"http:\/\/nordwind.info\/index.php?rest_route=%2Fwp%2Fv2%2Fmedia&parent=11525"}],"curies":[{"name":"wp","href":"https:\/\/api.w.org\/{rel}","templated":true}]}}