{"id":11484,"date":"2023-11-22T04:08:58","date_gmt":"2023-11-22T04:08:58","guid":{"rendered":"http:\/\/nordwind.info\/?page_id=11484"},"modified":"2023-12-05T06:00:20","modified_gmt":"2023-12-05T06:00:20","slug":"nienburg-weser-stalag-xc-oflag-xb","status":"publish","type":"page","link":"http:\/\/nordwind.info\/?page_id=11484","title":{"rendered":"Nienburg (Weser), Stalag X C \/ Oflag X B"},"content":{"rendered":"<ul>\n<li>Objektname: Kriegsgefangenenlager Oflag X B \/ Stalag X C<\/li>\n<li>Ortslage\/LK: Nienburg (Weser), Niedersachsen<\/li>\n<li>Koordinaten: N\u00a052.63526, E 9.2278<\/li>\n<li>Nutzung: \u00a0 \u00a0 \u00a0 \u00a01940 &#8211; 1945, 1945 &#8211; 1967, 1967 &#8211; heute\n<ul>\n<li style=\"list-style-type: none;\">\n<ul>\n<li style=\"list-style-type: none;\">\n<ul>\n<li style=\"list-style-type: none;\">\n<ul>\n<li>Unterbringung von ca. 1.500 &#8211; 2000 Offiziere<\/li>\n<li>Unterbringung von ca. 1000 Mannschaften<\/li>\n<li>Verwaltung von 40.000 &#8211; 50.000 Kriegsgefangenen (Arbeitskommandos)<\/li>\n<li>Unterbringung von Fl\u00fcchtlingen<\/li>\n<li>Nutzung durch die britische Besatzungsarmee<\/li>\n<li>Nutzung durch die Standortverwaltung Nienburg<\/li>\n<\/ul>\n<\/li>\n<\/ul>\n<\/li>\n<\/ul>\n<\/li>\n<\/ul>\n<\/li>\n<li>Ausr\u00fcstung: \u00a0 ca. 10 Unterkunftsgeb\u00e4ude (Oflag)\n<ul>\n<li style=\"list-style-type: none;\">\n<ul>\n<li style=\"list-style-type: none;\">\n<ul>\n<li style=\"list-style-type: none;\">\n<ul>\n<li>ca. 20 Unterkunftsgeb\u00e4ude (Stalag)<\/li>\n<li>diverse Verwaltungsgeb\u00e4ude<\/li>\n<\/ul>\n<\/li>\n<\/ul>\n<\/li>\n<\/ul>\n<\/li>\n<\/ul>\n<\/li>\n<li>Ist-Zustand: \u00a0Die Geb\u00e4ude des Stalag wurden in den 1950-er Jahren abgerissen.\n<ul>\n<li style=\"list-style-type: none;\">\n<ul>\n<li style=\"list-style-type: none;\">\n<ul>\n<li style=\"list-style-type: none;\">\n<ul>\n<li>Die Geb\u00e4ude des Oflag X B sind zum gr\u00f6\u00dften Teil erhalten.<\/li>\n<li>Nutzer sind die Bundeswehr und das Technische Hilfswerk<\/li>\n<\/ul>\n<\/li>\n<\/ul>\n<\/li>\n<\/ul>\n<\/li>\n<\/ul>\n<\/li>\n<li>Recherchen: \u00a02013<\/li>\n<li>Fundstellen: \u00a0Gefangen hinter Stacheldraht, Hans-J\u00fcrgen-Sonnenberg\n<ul>\n<li style=\"list-style-type: none;\">\n<ul>\n<li style=\"list-style-type: none;\">\n<ul>\n<li style=\"list-style-type: none;\">\n<ul>\n<li><a href=\"https:\/\/gedenkstaettenfoerderung.stiftung-ng.de\/de\/forschung-dokumentation\/wehrmacht-kriegsgefangene\/arbeitseinsatz\/arbeitseinsatz-sowjetischer-kriegsgefangener\/datenbank\/?tx_sngdatabase_pi1%5B%40widget_0%5D%5BcurrentPage%5D=12&amp;tx_sngdatabase_pi1%5B%40widget_0%5D%5Bsword%5D=test&amp;tx_sngdatabase_pi1%5B%40widget_1%5D%5BcurrentPage%5D=13&amp;cHash=2a8b4e39bd600436ae07d6533c67d4e9\">Gedenst\u00e4ttenf\u00f6rderung Niedersachsen<\/a> (Datenbank)<\/li>\n<li><a href=\"http:\/\/www.relikte.com\/nienb_stalag\/index.htm\" target=\"_blank\" rel=\"noopener\">Stalag XC und Offlag XB<\/a> &#8211;\u00a0Relikte.com<\/li>\n<li><a title=\"Nienburg \u2013 Endlich wieder Mensch sein d\u00fcrfen\" href=\"http:\/\/location-x.info\/?encyclopedia=nienburg-endlich-wieder-mensch-sein-duerfen\">Endlich wieder Mensch sein d\u00fcrfen<\/a> (Die Harke 2002)<\/li>\n<li><a title=\"Endlich raus aus der Baracke\" href=\"http:\/\/location-x.info\/?encyclopedia=endlich-raus-aus-der-baracke\">Endlich raus aus der Baracke<\/a> (Blickpunkt 19.04.2014)<\/li>\n<\/ul>\n<\/li>\n<\/ul>\n<\/li>\n<\/ul>\n<\/li>\n<\/ul>\n<\/li>\n<\/ul>\n<div id=\"mapp0_layout\" class=\"mapp-layout\" style=\"width: 640px; \"><div id=\"mapp0_links\" class=\"mapp-map-links\"><\/div><div id=\"mapp0_dialog\" class=\"mapp-dialog\"><\/div><div id=\"mapp0\" class=\"mapp-canvas\" style=\"width: 100%; height: 480px; \"><\/div><div id=\"mapp0_directions\" class=\"mapp-directions\" style=\"width:100%\"><\/div><div id=\"mapp0_poi_list\" class=\"mapp-poi-list\" style=\"width:100%\"><\/div><\/div>\n<p align=\"JUSTIFY\">Kartenauszug Google-Maps<\/p>\n<p align=\"JUSTIFY\"><a href=\"http:\/\/nordwind.info\/wp-content\/uploads\/2023\/11\/Stalag-Nienburg-Gedenktafel.jpg\"><img loading=\"lazy\" decoding=\"async\" class=\"alignright size-medium wp-image-11486\" src=\"http:\/\/nordwind.info\/wp-content\/uploads\/2023\/11\/Stalag-Nienburg-Gedenktafel-247x300.jpg\" alt=\"\" width=\"247\" height=\"300\" srcset=\"http:\/\/nordwind.info\/wp-content\/uploads\/2023\/11\/Stalag-Nienburg-Gedenktafel-247x300.jpg 247w, http:\/\/nordwind.info\/wp-content\/uploads\/2023\/11\/Stalag-Nienburg-Gedenktafel.jpg 527w\" sizes=\"auto, (max-width: 247px) 100vw, 247px\" \/><\/a>Im Jahre 1936 wurde in Nienburg die Mudra-Kaserne fertiggestellt, die zum Heimatstandort des Pionierbataillons 22 wurde. Diese Pioniereinheit verlegte 1940 an die Front, worauf s\u00e4mtliche Geb\u00e4ude \u00fcberwiegend leer standen. Bereits\u00a0 nach Abzug der Soldaten wurden etwa 1000 Offiziere der polnischen Armee, die in deutscher Kriegsgefangenschaft geraten sind, in der Mudra-Kaserne untergebracht. Zeitgleich wurde damit begonnen, auf einer riesigen Freifl\u00e4che \u00f6stlich der Mudra-Kaserne Geb\u00e4ude und Baracken zu errichten. Diese neu entstandenen Lager erhielten die Bezeichnung Stalag XC und Oflag XB.<\/p>\n<p align=\"JUSTIFY\"><a href=\"http:\/\/nordwind.info\/wp-content\/uploads\/2023\/11\/1280-Stalag-crop.jpg\"><img loading=\"lazy\" decoding=\"async\" class=\"alignright size-large wp-image-11488\" src=\"http:\/\/nordwind.info\/wp-content\/uploads\/2023\/11\/1280-Stalag-crop-1024x640.jpg\" alt=\"\" width=\"640\" height=\"400\" srcset=\"http:\/\/nordwind.info\/wp-content\/uploads\/2023\/11\/1280-Stalag-crop-1024x640.jpg 1024w, http:\/\/nordwind.info\/wp-content\/uploads\/2023\/11\/1280-Stalag-crop-300x188.jpg 300w, http:\/\/nordwind.info\/wp-content\/uploads\/2023\/11\/1280-Stalag-crop-768x480.jpg 768w, http:\/\/nordwind.info\/wp-content\/uploads\/2023\/11\/1280-Stalag-crop.jpg 1280w\" sizes=\"auto, (max-width: 640px) 100vw, 640px\" \/><\/a><\/p>\n<p align=\"JUSTIFY\">Ein Kartenausschnitt der <a title=\"Nienburg (Weser) \u2013 3321\" href=\"http:\/\/location-x.info\/?encyclopedia=nienburg-weser-3321\">TK 3321<\/a> (Ausgabe 1945\/46) von\u00a0<a href=\"http:\/\/sites.lib.byu.edu\/maps\/\/digital\/?goto=GermanyMaps\" target=\"_blank\" rel=\"noopener\">German Maps<\/a>\u00a0zeigt einen Umgebungsplan mit den\u00a0 Geb\u00e4uden von der Kaserne und dem Kriegsgefangenenlager.<\/p>\n<p align=\"JUSTIFY\">Die heutige Ziegelkampstra\u00dfe entede damals mit der\u00a0 Einm\u00fcndung der heutigen Biele-felder Stra\u00dfe, wo sich das Haupttor zum Oflag befand. In dem Offizierslager waren bis Kriegsende im Durchschnitt 1.500 &#8211; 2.000 &#8211; \u00fcberwiegend franz\u00f6sische Offiziere &#8211; \u00a0unter-gebracht. Die Geschichtsschreibung berichtet \u00fcber einen Fluchtversuch im Jahre 1941.<\/p>\n<p align=\"JUSTIFY\"><a href=\"http:\/\/nordwind.info\/wp-content\/uploads\/2023\/11\/aka1-crop.jpg\"><img loading=\"lazy\" decoding=\"async\" class=\"alignright size-full wp-image-11490\" src=\"http:\/\/nordwind.info\/wp-content\/uploads\/2023\/11\/aka1-crop.jpg\" alt=\"\" width=\"640\" height=\"360\" srcset=\"http:\/\/nordwind.info\/wp-content\/uploads\/2023\/11\/aka1-crop.jpg 640w, http:\/\/nordwind.info\/wp-content\/uploads\/2023\/11\/aka1-crop-300x169.jpg 300w\" sizes=\"auto, (max-width: 640px) 100vw, 640px\" \/><\/a><\/p>\n<p align=\"JUSTIFY\">Kartenausschnitt TOP 50 &#8211; Ausgabe 31.12.2009 &#8211; LGLN<a href=\"http:\/\/www.lgn.niedersachsen.de\/portal\/live.php?navigation_id=11004&amp;_psmand=35\"><img loading=\"lazy\" decoding=\"async\" class=\"alignright\" src=\"http:\/\/location-x.info\/wp-content\/uploads\/2013\/04\/LGN-31.12.2009.jpg\" alt=\"LGN 31.12.2009\" width=\"146\" height=\"30\" \/><\/a><\/p>\n<p align=\"JUSTIFY\">Links zweigte die heutige Danziger Stra\u00dfe ab, an dessen Ende sich das Haupttor zum Stalag befand.\u00a0In diesem Lager waren ca. 500 bis 1.000 Menschen\u00a0unterschiedlicher Nationen untergebracht.<\/p>\n<p align=\"JUSTIFY\"><a href=\"http:\/\/nordwind.info\/wp-content\/uploads\/2023\/11\/Muna-Langendamm-Rampe-crop.jpg\"><img loading=\"lazy\" decoding=\"async\" class=\"alignright size-full wp-image-11491\" src=\"http:\/\/nordwind.info\/wp-content\/uploads\/2023\/11\/Muna-Langendamm-Rampe-crop.jpg\" alt=\"\" width=\"640\" height=\"360\" srcset=\"http:\/\/nordwind.info\/wp-content\/uploads\/2023\/11\/Muna-Langendamm-Rampe-crop.jpg 640w, http:\/\/nordwind.info\/wp-content\/uploads\/2023\/11\/Muna-Langendamm-Rampe-crop-300x169.jpg 300w\" sizes=\"auto, (max-width: 640px) 100vw, 640px\" \/><\/a><\/p>\n<p align=\"JUSTIFY\">Noch vorhandene Rampe an der Bahnstrecke Wunstorf &#8211; Bremerhaven<\/p>\n<p align=\"JUSTIFY\">Das Stalag XC war f\u00fcr ca. 40.000 bis 50.000 Kriegsgefangene zust\u00e4ndig, die im gesamten Nieders\u00e4chsischen Raum\u00a0 als Zwangs- oder Fremdarbeiter in der Landwirtschaft, im Gewerbe und in der R\u00fcstungsindustrie eingesetzt wurden. Die Gedenkst\u00e4ttenf\u00f6rderung Niedersachsen hat das Schicksal von etwa 65.000 sowjetischen Kriegsgefangenen, die in etwa 2.000 Arbeitskommandos in Niedersachsen und Bremen zum Einsatz kamen, in einer ausf\u00fchrlichen <a href=\"https:\/\/gedenkstaettenfoerderung.stiftung-ng.de\/de\/forschung-dokumentation\/wehrmacht-kriegsgefangene\/arbeitseinsatz\/arbeitseinsatz-sowjetischer-kriegsgefangener\/datenbank\/?tx_sngdatabase_pi1%5B%40widget_0%5D%5BcurrentPage%5D=12&amp;tx_sngdatabase_pi1%5B%40widget_0%5D%5Bsword%5D=test&amp;tx_sngdatabase_pi1%5B%40widget_1%5D%5BcurrentPage%5D=13&amp;cHash=2a8b4e39bd600436ae07d6533c67d4e9\">Datenbank<\/a> erfa\u00dft..<\/p>\n<p align=\"JUSTIFY\"><a href=\"http:\/\/nordwind.info\/wp-content\/uploads\/2023\/11\/Barakke.jpg\"><img loading=\"lazy\" decoding=\"async\" class=\"alignright size-full wp-image-11492\" src=\"http:\/\/nordwind.info\/wp-content\/uploads\/2023\/11\/Barakke.jpg\" alt=\"\" width=\"640\" height=\"458\" srcset=\"http:\/\/nordwind.info\/wp-content\/uploads\/2023\/11\/Barakke.jpg 640w, http:\/\/nordwind.info\/wp-content\/uploads\/2023\/11\/Barakke-300x215.jpg 300w\" sizes=\"auto, (max-width: 640px) 100vw, 640px\" \/><\/a><\/p>\n<p align=\"JUSTIFY\">Das Stalag XC bestand aus Holzbaracken und standen im n\u00f6rdlichen Bereich hinter den Steingeb\u00e4uden. Die Zufahrt erfolgte \u00fcber die Danziger Stra\u00dfe, an deren Ende sich das Eingangstor befand.<\/p>\n<p align=\"JUSTIFY\"><a href=\"http:\/\/nordwind.info\/wp-content\/uploads\/2023\/11\/69f759e7f8b449c309a6338514a1c0ba.jpg\"><img loading=\"lazy\" decoding=\"async\" class=\"alignright size-full wp-image-11493\" src=\"http:\/\/nordwind.info\/wp-content\/uploads\/2023\/11\/69f759e7f8b449c309a6338514a1c0ba.jpg\" alt=\"\" width=\"746\" height=\"781\" srcset=\"http:\/\/nordwind.info\/wp-content\/uploads\/2023\/11\/69f759e7f8b449c309a6338514a1c0ba.jpg 746w, http:\/\/nordwind.info\/wp-content\/uploads\/2023\/11\/69f759e7f8b449c309a6338514a1c0ba-287x300.jpg 287w\" sizes=\"auto, (max-width: 746px) 100vw, 746px\" \/><\/a><\/p>\n<p align=\"JUSTIFY\">Blickpunkt vom 19.04.2014<\/p>\n<p align=\"JUSTIFY\">In den 1950-er Jahren wurden die Holzbaracken abgerissen und das Gel\u00e4nde der Britischen Armee zugeordnet, die auch die Anlagen der Mudra-Kaserne bis zu ihrem endg\u00fcltigen Abzug aus Nienburg \u00fcbernahm. Auf diesem Gel\u00e4nde befindet sich heute der Personalparkplatz des Krankenhauses Nienburg.<\/p>\n<p align=\"JUSTIFY\"><a href=\"http:\/\/nordwind.info\/wp-content\/uploads\/2023\/11\/Stalag-Nienburg-1.jpg\"><img loading=\"lazy\" decoding=\"async\" class=\"alignright size-full wp-image-11495\" src=\"http:\/\/nordwind.info\/wp-content\/uploads\/2023\/11\/Stalag-Nienburg-1.jpg\" alt=\"\" width=\"640\" height=\"360\" srcset=\"http:\/\/nordwind.info\/wp-content\/uploads\/2023\/11\/Stalag-Nienburg-1.jpg 640w, http:\/\/nordwind.info\/wp-content\/uploads\/2023\/11\/Stalag-Nienburg-1-300x169.jpg 300w\" sizes=\"auto, (max-width: 640px) 100vw, 640px\" \/><\/a><\/p>\n<p align=\"JUSTIFY\">In den jeweils dahinter liegenden Freifl\u00e4chen entstanden zahlreiche Geb\u00e4ude.\u00a0In den Unterkunftsbaracken waren einzelne Stuben eingerichtet, die mit jeweils 8-12 Mann belegt wurden. Die Geb\u00e4ude auf der n\u00f6rdlichen Seite der Ziegelkampstra\u00dfe sind in massiver Bauweise errichtet worden und bis heute erhalten geblieben.<\/p>\n<p align=\"JUSTIFY\"><a href=\"http:\/\/nordwind.info\/wp-content\/uploads\/2023\/11\/Stalag-Nienburg-2.jpg\"><img loading=\"lazy\" decoding=\"async\" class=\"alignright size-full wp-image-11496\" src=\"http:\/\/nordwind.info\/wp-content\/uploads\/2023\/11\/Stalag-Nienburg-2.jpg\" alt=\"\" width=\"640\" height=\"360\" srcset=\"http:\/\/nordwind.info\/wp-content\/uploads\/2023\/11\/Stalag-Nienburg-2.jpg 640w, http:\/\/nordwind.info\/wp-content\/uploads\/2023\/11\/Stalag-Nienburg-2-300x169.jpg 300w\" sizes=\"auto, (max-width: 640px) 100vw, 640px\" \/><\/a><\/p>\n<p align=\"JUSTIFY\">In diesem Lagerbereich befanden sich im s\u00fcdlichen Teil auch K\u00fcche und Kantine. Am Westrand des S\u00fcdteiles wurde das Vorlager eingerichtet. Darin standen die zwei massiven Bauten des Krankenreviers. Auch ein Duschhaus zur Entlausung sowie der Arrestbau befanden sich in diesem Bereich. Davor standen die Verwaltungsgeb\u00e4ude sowie die Unterk\u00fcnfte des Wachpersonals. Diese Geb\u00e4ude wurden bis etwa 1990 durch die Bundeswehr als Standortverwaltung genutzt und schon vor einigen Jahren abgerissen.<\/p>\n<p align=\"JUSTIFY\"><a href=\"http:\/\/nordwind.info\/wp-content\/uploads\/2023\/11\/Mudra-Kaserne-Luftbild.jpg\"><img loading=\"lazy\" decoding=\"async\" class=\"alignright size-full wp-image-11497\" src=\"http:\/\/nordwind.info\/wp-content\/uploads\/2023\/11\/Mudra-Kaserne-Luftbild.jpg\" alt=\"\" width=\"1024\" height=\"669\" srcset=\"http:\/\/nordwind.info\/wp-content\/uploads\/2023\/11\/Mudra-Kaserne-Luftbild.jpg 1024w, http:\/\/nordwind.info\/wp-content\/uploads\/2023\/11\/Mudra-Kaserne-Luftbild-300x196.jpg 300w, http:\/\/nordwind.info\/wp-content\/uploads\/2023\/11\/Mudra-Kaserne-Luftbild-768x502.jpg 768w\" sizes=\"auto, (max-width: 1024px) 100vw, 1024px\" \/><\/a><\/p>\n<p align=\"JUSTIFY\">1945\u00a0wurde das Kriegsgefangenenlager zum gr\u00f6\u00dften Teil evakuiert, wobei viele Menschen per Fu\u00dfmarsch zum Lager nach Wietzendorf zogen. \u00a0Am 09. April 1945 wurde Nienburg durch Verb\u00e4nde der Britische Armee erreicht und die dort verbliebenen Kriegs-gefangenen konnten in ihre Heimatl\u00e4nder zur\u00fcckkehren.<\/p>\n<p align=\"JUSTIFY\"><a href=\"http:\/\/nordwind.info\/wp-content\/uploads\/2023\/11\/Stalag-Nienburg-3.jpg\"><img loading=\"lazy\" decoding=\"async\" class=\"alignright size-full wp-image-11498\" src=\"http:\/\/nordwind.info\/wp-content\/uploads\/2023\/11\/Stalag-Nienburg-3.jpg\" alt=\"\" width=\"640\" height=\"360\" srcset=\"http:\/\/nordwind.info\/wp-content\/uploads\/2023\/11\/Stalag-Nienburg-3.jpg 640w, http:\/\/nordwind.info\/wp-content\/uploads\/2023\/11\/Stalag-Nienburg-3-300x169.jpg 300w\" sizes=\"auto, (max-width: 640px) 100vw, 640px\" \/><\/a><\/p>\n<p align=\"JUSTIFY\">Fast alle Geb\u00e4ude wurden nach dem Krieg zun\u00e4chst als Fl\u00fcchtlingslager genutzt. Die \u00fcbrigen Geb\u00e4ude s\u00fcdlich und s\u00fcdwestlich der Mudra-Kaserne wurden bis Anfang der 1960-er Jahre f\u00fcr Handel und Gewerbe genutzt. Die Bundeswehr \u00fcbernahm etwa 10 Geb\u00e4ude \u00f6stlich der Mudra-Kaserne, die bis heute erhalten geblieben sind (Fotos oben).<\/p>\n<p align=\"JUSTIFY\"><a href=\"http:\/\/nordwind.info\/wp-content\/uploads\/2023\/11\/Stalag-Nienburg-4.jpg\"><img loading=\"lazy\" decoding=\"async\" class=\"alignright size-full wp-image-11499\" src=\"http:\/\/nordwind.info\/wp-content\/uploads\/2023\/11\/Stalag-Nienburg-4.jpg\" alt=\"\" width=\"640\" height=\"360\" srcset=\"http:\/\/nordwind.info\/wp-content\/uploads\/2023\/11\/Stalag-Nienburg-4.jpg 640w, http:\/\/nordwind.info\/wp-content\/uploads\/2023\/11\/Stalag-Nienburg-4-300x169.jpg 300w\" sizes=\"auto, (max-width: 640px) 100vw, 640px\" \/><\/a><\/p>\n<p align=\"JUSTIFY\">An der \u00f6stlichen Toreinfahrt zum heutigen Gel\u00e4nde der Bundeswehr erinnert eine Gedenktafel, die von ehemaligen franz\u00f6sischen Kriegsgefangenen gestiftet wurde, an das Kriegsgefangenenlager Oflag XB (Inschrift siehe oben).<\/p>\n<p align=\"JUSTIFY\"><strong>Quellenangaben<\/strong><\/p>\n<ul>\n<li>\u00dcberlieferungen von Zeitzeugen<\/li>\n<li>Bildmaterial &#8211; Sammlung G. Kulawenski<\/li>\n<li>Bundesarchiv B 145 Bild-P000104, Niederseelbach-Taunus, Barackenunterkunft<\/li>\n<li>TK 3321 Ausgabe 1936-45) &#8211;\u00a0<a href=\"http:\/\/sites.lib.byu.edu\/maps\/\/digital\/?goto=GermanyMaps\" target=\"_blank\" rel=\"noopener\">German Maps<\/a><\/li>\n<li>TOP50 &#8211; 31.12.2009 &#8211;\u00a0<a title=\"Auszug aus den Geobasisdaten der Nieders\u00e4chsischen Vermessungs- und Katasterverwaltung\" href=\"http:\/\/www.lgn.niedersachsen.de\/portal\/live.php?navigation_id=11063&amp;article_id=51535&amp;_psmand=35\" target=\"_blank\" rel=\"noopener\">LGLN<\/a>.<\/li>\n<\/ul>\n","protected":false},"excerpt":{"rendered":"<p>Objektname: Kriegsgefangenenlager Oflag X B \/ Stalag X C Ortslage\/LK: Nienburg (Weser), Niedersachsen Koordinaten: N\u00a052.63526, E 9.2278 Nutzung: \u00a0 \u00a0 \u00a0 \u00a01940 &#8211; 1945, 1945 &#8211; 1967, 1967 &#8211; heute Unterbringung von ca. 1.500 &#8211; 2000 Offiziere Unterbringung von ca. &hellip; <a href=\"http:\/\/nordwind.info\/?page_id=11484\">Weiterlesen <span class=\"meta-nav\">&rarr;<\/span><\/a><\/p>\n","protected":false},"author":1,"featured_media":0,"parent":2482,"menu_order":0,"comment_status":"closed","ping_status":"closed","template":"","meta":{"footnotes":""},"class_list":["post-11484","page","type-page","status-publish","hentry"],"_links":{"self":[{"href":"http:\/\/nordwind.info\/index.php?rest_route=\/wp\/v2\/pages\/11484","targetHints":{"allow":["GET"]}}],"collection":[{"href":"http:\/\/nordwind.info\/index.php?rest_route=\/wp\/v2\/pages"}],"about":[{"href":"http:\/\/nordwind.info\/index.php?rest_route=\/wp\/v2\/types\/page"}],"author":[{"embeddable":true,"href":"http:\/\/nordwind.info\/index.php?rest_route=\/wp\/v2\/users\/1"}],"replies":[{"embeddable":true,"href":"http:\/\/nordwind.info\/index.php?rest_route=%2Fwp%2Fv2%2Fcomments&post=11484"}],"version-history":[{"count":13,"href":"http:\/\/nordwind.info\/index.php?rest_route=\/wp\/v2\/pages\/11484\/revisions"}],"predecessor-version":[{"id":11508,"href":"http:\/\/nordwind.info\/index.php?rest_route=\/wp\/v2\/pages\/11484\/revisions\/11508"}],"up":[{"embeddable":true,"href":"http:\/\/nordwind.info\/index.php?rest_route=\/wp\/v2\/pages\/2482"}],"wp:attachment":[{"href":"http:\/\/nordwind.info\/index.php?rest_route=%2Fwp%2Fv2%2Fmedia&parent=11484"}],"curies":[{"name":"wp","href":"https:\/\/api.w.org\/{rel}","templated":true}]}}