{"id":11436,"date":"2023-11-20T08:07:08","date_gmt":"2023-11-20T08:07:08","guid":{"rendered":"http:\/\/nordwind.info\/?page_id=11436"},"modified":"2023-12-05T06:00:39","modified_gmt":"2023-12-05T06:00:39","slug":"11436-2","status":"publish","type":"page","link":"http:\/\/nordwind.info\/?page_id=11436","title":{"rendered":"Rohrsen, Stalag XC &#8211; Lazarett"},"content":{"rendered":"<ul>\n<li>Objektname: \u00a0Stalag XC &#8211; Lazarett Rohrsen<\/li>\n<li>Ortslage\/LK: \u00a0Rohrsen, SG Heemsen, LK Nienburg\/Weser<\/li>\n<li>Nutzung: \u00a0 \u00a0 \u00a0 \u00a0 1940 &#8211; 1945Wehrmacht\n<ul>\n<li style=\"list-style-type: none;\">\n<ul>\n<li style=\"list-style-type: none;\">\n<ul>\n<li style=\"list-style-type: none;\">\n<ul>\n<li>\u00a0<a href=\"http:\/\/nordwind.info\/?page_id=11484\">Stalag XC, Nienburg<\/a><\/li>\n<\/ul>\n<\/li>\n<\/ul>\n<\/li>\n<\/ul>\n<\/li>\n<\/ul>\n<\/li>\n<li>Zustand: \u00a0 \u00a0 \u00a0 \u00a0 \u00a0Auf dem ehemaligen Gel\u00e4nde befindet sich eine Siedlung\n<ul>\n<li style=\"list-style-type: none;\">\n<ul>\n<li style=\"list-style-type: none;\">\n<ul>\n<li style=\"list-style-type: none;\">\n<ul>\n<li>\u00a0Am Friedhof befindet sich eine Gedenkst\u00e4tte<\/li>\n<\/ul>\n<\/li>\n<\/ul>\n<\/li>\n<\/ul>\n<\/li>\n<\/ul>\n<\/li>\n<li>Recherche: \u00a0 \u00a0 \u00a0<a title=\"Gedenkst\u00e4tte Heemsen\" href=\"https:\/\/www.heemsen.de\/portal\/seiten\/gedenkstaette-heemsen-906000028-21540.html\" target=\"_blank\" rel=\"noopener\">Gedenkst\u00e4tte Heemsen<\/a>\n<ul>\n<li style=\"list-style-type: none;\">\n<ul>\n<li style=\"list-style-type: none;\">\n<ul>\n<li style=\"list-style-type: none;\">\n<ul>\n<li>\u00a0 <a href=\"https:\/\/gedenkstaettenfoerderung.stiftung-ng.de\/de\/forschung-dokumentation\/wehrmacht-kriegsgefangene\/arbeitseinsatz\/arbeitseinsatz-sowjetischer-kriegsgefangener\/datenbank\/?tx_sngdatabase_pi1%5B%40widget_0%5D%5BcurrentPage%5D=12&amp;tx_sngdatabase_pi1%5B%40widget_0%5D%5Bsword%5D=test&amp;tx_sngdatabase_pi1%5B%40widget_1%5D%5BcurrentPage%5D=13&amp;cHash=2a8b4e39bd600436ae07d6533c67d4e9\">Gedenst\u00e4ttenf\u00f6rderung Niedersachsen<\/a> (Datenbank)<\/li>\n<\/ul>\n<\/li>\n<\/ul>\n<\/li>\n<\/ul>\n<\/li>\n<\/ul>\n<\/li>\n<\/ul>\n<div id=\"mapp0_layout\" class=\"mapp-layout\" style=\"width: 640px; \"><div id=\"mapp0_links\" class=\"mapp-map-links\"><\/div><div id=\"mapp0_dialog\" class=\"mapp-dialog\"><\/div><div id=\"mapp0\" class=\"mapp-canvas\" style=\"width: 100%; height: 480px; \"><\/div><div id=\"mapp0_directions\" class=\"mapp-directions\" style=\"width:100%\"><\/div><div id=\"mapp0_poi_list\" class=\"mapp-poi-list\" style=\"width:100%\"><\/div><\/div>\n<p>Kartenauszug Google Maps<\/p>\n<p style=\"text-align: justify;\">Von 1941 bis 1945 befand sich an der Bundesstra\u00dfe 209 zwischen Rohrsen und Heemsen (heute Bereich Tannenweg und Fliederweg) ein Lager f\u00fcr russische Kriegsgefangene. In dem Stalag XC, Lazarett Rohrsen wurden fast ausschlie\u00dflich sowjetische Kriegsgefangene aus den Lagern des Wehrkreises X (N\u00f6rdliches Niedersachsen und Schleswig-Holstein) eingeliefert, die dort wegen Unterern\u00e4hrung und Krankheit (\u00d6deme, Tuberkulose, Ruhr u.a.) ausgesondert und als Todkranke ins \u201eSterbelager Heemsen&#8220; gebracht wurden.<\/p>\n<p align=\"JUSTIFY\">Es f\u00fchrte die Bezeichnung \u201eStalag XC \u2013 Lazarett Zweigstelle Rohrsen&#8220; und war dem Stammlager XC in Nienburg zugeordnet. Es bestand aus 26 Holzbaracken und war f\u00fcr 500 Menschen ausgelegt.<\/p>\n<p align=\"JUSTIFY\"><a href=\"http:\/\/nordwind.info\/wp-content\/uploads\/2023\/11\/Heemsen-Stalag.jpg\"><img loading=\"lazy\" decoding=\"async\" class=\"alignleft size-full wp-image-11439\" src=\"http:\/\/nordwind.info\/wp-content\/uploads\/2023\/11\/Heemsen-Stalag.jpg\" alt=\"\" width=\"1000\" height=\"603\" srcset=\"http:\/\/nordwind.info\/wp-content\/uploads\/2023\/11\/Heemsen-Stalag.jpg 1000w, http:\/\/nordwind.info\/wp-content\/uploads\/2023\/11\/Heemsen-Stalag-300x181.jpg 300w, http:\/\/nordwind.info\/wp-content\/uploads\/2023\/11\/Heemsen-Stalag-768x463.jpg 768w\" sizes=\"auto, (max-width: 1000px) 100vw, 1000px\" \/><\/a><\/p>\n<p align=\"JUSTIFY\">Kartenauschnitt <a href=\"http:\/\/maps.mapywig.org\/m\/ALLIED_maps\/series\/AMS_M841_GERMANY_25K_WEST\/3221_EYSTRUP_GSGS_4414_(AMS_M841)_3rd_ed_1952.jpg\">TK 1:25.000 Blatt 3221, Ausgabe 1952<\/a><\/p>\n<p align=\"JUSTIFY\">Die meisten Lagerinsassen gingen qualvoll an Unterern\u00e4hrung und fehlender \u00e4rztlicher Versorgung zu Grunde. Sie wurden in Massengr\u00e4bern in der N\u00e4he der Heemser M\u00fchle verscharrt. 746 Kriegsgefangene haben dort ihre letzte Ruhest\u00e4tte gefunden. Dort befindet sich die heutige Gedenkst\u00e4tte, ein Gr\u00e4berfeld, auf dem im Zweiten Weltkrieg 746 sowjetische Kriegsgefangene ihre letzte Ruhe fanden.<\/p>\n<p align=\"JUSTIFY\"><a href=\"http:\/\/nordwind.info\/wp-content\/uploads\/2023\/11\/Heemsen-Friedhof-Hee-2.jpg\"><img loading=\"lazy\" decoding=\"async\" class=\"alignleft size-full wp-image-11441\" src=\"http:\/\/nordwind.info\/wp-content\/uploads\/2023\/11\/Heemsen-Friedhof-Hee-2.jpg\" alt=\"\" width=\"640\" height=\"360\" srcset=\"http:\/\/nordwind.info\/wp-content\/uploads\/2023\/11\/Heemsen-Friedhof-Hee-2.jpg 640w, http:\/\/nordwind.info\/wp-content\/uploads\/2023\/11\/Heemsen-Friedhof-Hee-2-300x169.jpg 300w\" sizes=\"auto, (max-width: 640px) 100vw, 640px\" \/><\/a><\/p>\n<p align=\"JUSTIFY\">Ruhest\u00e4tte f\u00fcr 746 sowjetische Kriegsgefangene: Die heutige Gedenkst\u00e4tte<\/p>\n<p align=\"JUSTIFY\">Zahllose Gefangenen starben bereits auf dem Transport, \u00fcberstanden den einen Kilometer langen Fu\u00dfmarsch vom Bahnhof Rohrsen bis zum Lager nicht oder starben kurz nach dem Eintreffen. Nur wenige Gefangene waren kr\u00e4ftig genug, um bei Bauern in der N\u00e4he arbeiten und damit dem Hungertod zu entkommen.<\/p>\n<p align=\"JUSTIFY\"><a href=\"http:\/\/nordwind.info\/wp-content\/uploads\/2023\/11\/Heemsen-baracke.jpg\"><img loading=\"lazy\" decoding=\"async\" class=\"alignleft size-full wp-image-11440\" src=\"http:\/\/nordwind.info\/wp-content\/uploads\/2023\/11\/Heemsen-baracke.jpg\" alt=\"\" width=\"900\" height=\"600\" srcset=\"http:\/\/nordwind.info\/wp-content\/uploads\/2023\/11\/Heemsen-baracke.jpg 900w, http:\/\/nordwind.info\/wp-content\/uploads\/2023\/11\/Heemsen-baracke-300x200.jpg 300w, http:\/\/nordwind.info\/wp-content\/uploads\/2023\/11\/Heemsen-baracke-768x512.jpg 768w\" sizes=\"auto, (max-width: 900px) 100vw, 900px\" \/><\/a><\/p>\n<p align=\"JUSTIFY\">In den Baracken des Sterbelagers fanden nach Kriegsende zahlreiche Fl\u00fcchtlinge aus Schlesien ihre erste Zuflucht. Anfang der 50er Jahre bauten sie dort ihre H\u00e4user und wurden heimisch. Bis etwa Ende der 1960-er Jahre standen noch einige der Holzbaracken. Das Steinhaus, in dem sich die Lagerverwaltung befand ist heute noch erhalten, beherbergte\u00a0eine Handwebereis\u00a0und ist heute als Wohnhaus umgebaut.<\/p>\n<p align=\"JUSTIFY\">Der Volksbund Deutsche Kriegsgr\u00e4berf\u00fcrsorge und die Gemeinde Heemsen legten 1950 auf dem Gel\u00e4nde des Massengrabes eine Gedenkst\u00e4tte an. Mit Beginn der Partnerschaften von Stadt, Landkreis und Kirchenkreis Nienburg mit der Stadt, der russisch-orthodoxen Kirche und der j\u00fcdischen Gemeinde von Witebsk im Jahre 1989 wurde der Friedhof zu einem Ort der Begegnung und Vers\u00f6hnung.<\/p>\n<p align=\"JUSTIFY\">Die Gedenkst\u00e4tte Heemsen ist von Nienburg oder Verden \u00fcber die B 215 bis Rohrsen und dann \u00fcber die B 209 bis Heemsen zu erreichen. An der Kirche in Heemsen links abbiegen in die Schulstra\u00dfe und nach ca. 600 Metern in den Ginsterweg oder den M\u00fchlenweg einbiegen<\/p>\n<p align=\"JUSTIFY\"><strong>Quellenangaben<\/strong><\/p>\n<ul>\n<li>\n<div align=\"JUSTIFY\">Samtgemeinde Heemsen &#8211;\u00a0<a title=\"Gedenkst\u00e4tte Heemsen\" href=\"https:\/\/www.heemsen.de\/portal\/seiten\/gedenkstaette-heemsen-906000028-21540.html\" target=\"_blank\" rel=\"noopener\">Gedenkst\u00e4tte Heemsen<\/a><\/div>\n<\/li>\n<li>Dieter Lichtblau, Hans-J\u00fcrgen Sonnenberg<\/li>\n<li>Bildmaterial &#8211; Sammlung G. Kulawenski<\/li>\n<li>Bundesarchiv B 145 Bild-P000104, Niederseelbach-Taunus, Barackenunterkunft<\/li>\n<li><a href=\"http:\/\/maps.mapywig.org\/m\/ALLIED_maps\/series\/AMS_M841_GERMANY_25K_WEST\/3221_EYSTRUP_GSGS_4414_(AMS_M841)_3rd_ed_1952.jpg\">TK 1:25.000 Blatt 3221, Ausgabe 1952<\/a><\/li>\n<\/ul>\n","protected":false},"excerpt":{"rendered":"<p>Objektname: \u00a0Stalag XC &#8211; Lazarett Rohrsen Ortslage\/LK: \u00a0Rohrsen, SG Heemsen, LK Nienburg\/Weser Nutzung: \u00a0 \u00a0 \u00a0 \u00a0 1940 &#8211; 1945Wehrmacht \u00a0Stalag XC, Nienburg Zustand: \u00a0 \u00a0 \u00a0 \u00a0 \u00a0Auf dem ehemaligen Gel\u00e4nde befindet sich eine Siedlung \u00a0Am Friedhof befindet sich &hellip; <a href=\"http:\/\/nordwind.info\/?page_id=11436\">Weiterlesen <span class=\"meta-nav\">&rarr;<\/span><\/a><\/p>\n","protected":false},"author":1,"featured_media":0,"parent":2482,"menu_order":0,"comment_status":"closed","ping_status":"closed","template":"","meta":{"footnotes":""},"class_list":["post-11436","page","type-page","status-publish","hentry"],"_links":{"self":[{"href":"http:\/\/nordwind.info\/index.php?rest_route=\/wp\/v2\/pages\/11436","targetHints":{"allow":["GET"]}}],"collection":[{"href":"http:\/\/nordwind.info\/index.php?rest_route=\/wp\/v2\/pages"}],"about":[{"href":"http:\/\/nordwind.info\/index.php?rest_route=\/wp\/v2\/types\/page"}],"author":[{"embeddable":true,"href":"http:\/\/nordwind.info\/index.php?rest_route=\/wp\/v2\/users\/1"}],"replies":[{"embeddable":true,"href":"http:\/\/nordwind.info\/index.php?rest_route=%2Fwp%2Fv2%2Fcomments&post=11436"}],"version-history":[{"count":19,"href":"http:\/\/nordwind.info\/index.php?rest_route=\/wp\/v2\/pages\/11436\/revisions"}],"predecessor-version":[{"id":11516,"href":"http:\/\/nordwind.info\/index.php?rest_route=\/wp\/v2\/pages\/11436\/revisions\/11516"}],"up":[{"embeddable":true,"href":"http:\/\/nordwind.info\/index.php?rest_route=\/wp\/v2\/pages\/2482"}],"wp:attachment":[{"href":"http:\/\/nordwind.info\/index.php?rest_route=%2Fwp%2Fv2%2Fmedia&parent=11436"}],"curies":[{"name":"wp","href":"https:\/\/api.w.org\/{rel}","templated":true}]}}