

{"id":11373,"date":"2023-11-20T03:43:00","date_gmt":"2023-11-20T03:43:00","guid":{"rendered":"http:\/\/nordwind.info\/?page_id=11373"},"modified":"2025-11-08T08:08:09","modified_gmt":"2025-11-08T08:08:09","slug":"winzlar-steinbock","status":"publish","type":"page","link":"http:\/\/nordwind.info\/?page_id=11373","title":{"rendered":"Winzlar &#8211; Steinbock"},"content":{"rendered":"<ul>\n<li>Objektname:<span class=\"Apple-converted-space\">\u00a0 <\/span>Funkmess-Stellung Winzlar (1. Ordnung)<\/li>\n<li>Bezeichnung: Steinbock (80)<\/li>\n<li>Ort\/Landkr.:<span class=\"Apple-converted-space\">\u00a0 <\/span>Winzlar (bei Wunstorf), LK Nienburg<\/li>\n<li>Nutzung: \u00a0 \u00a0 \u00a0 \u00a0<a href=\"http:\/\/www.ww2.dk\/ground\/ln\/ln202.html\">Luftnachrichten-Regiment 202<\/a>\u00a0\u2013\u00a001.10.42 \u2013 02.09.44\n<ul>\n<li style=\"list-style-type: none;\">\n<ul>\n<li style=\"list-style-type: none;\">\n<ul>\n<li style=\"list-style-type: none;\">\n<ul>\n<li>17. Flugmelde-Leit Kp, (II. Abteilung, Bremen sp\u00e4ter Langenhagen)<\/li>\n<li><a href=\"http:\/\/www.ww2.dk\/ground\/ln\/ln232.html\">Luftnachrichten-Regiment 232<\/a>\u00a0\u2013 02.09.44 \u2013 08.05.45<\/li>\n<li>30. schwere Flugmelde-Leit Kp, (IV. Abteilung, Steinhude)<\/li>\n<\/ul>\n<\/li>\n<\/ul>\n<\/li>\n<\/ul>\n<\/li>\n<\/ul>\n<\/li>\n<li>Feldpost:<span class=\"Apple-converted-space\">\u00a0 \u00a0 \u00a0 \u00a0 <\/span>49113<\/li>\n<li>Fluko: \u00a0 \u00a0 \u00a0 \u00a0 \u00a0 \u00a0 Hannover, Steinhude (KleinFluko)<\/li>\n<li>Ausr\u00fcstung: \u00a0<a href=\"https:\/\/de.wikipedia.org\/wiki\/Himmelbett-Verfahren\">Himmelbett-Verfahren<\/a>\n<ul>\n<li style=\"list-style-type: none;\">\n<ul>\n<li style=\"list-style-type: none;\">\n<ul>\n<li style=\"list-style-type: none;\">\n<ul>\n<li>1 <a href=\"https:\/\/de.wikipedia.org\/wiki\/Jagdschlo\u00df_(Radar)\">Jagdschloss<\/a><\/li>\n<li>1 <a href=\"http:\/\/de.wikipedia.org\/wiki\/Freya_(Radar)\">Freya<\/a><span class=\"Apple-converted-space\">\u00a0 <\/span>mit Kennung eigener Flugzeuge<\/li>\n<li>1 <a href=\"http:\/\/de.wikipedia.org\/wiki\/Freya_(Radar)\">Freya<\/a> <span class=\"Apple-converted-space\">\u00a0<\/span><\/li>\n<li>2 <a href=\"http:\/\/de.wikipedia.org\/wiki\/W%C3%BCrzburg-Riese\">W\u00fcrzburg-Riese<\/a><\/li>\n<li>1 Y-Linie<\/li>\n<\/ul>\n<\/li>\n<\/ul>\n<\/li>\n<\/ul>\n<\/li>\n<\/ul>\n<\/li>\n<li>Ist-Zustand: \u00a0 Bis auf ein Geb\u00e4ude ist nichts mehr von der Stellung vorhanden. Das Geb\u00e4ude dient heute zur landwirtschaftlichen Nutzung.<\/li>\n<li>Fundstellen: Hoffmann II\/1, 421,449,483, II\/2 303,495,\n<ul>\n<li style=\"list-style-type: none;\">\n<ul>\n<li style=\"list-style-type: none;\">\n<ul>\n<li style=\"list-style-type: none;\">\n<ul>\n<li>Karl Otto Hoffmann: Ln. \u2013 Die Geschichte der Luftnachrichtentruppe<\/li>\n<li>Band 1: Die Anf\u00e4nge von 1935\u20131939,<\/li>\n<li>Band 2.1: Der Flugmelde- und J\u00e4gerleitdienst 1939\u20131945,<\/li>\n<li>Band 2.2: Drahtnachrichtenverbindung, Richtfunk 1939\u20131945; Wuppertal 1965, 1968, 1973.<\/li>\n<li><a href=\"http:\/\/maps.mapywig.org\/m\/ALLIED_maps\/series\/AMS_M841_GERMANY_25K_WEST\/3521_REHBURG_GSGS_4414_Ed2_3.1945_McM86026.jpg\">TK 1:25000 Blatt 3521, Ausgabe 1945\u00a0<\/a><\/li>\n<li><a href=\"http:\/\/maps.mapywig.org\/m\/ALLIED_maps\/series\/AMS_M841_GERMANY_25K_WEST\/3521_REHBURG_GSGS_4414_(AMS_M841)_4th_ed_1954.jpg\">TK 1:25.000 Blatt 3521, Ausgabe 1954<\/a><\/li>\n<li><a href=\"http:\/\/nordwind.info\/wp-content\/uploads\/2023\/11\/Deutschland-Funkmess-Stellungen-1944-45.jpg\">Funkmess-Stellungen 1944\/45<\/a>, Hoffmann Band II\/1<\/li>\n<li><a href=\"https:\/\/www.geschichtsspuren.de\/datenbanken\/luftnachrichten-datenbank\/details\/9\/54.html\">Geschichtsspuren<\/a> (Datenbank)<\/li>\n<li><a href=\"https:\/\/www.geschichtsspuren.de\/forum\/viewtopic.php?hilit=Winzlar&amp;p=173446&amp;sid=cd6060f22b92d44633034a743a05ed23\">Geschichtsspuren<\/a> (Recherche)<span class=\"Apple-converted-space\">\u00a0<\/span><\/li>\n<li><a href=\"https:\/\/ncap.org.uk\">NCAP.org.uk<\/a> &#8211; <a href=\"http:\/\/ncap.org.uk\/NCAP-000-001-053-013\">Winzlar; Hanover; Germany<\/a><\/li>\n<\/ul>\n<\/li>\n<\/ul>\n<\/li>\n<\/ul>\n<\/li>\n<\/ul>\n<\/li>\n<li>\n<p style=\"text-align: justify;\">Recherchen: \u00a0 \u00a0Die Jagdschlo\u00df-Anlage auf dem Haarberg ist eindeutig. Die Anlage hatte Panorama-Funktion mit einer Reichweite bis zu 200 km und diente zur Fr\u00fcherkennung. Die Freya-Ger\u00e4te erm\u00f6glichten die Ermittlung von Richtung und Entfernung anfliegender Flugzeuge. Mit diesen Daten konnte die W\u00fcrzburg-Anlagen die Anflugh\u00f6he messen (<a href=\"https:\/\/de.wikipedia.org\/wiki\/Himmelbett-Verfahren\">Himmelbett-Verfahren<\/a>). \u00a0Es ist eindeutig, da\u00df die Ger\u00e4te so dicht wie m\u00f6glich zusammen standen, um Mi\u00dfweisungen auszuschlie\u00dfen. \u00a0Bei einem Vergleich der aktuellen Karte mit den Topographischen Karten aus den Jahren 1945\/1954 werden die ehemaligen Zuwegungen mit den vermutlichen Standorte der Funkmess-Ger\u00e4te sichtbar.<\/p>\n<\/li>\n<\/ul>\n<div id=\"mapp0_layout\" class=\"mapp-layout\" style=\"width: 640px; \"><div id=\"mapp0_links\" class=\"mapp-map-links\"><\/div><div id=\"mapp0_dialog\" class=\"mapp-dialog\"><\/div><div id=\"mapp0\" class=\"mapp-canvas\" style=\"width: 100%; height: 480px; \"><\/div><div id=\"mapp0_directions\" class=\"mapp-directions\" style=\"width:100%\"><\/div><div id=\"mapp0_poi_list\" class=\"mapp-poi-list\" style=\"width:100%\"><\/div><\/div>\n<p>Auszug Google Maps<\/p>\n<div id=\"ShortCode_Div\">\n\n\t\t\t\t<div id=\"map_ol3js_1\" class=\"map undefined\" data-map_name=\"undefined\" data-map=\"map_ol3js_1\" style=\"width:100%; max-width:100%; height:450px; display:block; overflow:hidden;border:2px solid grey;\" >\n\t\t\t\t  <div id=\"map_ol3js_1_popup\" class=\"ol-popup\" >\n\t\t\t\t\t<a href=\"#\" id=\"map_ol3js_1_popup-closer\" class=\"ol-popup-closer\"><\/a>\n\t\t\t\t\t<div id=\"map_ol3js_1_popup-content\" ><\/div>\n\t\t\t\t  <\/div>\n\t\t\t\t<\/div>\n\t\t\t\n\n\t\t\t\t<script type=\"text\/javascript\">\n\t\t\t\t\ttranslations['openlayer'] = \"open layer\";\n\t\t\t\t\ttranslations['openlayerAtStartup'] = \"open layer at startup\";\n\t\t\t\t\ttranslations['generateLink'] = \"Der Link zur Karte mit ausgew\u00e4hlten Overlays und angezeigtem Ausschnitt\";\n\t\t\t\t\ttranslations['shortDescription'] = \"Kurzbeschreibung\";\n\t\t\t\t\ttranslations['generatedShortCode'] = \"to get a text control link paste this code in your wordpress editor\";\n\t\t\t\t\ttranslations['closeLayer'] = \"close layer\";\n\t\t\t\t\ttranslations['cantGenerateLink'] = \"put this string in the existing map short code to control this map\";\n\t\t\t  <\/script>\n\n\n\t\t\t  <script type=\"text\/javascript\">\n\t\t\t  vectorM['map_ol3js_1'] = [];\n\t        \n        var raster = getTileLayer(\"osm\",\"NoKey\");\t\t\t\n\n\t\t\t  var map_ol3js_1 = new ol.Map({\n\t\t\t\tinteractions: ol.interaction.defaults.defaults({mouseWheelZoom:false}),\n\t\t\t\tlayers: [raster],\n\t\t\t\ttarget: \"map_ol3js_1\",\n\t\t\t\tview: new ol.View({\n\t\t\t\t  center: ol.proj.transform([9.2526,52.4477], \"EPSG:4326\", \"EPSG:3857\"),\n\t\t\t\t  zoom: 14.0\n\t\t\t\t})\n\t\t\t  });\n\t\t\t  osm_addMarkerLayer(map_ol3js_1,9.2676,52.4456,\"http:\/\/nordwind.info\/wp-content\/plugins\/osm\/icons\/mic_black_observ_10.png\",-16,-41,\"<p><\/p>\") ; \naddControls2Map(map_ol3js_1,0,1,3,1,5,6,7,1,1);\nosm_addPopupClickhandler(map_ol3js_1,  \"map_ol3js_1\"); \nosm_addMouseHover(map_ol3js_1); <\/script><\/div>\n<p>Auszug Open-Street-Map<\/p>\n<p><a href=\"http:\/\/nordwind.info\/wp-content\/uploads\/2023\/11\/Rehburg-Auszug-scaled.jpg\"><img loading=\"lazy\" decoding=\"async\" class=\"alignright size-large wp-image-11374\" src=\"http:\/\/nordwind.info\/wp-content\/uploads\/2023\/11\/Rehburg-Auszug-1024x769.jpg\" alt=\"\" width=\"640\" height=\"481\" srcset=\"http:\/\/nordwind.info\/wp-content\/uploads\/2023\/11\/Rehburg-Auszug-1024x769.jpg 1024w, http:\/\/nordwind.info\/wp-content\/uploads\/2023\/11\/Rehburg-Auszug-300x225.jpg 300w, http:\/\/nordwind.info\/wp-content\/uploads\/2023\/11\/Rehburg-Auszug-768x577.jpg 768w, http:\/\/nordwind.info\/wp-content\/uploads\/2023\/11\/Rehburg-Auszug-1536x1154.jpg 1536w, http:\/\/nordwind.info\/wp-content\/uploads\/2023\/11\/Rehburg-Auszug-2048x1539.jpg 2048w\" sizes=\"auto, (max-width: 640px) 100vw, 640px\" \/><\/a><\/p>\n<p>Auszug TK 1:25.000 &#8211; Ausgabe 1952<\/p>\n<p><a href=\"http:\/\/nordwind.info\/wp-content\/uploads\/2023\/11\/Z04-Sued-Ost.jpg\"><img loading=\"lazy\" decoding=\"async\" class=\"alignright size-large wp-image-11379\" src=\"http:\/\/nordwind.info\/wp-content\/uploads\/2023\/11\/Z04-Sued-Ost-1024x576.jpg\" alt=\"\" width=\"640\" height=\"360\" srcset=\"http:\/\/nordwind.info\/wp-content\/uploads\/2023\/11\/Z04-Sued-Ost-1024x576.jpg 1024w, http:\/\/nordwind.info\/wp-content\/uploads\/2023\/11\/Z04-Sued-Ost-300x169.jpg 300w, http:\/\/nordwind.info\/wp-content\/uploads\/2023\/11\/Z04-Sued-Ost-768x432.jpg 768w, http:\/\/nordwind.info\/wp-content\/uploads\/2023\/11\/Z04-Sued-Ost.jpg 1280w\" sizes=\"auto, (max-width: 640px) 100vw, 640px\" \/><\/a><\/p>\n<p>Ansucht ais S\u00fcd-Ost<\/p>\n<p><a href=\"http:\/\/nordwind.info\/wp-content\/uploads\/2023\/11\/Sued-1.jpg\"><img loading=\"lazy\" decoding=\"async\" class=\"alignleft size-large wp-image-11459\" src=\"http:\/\/nordwind.info\/wp-content\/uploads\/2023\/11\/Sued-1-1024x576.jpg\" alt=\"\" width=\"640\" height=\"360\" srcset=\"http:\/\/nordwind.info\/wp-content\/uploads\/2023\/11\/Sued-1-1024x576.jpg 1024w, http:\/\/nordwind.info\/wp-content\/uploads\/2023\/11\/Sued-1-300x169.jpg 300w, http:\/\/nordwind.info\/wp-content\/uploads\/2023\/11\/Sued-1-768x432.jpg 768w, http:\/\/nordwind.info\/wp-content\/uploads\/2023\/11\/Sued-1-1536x864.jpg 1536w, http:\/\/nordwind.info\/wp-content\/uploads\/2023\/11\/Sued-1.jpg 1920w\" sizes=\"auto, (max-width: 640px) 100vw, 640px\" \/><\/a><\/p>\n<p>Ansicht S\u00fcd<\/p>\n<p><a href=\"http:\/\/nordwind.info\/wp-content\/uploads\/2023\/11\/Sued-West-1.jpg\"><img loading=\"lazy\" decoding=\"async\" class=\"alignright size-large wp-image-11381\" src=\"http:\/\/nordwind.info\/wp-content\/uploads\/2023\/11\/Sued-West-1-1024x576.jpg\" alt=\"\" width=\"640\" height=\"360\" srcset=\"http:\/\/nordwind.info\/wp-content\/uploads\/2023\/11\/Sued-West-1-1024x576.jpg 1024w, http:\/\/nordwind.info\/wp-content\/uploads\/2023\/11\/Sued-West-1-300x169.jpg 300w, http:\/\/nordwind.info\/wp-content\/uploads\/2023\/11\/Sued-West-1-768x432.jpg 768w, http:\/\/nordwind.info\/wp-content\/uploads\/2023\/11\/Sued-West-1-1536x864.jpg 1536w, http:\/\/nordwind.info\/wp-content\/uploads\/2023\/11\/Sued-West-1.jpg 1920w\" sizes=\"auto, (max-width: 640px) 100vw, 640px\" \/><\/a>Ansicht aus S\u00fcd-West<\/p>\n<p><a href=\"http:\/\/nordwind.info\/wp-content\/uploads\/2023\/11\/Z-03.jpg\"><img loading=\"lazy\" decoding=\"async\" class=\"alignright size-large wp-image-11383\" src=\"http:\/\/nordwind.info\/wp-content\/uploads\/2023\/11\/Z-03-1024x576.jpg\" alt=\"\" width=\"640\" height=\"360\" srcset=\"http:\/\/nordwind.info\/wp-content\/uploads\/2023\/11\/Z-03-1024x576.jpg 1024w, http:\/\/nordwind.info\/wp-content\/uploads\/2023\/11\/Z-03-300x169.jpg 300w, http:\/\/nordwind.info\/wp-content\/uploads\/2023\/11\/Z-03-768x432.jpg 768w, http:\/\/nordwind.info\/wp-content\/uploads\/2023\/11\/Z-03-1536x864.jpg 1536w, http:\/\/nordwind.info\/wp-content\/uploads\/2023\/11\/Z-03.jpg 1920w\" sizes=\"auto, (max-width: 640px) 100vw, 640px\" \/><\/a><\/p>\n<p>Ansicht aus Nord-West<\/p>\n<p><a href=\"http:\/\/nordwind.info\/wp-content\/uploads\/2023\/11\/Z-05.jpg\"><img loading=\"lazy\" decoding=\"async\" class=\"alignright size-large wp-image-11385\" src=\"http:\/\/nordwind.info\/wp-content\/uploads\/2023\/11\/Z-05-1024x576.jpg\" alt=\"\" width=\"640\" height=\"360\" srcset=\"http:\/\/nordwind.info\/wp-content\/uploads\/2023\/11\/Z-05-1024x576.jpg 1024w, http:\/\/nordwind.info\/wp-content\/uploads\/2023\/11\/Z-05-300x169.jpg 300w, http:\/\/nordwind.info\/wp-content\/uploads\/2023\/11\/Z-05-768x432.jpg 768w, http:\/\/nordwind.info\/wp-content\/uploads\/2023\/11\/Z-05-1536x864.jpg 1536w, http:\/\/nordwind.info\/wp-content\/uploads\/2023\/11\/Z-05.jpg 1920w\" sizes=\"auto, (max-width: 640px) 100vw, 640px\" \/><\/a><\/p>\n<p>Ansicht aus Nord<a href=\"http:\/\/nordwind.info\/wp-content\/uploads\/2018\/03\/sh2schluss.gif\"><img loading=\"lazy\" decoding=\"async\" class=\"size-full wp-image-2750 aligncenter\" src=\"http:\/\/nordwind.info\/wp-content\/uploads\/2018\/03\/sh2schluss.gif\" alt=\"\" width=\"45\" height=\"66\" \/><\/a><\/p>\n<p><a href=\"#\">Nach oben<\/a><\/p>\n","protected":false},"excerpt":{"rendered":"<p>Objektname:\u00a0 Funkmess-Stellung Winzlar (1. Ordnung) Bezeichnung: Steinbock (80) Ort\/Landkr.:\u00a0 Winzlar (bei Wunstorf), LK Nienburg Nutzung: \u00a0 \u00a0 \u00a0 \u00a0Luftnachrichten-Regiment 202\u00a0\u2013\u00a001.10.42 \u2013 02.09.44 17. Flugmelde-Leit Kp, (II. Abteilung, Bremen sp\u00e4ter Langenhagen) Luftnachrichten-Regiment 232\u00a0\u2013 02.09.44 \u2013 08.05.45 30. schwere Flugmelde-Leit Kp, (IV. &hellip; <a href=\"http:\/\/nordwind.info\/?page_id=11373\">Weiterlesen <span class=\"meta-nav\">&rarr;<\/span><\/a><\/p>\n","protected":false},"author":1,"featured_media":0,"parent":10920,"menu_order":0,"comment_status":"closed","ping_status":"closed","template":"","meta":{"footnotes":""},"class_list":["post-11373","page","type-page","status-publish","hentry"],"_links":{"self":[{"href":"http:\/\/nordwind.info\/index.php?rest_route=\/wp\/v2\/pages\/11373","targetHints":{"allow":["GET"]}}],"collection":[{"href":"http:\/\/nordwind.info\/index.php?rest_route=\/wp\/v2\/pages"}],"about":[{"href":"http:\/\/nordwind.info\/index.php?rest_route=\/wp\/v2\/types\/page"}],"author":[{"embeddable":true,"href":"http:\/\/nordwind.info\/index.php?rest_route=\/wp\/v2\/users\/1"}],"replies":[{"embeddable":true,"href":"http:\/\/nordwind.info\/index.php?rest_route=%2Fwp%2Fv2%2Fcomments&post=11373"}],"version-history":[{"count":33,"href":"http:\/\/nordwind.info\/index.php?rest_route=\/wp\/v2\/pages\/11373\/revisions"}],"predecessor-version":[{"id":12666,"href":"http:\/\/nordwind.info\/index.php?rest_route=\/wp\/v2\/pages\/11373\/revisions\/12666"}],"up":[{"embeddable":true,"href":"http:\/\/nordwind.info\/index.php?rest_route=\/wp\/v2\/pages\/10920"}],"wp:attachment":[{"href":"http:\/\/nordwind.info\/index.php?rest_route=%2Fwp%2Fv2%2Fmedia&parent=11373"}],"curies":[{"name":"wp","href":"https:\/\/api.w.org\/{rel}","templated":true}]}}