

{"id":11303,"date":"2023-09-25T13:49:06","date_gmt":"2023-09-25T13:49:06","guid":{"rendered":"http:\/\/nordwind.info\/?page_id=11303"},"modified":"2023-09-25T13:55:25","modified_gmt":"2023-09-25T13:55:25","slug":"oxstedt-marinesperrwaffenarsenal","status":"publish","type":"page","link":"http:\/\/nordwind.info\/?page_id=11303","title":{"rendered":"Oxstedt, Marinesperrwaffenarsenal"},"content":{"rendered":"<p>Eine Runde f\u00fchrte uns \u00fcber das Gel\u00e4nde des ehemaligen Marinesperrwaffenarsenals Oxstedt. Siehe den Beitrag in der <a href=\"https:\/\/cuxpedia.de\/index.php?title=Marinesperrwaffenarsenal_Oxstedt\" target=\"_blank\" rel=\"noopener\">Cuxpedia<\/a>.<\/p>\n\n\n\t\t\t\t<div id=\"map_ol3js_1\" class=\"map undefined\" data-map_name=\"undefined\" data-map=\"map_ol3js_1\" style=\"width:100%; max-width:100%; height:450px; display:block; overflow:hidden;border:2px solid grey;\" >\n\t\t\t\t  <div id=\"map_ol3js_1_popup\" class=\"ol-popup\" >\n\t\t\t\t\t<a href=\"#\" id=\"map_ol3js_1_popup-closer\" class=\"ol-popup-closer\"><\/a>\n\t\t\t\t\t<div id=\"map_ol3js_1_popup-content\" ><\/div>\n\t\t\t\t  <\/div>\n\t\t\t\t<\/div>\n\t\t\t\n\n\t\t\t\t<script type=\"text\/javascript\">\n\t\t\t\t\ttranslations['openlayer'] = \"open layer\";\n\t\t\t\t\ttranslations['openlayerAtStartup'] = \"open layer at startup\";\n\t\t\t\t\ttranslations['generateLink'] = \"Der Link zur Karte mit ausgew\u00e4hlten Overlays und angezeigtem Ausschnitt\";\n\t\t\t\t\ttranslations['shortDescription'] = \"Kurzbeschreibung\";\n\t\t\t\t\ttranslations['generatedShortCode'] = \"to get a text control link paste this code in your wordpress editor\";\n\t\t\t\t\ttranslations['closeLayer'] = \"close layer\";\n\t\t\t\t\ttranslations['cantGenerateLink'] = \"put this string in the existing map short code to control this map\";\n\t\t\t  <\/script>\n\n\n\t\t\t  <script type=\"text\/javascript\">\n\t\t\t  vectorM['map_ol3js_1'] = [];\n\t        \n        var raster = getTileLayer(\"osm\",\"NoKey\");\t\t\t\n\n\t\t\t  var map_ol3js_1 = new ol.Map({\n\t\t\t\tinteractions: ol.interaction.defaults.defaults({mouseWheelZoom:false}),\n\t\t\t\tlayers: [raster],\n\t\t\t\ttarget: \"map_ol3js_1\",\n\t\t\t\tview: new ol.View({\n\t\t\t\t  center: ol.proj.transform([8.6395,53.8033], \"EPSG:4326\", \"EPSG:3857\"),\n\t\t\t\t  zoom: 14.0\n\t\t\t\t})\n\t\t\t  });\n\t\t\t  osm_addMarkerLayer(map_ol3js_1,8.6536,53.8066,\"http:\/\/nordwind.info\/wp-content\/plugins\/osm\/icons\/mic_red_pinother_02.png\",-16,-41,\"<p><\/p>\") ; \naddControls2Map(map_ol3js_1,0,0,3,0,5,6,7,0,1);\nosm_addPopupClickhandler(map_ol3js_1,  \"map_ol3js_1\"); \nosm_addMouseHover(map_ol3js_1); <\/script>\n<p>Auszug OSM<\/p>\n<p><a href=\"http:\/\/nordwind.info\/wp-content\/uploads\/2023\/09\/IMG_4469-scaled.jpeg\"><img loading=\"lazy\" decoding=\"async\" class=\"alignright size-large wp-image-11305\" src=\"http:\/\/nordwind.info\/wp-content\/uploads\/2023\/09\/IMG_4469-1024x768.jpeg\" alt=\"\" width=\"640\" height=\"480\" srcset=\"http:\/\/nordwind.info\/wp-content\/uploads\/2023\/09\/IMG_4469-1024x768.jpeg 1024w, http:\/\/nordwind.info\/wp-content\/uploads\/2023\/09\/IMG_4469-300x225.jpeg 300w, http:\/\/nordwind.info\/wp-content\/uploads\/2023\/09\/IMG_4469-768x576.jpeg 768w, http:\/\/nordwind.info\/wp-content\/uploads\/2023\/09\/IMG_4469-1536x1152.jpeg 1536w, http:\/\/nordwind.info\/wp-content\/uploads\/2023\/09\/IMG_4469-2048x1536.jpeg 2048w\" sizes=\"auto, (max-width: 640px) 100vw, 640px\" \/><\/a><\/p>\n<p>.<\/p>\n<p><a href=\"http:\/\/nordwind.info\/wp-content\/uploads\/2023\/09\/IMG_4470-scaled.jpeg\"><img loading=\"lazy\" decoding=\"async\" class=\"alignright size-large wp-image-11306\" src=\"http:\/\/nordwind.info\/wp-content\/uploads\/2023\/09\/IMG_4470-1024x768.jpeg\" alt=\"\" width=\"640\" height=\"480\" srcset=\"http:\/\/nordwind.info\/wp-content\/uploads\/2023\/09\/IMG_4470-1024x768.jpeg 1024w, http:\/\/nordwind.info\/wp-content\/uploads\/2023\/09\/IMG_4470-300x225.jpeg 300w, http:\/\/nordwind.info\/wp-content\/uploads\/2023\/09\/IMG_4470-768x576.jpeg 768w, http:\/\/nordwind.info\/wp-content\/uploads\/2023\/09\/IMG_4470-1536x1152.jpeg 1536w, http:\/\/nordwind.info\/wp-content\/uploads\/2023\/09\/IMG_4470-2048x1536.jpeg 2048w\" sizes=\"auto, (max-width: 640px) 100vw, 640px\" \/><\/a><\/p>\n<p>.<\/p>\n<p><a href=\"http:\/\/nordwind.info\/wp-content\/uploads\/2023\/09\/IMG_4468-scaled.jpeg\"><img loading=\"lazy\" decoding=\"async\" class=\"alignright size-large wp-image-11308\" src=\"http:\/\/nordwind.info\/wp-content\/uploads\/2023\/09\/IMG_4468-1024x768.jpeg\" alt=\"\" width=\"640\" height=\"480\" srcset=\"http:\/\/nordwind.info\/wp-content\/uploads\/2023\/09\/IMG_4468-1024x768.jpeg 1024w, http:\/\/nordwind.info\/wp-content\/uploads\/2023\/09\/IMG_4468-300x225.jpeg 300w, http:\/\/nordwind.info\/wp-content\/uploads\/2023\/09\/IMG_4468-768x576.jpeg 768w, http:\/\/nordwind.info\/wp-content\/uploads\/2023\/09\/IMG_4468-1536x1152.jpeg 1536w, http:\/\/nordwind.info\/wp-content\/uploads\/2023\/09\/IMG_4468-2048x1536.jpeg 2048w\" sizes=\"auto, (max-width: 640px) 100vw, 640px\" \/><\/a><\/p>\n<p>.<\/p>\n<p><a href=\"http:\/\/nordwind.info\/wp-content\/uploads\/2023\/09\/IMG_4471-scaled.jpeg\"><img loading=\"lazy\" decoding=\"async\" class=\"alignright size-large wp-image-11309\" src=\"http:\/\/nordwind.info\/wp-content\/uploads\/2023\/09\/IMG_4471-1024x768.jpeg\" alt=\"\" width=\"640\" height=\"480\" srcset=\"http:\/\/nordwind.info\/wp-content\/uploads\/2023\/09\/IMG_4471-1024x768.jpeg 1024w, http:\/\/nordwind.info\/wp-content\/uploads\/2023\/09\/IMG_4471-300x225.jpeg 300w, http:\/\/nordwind.info\/wp-content\/uploads\/2023\/09\/IMG_4471-768x576.jpeg 768w, http:\/\/nordwind.info\/wp-content\/uploads\/2023\/09\/IMG_4471-1536x1152.jpeg 1536w, http:\/\/nordwind.info\/wp-content\/uploads\/2023\/09\/IMG_4471-2048x1536.jpeg 2048w\" sizes=\"auto, (max-width: 640px) 100vw, 640px\" \/><\/a><\/p>\n<p>Ackerschnacker, der ganze Wald war voll damit (fr\u00fcher umfangreiche Gleisanlagen)<\/p>\n","protected":false},"excerpt":{"rendered":"<p>Eine Runde f\u00fchrte uns \u00fcber das Gel\u00e4nde des ehemaligen Marinesperrwaffenarsenals Oxstedt. Siehe den Beitrag in der Cuxpedia. Auszug OSM . . . Ackerschnacker, der ganze Wald war voll damit (fr\u00fcher umfangreiche Gleisanlagen)<\/p>\n","protected":false},"author":1,"featured_media":0,"parent":2482,"menu_order":0,"comment_status":"closed","ping_status":"closed","template":"","meta":{"footnotes":""},"class_list":["post-11303","page","type-page","status-publish","hentry"],"_links":{"self":[{"href":"http:\/\/nordwind.info\/index.php?rest_route=\/wp\/v2\/pages\/11303","targetHints":{"allow":["GET"]}}],"collection":[{"href":"http:\/\/nordwind.info\/index.php?rest_route=\/wp\/v2\/pages"}],"about":[{"href":"http:\/\/nordwind.info\/index.php?rest_route=\/wp\/v2\/types\/page"}],"author":[{"embeddable":true,"href":"http:\/\/nordwind.info\/index.php?rest_route=\/wp\/v2\/users\/1"}],"replies":[{"embeddable":true,"href":"http:\/\/nordwind.info\/index.php?rest_route=%2Fwp%2Fv2%2Fcomments&post=11303"}],"version-history":[{"count":3,"href":"http:\/\/nordwind.info\/index.php?rest_route=\/wp\/v2\/pages\/11303\/revisions"}],"predecessor-version":[{"id":11310,"href":"http:\/\/nordwind.info\/index.php?rest_route=\/wp\/v2\/pages\/11303\/revisions\/11310"}],"up":[{"embeddable":true,"href":"http:\/\/nordwind.info\/index.php?rest_route=\/wp\/v2\/pages\/2482"}],"wp:attachment":[{"href":"http:\/\/nordwind.info\/index.php?rest_route=%2Fwp%2Fv2%2Fmedia&parent=11303"}],"curies":[{"name":"wp","href":"https:\/\/api.w.org\/{rel}","templated":true}]}}