

{"id":11281,"date":"2023-09-25T13:15:56","date_gmt":"2023-09-25T13:15:56","guid":{"rendered":"http:\/\/nordwind.info\/?page_id=11281"},"modified":"2023-09-25T13:42:46","modified_gmt":"2023-09-25T13:42:46","slug":"sahlenburg-ehem-nordseeklinik","status":"publish","type":"page","link":"http:\/\/nordwind.info\/?page_id=11281","title":{"rendered":"Sahlenburg, ehem. Nordseeklinik"},"content":{"rendered":"<p>Seit dem 01.01.2022 ist die Klinik in Sahlenburg geschlossen. Allerdingss wurden einige Geb\u00e4ude schon l\u00e4nger nicht mehr genutzt. Was mit dem Geb\u00e4udekomplex geschehen soll ist ungewi\u00df.<\/p>\n\n\n\t\t\t\t<div id=\"map_ol3js_1\" class=\"map undefined\" data-map_name=\"undefined\" data-map=\"map_ol3js_1\" style=\"width:100%; max-width:100%; height:450px; display:block; overflow:hidden;border:2px solid grey;\" >\n\t\t\t\t  <div id=\"map_ol3js_1_popup\" class=\"ol-popup\" >\n\t\t\t\t\t<a href=\"#\" id=\"map_ol3js_1_popup-closer\" class=\"ol-popup-closer\"><\/a>\n\t\t\t\t\t<div id=\"map_ol3js_1_popup-content\" ><\/div>\n\t\t\t\t  <\/div>\n\t\t\t\t<\/div>\n\t\t\t\n\n\t\t\t\t<script type=\"text\/javascript\">\n\t\t\t\t\ttranslations['openlayer'] = \"open layer\";\n\t\t\t\t\ttranslations['openlayerAtStartup'] = \"open layer at startup\";\n\t\t\t\t\ttranslations['generateLink'] = \"Der Link zur Karte mit ausgew\u00e4hlten Overlays und angezeigtem Ausschnitt\";\n\t\t\t\t\ttranslations['shortDescription'] = \"Kurzbeschreibung\";\n\t\t\t\t\ttranslations['generatedShortCode'] = \"to get a text control link paste this code in your wordpress editor\";\n\t\t\t\t\ttranslations['closeLayer'] = \"close layer\";\n\t\t\t\t\ttranslations['cantGenerateLink'] = \"put this string in the existing map short code to control this map\";\n\t\t\t  <\/script>\n\n\n\t\t\t  <script type=\"text\/javascript\">\n\t\t\t  vectorM['map_ol3js_1'] = [];\n\t        \n        var raster = getTileLayer(\"osm\",\"NoKey\");\t\t\t\n\n\t\t\t  var map_ol3js_1 = new ol.Map({\n\t\t\t\tinteractions: ol.interaction.defaults.defaults({mouseWheelZoom:false}),\n\t\t\t\tlayers: [raster],\n\t\t\t\ttarget: \"map_ol3js_1\",\n\t\t\t\tview: new ol.View({\n\t\t\t\t  center: ol.proj.transform([8.6022,53.8655], \"EPSG:4326\", \"EPSG:3857\"),\n\t\t\t\t  zoom: 16.0\n\t\t\t\t})\n\t\t\t  });\n\t\t\t  osm_addMarkerLayer(map_ol3js_1,8.6032,53.8650,\"http:\/\/nordwind.info\/wp-content\/plugins\/osm\/icons\/mic_red_pinother_02.png\",-16,-41,\"<p><\/p>\") ; \naddControls2Map(map_ol3js_1,0,0,3,0,5,6,7,0,1);\nosm_addPopupClickhandler(map_ol3js_1,  \"map_ol3js_1\"); \nosm_addMouseHover(map_ol3js_1); <\/script>\n<p>Kartenauszug OSM<\/p>\n<p><a href=\"http:\/\/nordwind.info\/wp-content\/uploads\/2023\/09\/IMG_4473-scaled.jpeg\"><img loading=\"lazy\" decoding=\"async\" class=\"alignright size-large wp-image-11282\" src=\"http:\/\/nordwind.info\/wp-content\/uploads\/2023\/09\/IMG_4473-1024x768.jpeg\" alt=\"\" width=\"640\" height=\"480\" srcset=\"http:\/\/nordwind.info\/wp-content\/uploads\/2023\/09\/IMG_4473-1024x768.jpeg 1024w, http:\/\/nordwind.info\/wp-content\/uploads\/2023\/09\/IMG_4473-300x225.jpeg 300w, http:\/\/nordwind.info\/wp-content\/uploads\/2023\/09\/IMG_4473-768x576.jpeg 768w, http:\/\/nordwind.info\/wp-content\/uploads\/2023\/09\/IMG_4473-1536x1152.jpeg 1536w, http:\/\/nordwind.info\/wp-content\/uploads\/2023\/09\/IMG_4473-2048x1536.jpeg 2048w\" sizes=\"auto, (max-width: 640px) 100vw, 640px\" \/><\/a><\/p>\n<p>.<\/p>\n<p><a href=\"http:\/\/nordwind.info\/wp-content\/uploads\/2023\/09\/IMG_4472-scaled.jpeg\"><img loading=\"lazy\" decoding=\"async\" class=\"alignright size-large wp-image-11283\" src=\"http:\/\/nordwind.info\/wp-content\/uploads\/2023\/09\/IMG_4472-1024x768.jpeg\" alt=\"\" width=\"640\" height=\"480\" srcset=\"http:\/\/nordwind.info\/wp-content\/uploads\/2023\/09\/IMG_4472-1024x768.jpeg 1024w, http:\/\/nordwind.info\/wp-content\/uploads\/2023\/09\/IMG_4472-300x225.jpeg 300w, http:\/\/nordwind.info\/wp-content\/uploads\/2023\/09\/IMG_4472-768x576.jpeg 768w, http:\/\/nordwind.info\/wp-content\/uploads\/2023\/09\/IMG_4472-1536x1152.jpeg 1536w, http:\/\/nordwind.info\/wp-content\/uploads\/2023\/09\/IMG_4472-2048x1536.jpeg 2048w\" sizes=\"auto, (max-width: 640px) 100vw, 640px\" \/><\/a><\/p>\n<p>.<\/p>\n<p><a href=\"http:\/\/nordwind.info\/wp-content\/uploads\/2023\/09\/IMG_4476-scaled.jpeg\"><img loading=\"lazy\" decoding=\"async\" class=\"alignright size-large wp-image-11284\" src=\"http:\/\/nordwind.info\/wp-content\/uploads\/2023\/09\/IMG_4476-1024x768.jpeg\" alt=\"\" width=\"640\" height=\"480\" srcset=\"http:\/\/nordwind.info\/wp-content\/uploads\/2023\/09\/IMG_4476-1024x768.jpeg 1024w, http:\/\/nordwind.info\/wp-content\/uploads\/2023\/09\/IMG_4476-300x225.jpeg 300w, http:\/\/nordwind.info\/wp-content\/uploads\/2023\/09\/IMG_4476-768x576.jpeg 768w, http:\/\/nordwind.info\/wp-content\/uploads\/2023\/09\/IMG_4476-1536x1152.jpeg 1536w, http:\/\/nordwind.info\/wp-content\/uploads\/2023\/09\/IMG_4476-2048x1536.jpeg 2048w\" sizes=\"auto, (max-width: 640px) 100vw, 640px\" \/><\/a><\/p>\n<p>.<\/p>\n<p><a href=\"http:\/\/nordwind.info\/wp-content\/uploads\/2023\/09\/IMG_4481-scaled.jpeg\"><img loading=\"lazy\" decoding=\"async\" class=\"alignright size-large wp-image-11285\" src=\"http:\/\/nordwind.info\/wp-content\/uploads\/2023\/09\/IMG_4481-1024x768.jpeg\" alt=\"\" width=\"640\" height=\"480\" srcset=\"http:\/\/nordwind.info\/wp-content\/uploads\/2023\/09\/IMG_4481-1024x768.jpeg 1024w, http:\/\/nordwind.info\/wp-content\/uploads\/2023\/09\/IMG_4481-300x225.jpeg 300w, http:\/\/nordwind.info\/wp-content\/uploads\/2023\/09\/IMG_4481-768x576.jpeg 768w, http:\/\/nordwind.info\/wp-content\/uploads\/2023\/09\/IMG_4481-1536x1152.jpeg 1536w, http:\/\/nordwind.info\/wp-content\/uploads\/2023\/09\/IMG_4481-2048x1536.jpeg 2048w\" sizes=\"auto, (max-width: 640px) 100vw, 640px\" \/><\/a><\/p>\n<p>.<\/p>\n<p><a href=\"http:\/\/nordwind.info\/wp-content\/uploads\/2023\/09\/IMG_4482-scaled.jpeg\"><img loading=\"lazy\" decoding=\"async\" class=\"alignright size-large wp-image-11286\" src=\"http:\/\/nordwind.info\/wp-content\/uploads\/2023\/09\/IMG_4482-1024x768.jpeg\" alt=\"\" width=\"640\" height=\"480\" srcset=\"http:\/\/nordwind.info\/wp-content\/uploads\/2023\/09\/IMG_4482-1024x768.jpeg 1024w, http:\/\/nordwind.info\/wp-content\/uploads\/2023\/09\/IMG_4482-300x225.jpeg 300w, http:\/\/nordwind.info\/wp-content\/uploads\/2023\/09\/IMG_4482-768x576.jpeg 768w, http:\/\/nordwind.info\/wp-content\/uploads\/2023\/09\/IMG_4482-1536x1152.jpeg 1536w, http:\/\/nordwind.info\/wp-content\/uploads\/2023\/09\/IMG_4482-2048x1536.jpeg 2048w\" sizes=\"auto, (max-width: 640px) 100vw, 640px\" \/><\/a><\/p>\n<p>.<\/p>\n<p><a href=\"http:\/\/nordwind.info\/wp-content\/uploads\/2023\/09\/IMG_4483-scaled.jpeg\"><img loading=\"lazy\" decoding=\"async\" class=\"alignright size-large wp-image-11287\" src=\"http:\/\/nordwind.info\/wp-content\/uploads\/2023\/09\/IMG_4483-1024x768.jpeg\" alt=\"\" width=\"640\" height=\"480\" srcset=\"http:\/\/nordwind.info\/wp-content\/uploads\/2023\/09\/IMG_4483-1024x768.jpeg 1024w, http:\/\/nordwind.info\/wp-content\/uploads\/2023\/09\/IMG_4483-300x225.jpeg 300w, http:\/\/nordwind.info\/wp-content\/uploads\/2023\/09\/IMG_4483-768x576.jpeg 768w, http:\/\/nordwind.info\/wp-content\/uploads\/2023\/09\/IMG_4483-1536x1152.jpeg 1536w, http:\/\/nordwind.info\/wp-content\/uploads\/2023\/09\/IMG_4483-2048x1536.jpeg 2048w\" sizes=\"auto, (max-width: 640px) 100vw, 640px\" \/><\/a><\/p>\n<p>.<\/p>\n<p><a href=\"http:\/\/nordwind.info\/wp-content\/uploads\/2023\/09\/IMG_4484-scaled.jpeg\"><img loading=\"lazy\" decoding=\"async\" class=\"alignright size-large wp-image-11288\" src=\"http:\/\/nordwind.info\/wp-content\/uploads\/2023\/09\/IMG_4484-1024x768.jpeg\" alt=\"\" width=\"640\" height=\"480\" srcset=\"http:\/\/nordwind.info\/wp-content\/uploads\/2023\/09\/IMG_4484-1024x768.jpeg 1024w, http:\/\/nordwind.info\/wp-content\/uploads\/2023\/09\/IMG_4484-300x225.jpeg 300w, http:\/\/nordwind.info\/wp-content\/uploads\/2023\/09\/IMG_4484-768x576.jpeg 768w, http:\/\/nordwind.info\/wp-content\/uploads\/2023\/09\/IMG_4484-1536x1152.jpeg 1536w, http:\/\/nordwind.info\/wp-content\/uploads\/2023\/09\/IMG_4484-2048x1536.jpeg 2048w\" sizes=\"auto, (max-width: 640px) 100vw, 640px\" \/><\/a><\/p>\n<p>.<\/p>\n","protected":false},"excerpt":{"rendered":"<p>Seit dem 01.01.2022 ist die Klinik in Sahlenburg geschlossen. Allerdingss wurden einige Geb\u00e4ude schon l\u00e4nger nicht mehr genutzt. Was mit dem Geb\u00e4udekomplex geschehen soll ist ungewi\u00df. Kartenauszug OSM . . . . . . .<\/p>\n","protected":false},"author":1,"featured_media":0,"parent":2400,"menu_order":0,"comment_status":"closed","ping_status":"closed","template":"","meta":{"footnotes":""},"class_list":["post-11281","page","type-page","status-publish","hentry"],"_links":{"self":[{"href":"http:\/\/nordwind.info\/index.php?rest_route=\/wp\/v2\/pages\/11281","targetHints":{"allow":["GET"]}}],"collection":[{"href":"http:\/\/nordwind.info\/index.php?rest_route=\/wp\/v2\/pages"}],"about":[{"href":"http:\/\/nordwind.info\/index.php?rest_route=\/wp\/v2\/types\/page"}],"author":[{"embeddable":true,"href":"http:\/\/nordwind.info\/index.php?rest_route=\/wp\/v2\/users\/1"}],"replies":[{"embeddable":true,"href":"http:\/\/nordwind.info\/index.php?rest_route=%2Fwp%2Fv2%2Fcomments&post=11281"}],"version-history":[{"count":5,"href":"http:\/\/nordwind.info\/index.php?rest_route=\/wp\/v2\/pages\/11281\/revisions"}],"predecessor-version":[{"id":11302,"href":"http:\/\/nordwind.info\/index.php?rest_route=\/wp\/v2\/pages\/11281\/revisions\/11302"}],"up":[{"embeddable":true,"href":"http:\/\/nordwind.info\/index.php?rest_route=\/wp\/v2\/pages\/2400"}],"wp:attachment":[{"href":"http:\/\/nordwind.info\/index.php?rest_route=%2Fwp%2Fv2%2Fmedia&parent=11281"}],"curies":[{"name":"wp","href":"https:\/\/api.w.org\/{rel}","templated":true}]}}