

{"id":11076,"date":"2023-02-07T06:04:57","date_gmt":"2023-02-07T06:04:57","guid":{"rendered":"http:\/\/nordwind.info\/?page_id=11076"},"modified":"2025-02-15T07:41:28","modified_gmt":"2025-02-15T07:41:28","slug":"1941-strassburg-frankreich","status":"publish","type":"page","link":"http:\/\/nordwind.info\/?page_id=11076","title":{"rendered":"1941 &#8211; Strassburg \/ Frankreich"},"content":{"rendered":"\n\n\t\t\t\t<div id=\"map_ol3js_1\" class=\"map undefined\" data-map_name=\"undefined\" data-map=\"map_ol3js_1\" style=\"width:100%; max-width:100%; height:450px; display:block; overflow:hidden;border:2px solid grey;\" >\n\t\t\t\t  <div id=\"map_ol3js_1_popup\" class=\"ol-popup\" >\n\t\t\t\t\t<a href=\"#\" id=\"map_ol3js_1_popup-closer\" class=\"ol-popup-closer\"><\/a>\n\t\t\t\t\t<div id=\"map_ol3js_1_popup-content\" ><\/div>\n\t\t\t\t  <\/div>\n\t\t\t\t<\/div>\n\t\t\t\n\n\t\t\t\t<script type=\"text\/javascript\">\n\t\t\t\t\ttranslations['openlayer'] = \"open layer\";\n\t\t\t\t\ttranslations['openlayerAtStartup'] = \"open layer at startup\";\n\t\t\t\t\ttranslations['generateLink'] = \"Der Link zur Karte mit ausgew\u00e4hlten Overlays und angezeigtem Ausschnitt\";\n\t\t\t\t\ttranslations['shortDescription'] = \"Kurzbeschreibung\";\n\t\t\t\t\ttranslations['generatedShortCode'] = \"to get a text control link paste this code in your wordpress editor\";\n\t\t\t\t\ttranslations['closeLayer'] = \"close layer\";\n\t\t\t\t\ttranslations['cantGenerateLink'] = \"put this string in the existing map short code to control this map\";\n\t\t\t  <\/script>\n\n\n\t\t\t  <script type=\"text\/javascript\">\n\t\t\t  vectorM['map_ol3js_1'] = [];\n\t        \n        var raster = getTileLayer(\"osm\",\"NoKey\");\t\t\t\n\n\t\t\t  var map_ol3js_1 = new ol.Map({\n\t\t\t\tinteractions: ol.interaction.defaults.defaults({mouseWheelZoom:false}),\n\t\t\t\tlayers: [raster],\n\t\t\t\ttarget: \"map_ol3js_1\",\n\t\t\t\tview: new ol.View({\n\t\t\t\t  center: ol.proj.transform([7.7035,48.5815], \"EPSG:4326\", \"EPSG:3857\"),\n\t\t\t\t  zoom: 10.0\n\t\t\t\t})\n\t\t\t  });\n\t\t\t  osm_addMarkerLayer(map_ol3js_1,7.7029,48.5829,\"http:\/\/nordwind.info\/wp-content\/plugins\/osm\/icons\/mic_red_pinother_02.png\",-16,-41,\"<p><\/p>\") ; \naddControls2Map(map_ol3js_1,0,0,3,0,5,6,7,1,1);\nosm_addPopupClickhandler(map_ol3js_1,  \"map_ol3js_1\"); \nosm_addMouseHover(map_ol3js_1); <\/script>\n<p>26.08.1941 \u2013 Bennweiler und Strassburg-K\u00f6nigshofen<\/p>\n<p>R\u00fcckbau der Kohnbr\u00fccke bis 30.09.1941<\/p>\n<p><a href=\"http:\/\/nordwind.info\/wp-content\/uploads\/2025\/02\/Strassburg_01.jpg\"><img loading=\"lazy\" decoding=\"async\" class=\"alignleft size-full wp-image-13180\" src=\"http:\/\/nordwind.info\/wp-content\/uploads\/2025\/02\/Strassburg_01.jpg\" alt=\"\" width=\"965\" height=\"638\" srcset=\"http:\/\/nordwind.info\/wp-content\/uploads\/2025\/02\/Strassburg_01.jpg 965w, http:\/\/nordwind.info\/wp-content\/uploads\/2025\/02\/Strassburg_01-300x198.jpg 300w, http:\/\/nordwind.info\/wp-content\/uploads\/2025\/02\/Strassburg_01-768x508.jpg 768w\" sizes=\"auto, (max-width: 965px) 100vw, 965px\" \/><\/a><\/p>\n<p>.<\/p>\n<p><a href=\"http:\/\/nordwind.info\/wp-content\/uploads\/2025\/02\/Strassburg_02.jpg\"><img loading=\"lazy\" decoding=\"async\" class=\"alignleft size-full wp-image-13181\" src=\"http:\/\/nordwind.info\/wp-content\/uploads\/2025\/02\/Strassburg_02.jpg\" alt=\"\" width=\"947\" height=\"627\" srcset=\"http:\/\/nordwind.info\/wp-content\/uploads\/2025\/02\/Strassburg_02.jpg 947w, http:\/\/nordwind.info\/wp-content\/uploads\/2025\/02\/Strassburg_02-300x199.jpg 300w, http:\/\/nordwind.info\/wp-content\/uploads\/2025\/02\/Strassburg_02-768x508.jpg 768w\" sizes=\"auto, (max-width: 947px) 100vw, 947px\" \/><\/a><\/p>\n<p>.<\/p>\n<p><a href=\"http:\/\/nordwind.info\/wp-content\/uploads\/2025\/02\/Strassburg_06.jpg\"><img loading=\"lazy\" decoding=\"async\" class=\"alignleft size-full wp-image-13186\" src=\"http:\/\/nordwind.info\/wp-content\/uploads\/2025\/02\/Strassburg_06.jpg\" alt=\"\" width=\"956\" height=\"633\" srcset=\"http:\/\/nordwind.info\/wp-content\/uploads\/2025\/02\/Strassburg_06.jpg 956w, http:\/\/nordwind.info\/wp-content\/uploads\/2025\/02\/Strassburg_06-300x199.jpg 300w, http:\/\/nordwind.info\/wp-content\/uploads\/2025\/02\/Strassburg_06-768x509.jpg 768w\" sizes=\"auto, (max-width: 956px) 100vw, 956px\" \/><\/a><\/p>\n<p>.<\/p>\n<p><a href=\"http:\/\/nordwind.info\/wp-content\/uploads\/2025\/02\/Strassburg_10.jpg\"><img loading=\"lazy\" decoding=\"async\" class=\"alignleft size-full wp-image-13189\" src=\"http:\/\/nordwind.info\/wp-content\/uploads\/2025\/02\/Strassburg_10.jpg\" alt=\"\" width=\"921\" height=\"614\" srcset=\"http:\/\/nordwind.info\/wp-content\/uploads\/2025\/02\/Strassburg_10.jpg 921w, http:\/\/nordwind.info\/wp-content\/uploads\/2025\/02\/Strassburg_10-300x200.jpg 300w, http:\/\/nordwind.info\/wp-content\/uploads\/2025\/02\/Strassburg_10-768x512.jpg 768w\" sizes=\"auto, (max-width: 921px) 100vw, 921px\" \/><\/a><\/p>\n<p>.<\/p>\n<p><a href=\"http:\/\/nordwind.info\/wp-content\/uploads\/2025\/02\/Strassburg_17.jpg\"><img loading=\"lazy\" decoding=\"async\" class=\"alignleft size-full wp-image-13199\" src=\"http:\/\/nordwind.info\/wp-content\/uploads\/2025\/02\/Strassburg_17.jpg\" alt=\"\" width=\"623\" height=\"848\" srcset=\"http:\/\/nordwind.info\/wp-content\/uploads\/2025\/02\/Strassburg_17.jpg 623w, http:\/\/nordwind.info\/wp-content\/uploads\/2025\/02\/Strassburg_17-220x300.jpg 220w\" sizes=\"auto, (max-width: 623px) 100vw, 623px\" \/><\/a><\/p>\n<p>.<\/p>\n<p><a href=\"http:\/\/nordwind.info\/wp-content\/uploads\/2025\/02\/Strassburg_15.jpg\"><img loading=\"lazy\" decoding=\"async\" class=\"alignleft size-full wp-image-13196\" src=\"http:\/\/nordwind.info\/wp-content\/uploads\/2025\/02\/Strassburg_15.jpg\" alt=\"\" width=\"954\" height=\"634\" srcset=\"http:\/\/nordwind.info\/wp-content\/uploads\/2025\/02\/Strassburg_15.jpg 954w, http:\/\/nordwind.info\/wp-content\/uploads\/2025\/02\/Strassburg_15-300x199.jpg 300w, http:\/\/nordwind.info\/wp-content\/uploads\/2025\/02\/Strassburg_15-768x510.jpg 768w\" sizes=\"auto, (max-width: 954px) 100vw, 954px\" \/><\/a><\/p>\n<p>.<\/p>\n<p><a href=\"http:\/\/nordwind.info\/wp-content\/uploads\/2025\/02\/Strassburg_14.jpg\"><img loading=\"lazy\" decoding=\"async\" class=\"alignleft size-full wp-image-13194\" src=\"http:\/\/nordwind.info\/wp-content\/uploads\/2025\/02\/Strassburg_14.jpg\" alt=\"\" width=\"956\" height=\"642\" srcset=\"http:\/\/nordwind.info\/wp-content\/uploads\/2025\/02\/Strassburg_14.jpg 956w, http:\/\/nordwind.info\/wp-content\/uploads\/2025\/02\/Strassburg_14-300x201.jpg 300w, http:\/\/nordwind.info\/wp-content\/uploads\/2025\/02\/Strassburg_14-768x516.jpg 768w\" sizes=\"auto, (max-width: 956px) 100vw, 956px\" \/><\/a><\/p>\n<p>.<\/p>\n<p><a href=\"http:\/\/nordwind.info\/wp-content\/uploads\/2025\/02\/Strassburg_13.jpg\"><img loading=\"lazy\" decoding=\"async\" class=\"alignleft size-full wp-image-13193\" src=\"http:\/\/nordwind.info\/wp-content\/uploads\/2025\/02\/Strassburg_13.jpg\" alt=\"\" width=\"955\" height=\"626\" srcset=\"http:\/\/nordwind.info\/wp-content\/uploads\/2025\/02\/Strassburg_13.jpg 955w, http:\/\/nordwind.info\/wp-content\/uploads\/2025\/02\/Strassburg_13-300x197.jpg 300w, http:\/\/nordwind.info\/wp-content\/uploads\/2025\/02\/Strassburg_13-768x503.jpg 768w\" sizes=\"auto, (max-width: 955px) 100vw, 955px\" \/><\/a><\/p>\n<p>.<\/p>\n<p><img loading=\"lazy\" decoding=\"async\" class=\"alignnone size-large wp-image-13357\" src=\"http:\/\/nordwind.info\/wp-content\/uploads\/2025\/02\/Frankreich-Bruecken-1-1024x683.jpg\" alt=\"\" width=\"640\" height=\"427\" srcset=\"http:\/\/nordwind.info\/wp-content\/uploads\/2025\/02\/Frankreich-Bruecken-1-1024x683.jpg 1024w, http:\/\/nordwind.info\/wp-content\/uploads\/2025\/02\/Frankreich-Bruecken-1-300x200.jpg 300w, http:\/\/nordwind.info\/wp-content\/uploads\/2025\/02\/Frankreich-Bruecken-1-768x513.jpg 768w, http:\/\/nordwind.info\/wp-content\/uploads\/2025\/02\/Frankreich-Bruecken-1-1536x1025.jpg 1536w, http:\/\/nordwind.info\/wp-content\/uploads\/2025\/02\/Frankreich-Bruecken-1.jpg 1834w\" sizes=\"auto, (max-width: 640px) 100vw, 640px\" \/><\/p>\n<p>Der erste Zug \u00fcber die neue Br\u00fccke<\/p>\n<p><a href=\"http:\/\/nordwind.info\/wp-content\/uploads\/2025\/02\/Strassburg_19.jpg\"><img loading=\"lazy\" decoding=\"async\" class=\"alignleft size-full wp-image-13200\" src=\"http:\/\/nordwind.info\/wp-content\/uploads\/2025\/02\/Strassburg_19.jpg\" alt=\"\" width=\"928\" height=\"617\" srcset=\"http:\/\/nordwind.info\/wp-content\/uploads\/2025\/02\/Strassburg_19.jpg 928w, http:\/\/nordwind.info\/wp-content\/uploads\/2025\/02\/Strassburg_19-300x199.jpg 300w, http:\/\/nordwind.info\/wp-content\/uploads\/2025\/02\/Strassburg_19-768x511.jpg 768w\" sizes=\"auto, (max-width: 928px) 100vw, 928px\" \/><\/a><\/p>\n<p>.<\/p>\n<p><a href=\"http:\/\/nordwind.info\/wp-content\/uploads\/2025\/02\/Frankreich-x-9.jpg\"><img loading=\"lazy\" decoding=\"async\" class=\"alignleft size-large wp-image-13217\" src=\"http:\/\/nordwind.info\/wp-content\/uploads\/2025\/02\/Frankreich-x-9-749x1024.jpg\" alt=\"\" width=\"640\" height=\"875\" srcset=\"http:\/\/nordwind.info\/wp-content\/uploads\/2025\/02\/Frankreich-x-9-749x1024.jpg 749w, http:\/\/nordwind.info\/wp-content\/uploads\/2025\/02\/Frankreich-x-9-219x300.jpg 219w, http:\/\/nordwind.info\/wp-content\/uploads\/2025\/02\/Frankreich-x-9-768x1050.jpg 768w, http:\/\/nordwind.info\/wp-content\/uploads\/2025\/02\/Frankreich-x-9-1123x1536.jpg 1123w, http:\/\/nordwind.info\/wp-content\/uploads\/2025\/02\/Frankreich-x-9.jpg 1292w\" sizes=\"auto, (max-width: 640px) 100vw, 640px\" \/><\/a><\/p>\n<p>.<\/p>\n<p><a href=\"#\">Nach oben<\/a><\/p>\n","protected":false},"excerpt":{"rendered":"<p>26.08.1941 \u2013 Bennweiler und Strassburg-K\u00f6nigshofen R\u00fcckbau der Kohnbr\u00fccke bis 30.09.1941 . . . . . . . . Der erste Zug \u00fcber die neue Br\u00fccke . . Nach oben<\/p>\n","protected":false},"author":1,"featured_media":0,"parent":11001,"menu_order":4,"comment_status":"closed","ping_status":"closed","template":"","meta":{"footnotes":""},"class_list":["post-11076","page","type-page","status-publish","hentry"],"_links":{"self":[{"href":"http:\/\/nordwind.info\/index.php?rest_route=\/wp\/v2\/pages\/11076","targetHints":{"allow":["GET"]}}],"collection":[{"href":"http:\/\/nordwind.info\/index.php?rest_route=\/wp\/v2\/pages"}],"about":[{"href":"http:\/\/nordwind.info\/index.php?rest_route=\/wp\/v2\/types\/page"}],"author":[{"embeddable":true,"href":"http:\/\/nordwind.info\/index.php?rest_route=\/wp\/v2\/users\/1"}],"replies":[{"embeddable":true,"href":"http:\/\/nordwind.info\/index.php?rest_route=%2Fwp%2Fv2%2Fcomments&post=11076"}],"version-history":[{"count":17,"href":"http:\/\/nordwind.info\/index.php?rest_route=\/wp\/v2\/pages\/11076\/revisions"}],"predecessor-version":[{"id":13358,"href":"http:\/\/nordwind.info\/index.php?rest_route=\/wp\/v2\/pages\/11076\/revisions\/13358"}],"up":[{"embeddable":true,"href":"http:\/\/nordwind.info\/index.php?rest_route=\/wp\/v2\/pages\/11001"}],"wp:attachment":[{"href":"http:\/\/nordwind.info\/index.php?rest_route=%2Fwp%2Fv2%2Fmedia&parent=11076"}],"curies":[{"name":"wp","href":"https:\/\/api.w.org\/{rel}","templated":true}]}}