

{"id":11043,"date":"2023-02-07T04:30:16","date_gmt":"2023-02-07T04:30:16","guid":{"rendered":"http:\/\/nordwind.info\/?page_id=11043"},"modified":"2025-02-15T04:07:22","modified_gmt":"2025-02-15T04:07:22","slug":"1940-rehhagen-klausdorf","status":"publish","type":"page","link":"http:\/\/nordwind.info\/?page_id=11043","title":{"rendered":"1940 &#8211; Rehhagen-Klausdorf"},"content":{"rendered":"<div id=\"ShortCode_Div\">\n\n\t\t\t\t<div id=\"map_ol3js_1\" class=\"map undefined\" data-map_name=\"undefined\" data-map=\"map_ol3js_1\" style=\"width:100%; max-width:100%; height:450px; display:block; overflow:hidden;border:2px solid grey;\" >\n\t\t\t\t  <div id=\"map_ol3js_1_popup\" class=\"ol-popup\" >\n\t\t\t\t\t<a href=\"#\" id=\"map_ol3js_1_popup-closer\" class=\"ol-popup-closer\"><\/a>\n\t\t\t\t\t<div id=\"map_ol3js_1_popup-content\" ><\/div>\n\t\t\t\t  <\/div>\n\t\t\t\t<\/div>\n\t\t\t\n\n\t\t\t\t<script type=\"text\/javascript\">\n\t\t\t\t\ttranslations['openlayer'] = \"open layer\";\n\t\t\t\t\ttranslations['openlayerAtStartup'] = \"open layer at startup\";\n\t\t\t\t\ttranslations['generateLink'] = \"Der Link zur Karte mit ausgew\u00e4hlten Overlays und angezeigtem Ausschnitt\";\n\t\t\t\t\ttranslations['shortDescription'] = \"Kurzbeschreibung\";\n\t\t\t\t\ttranslations['generatedShortCode'] = \"to get a text control link paste this code in your wordpress editor\";\n\t\t\t\t\ttranslations['closeLayer'] = \"close layer\";\n\t\t\t\t\ttranslations['cantGenerateLink'] = \"put this string in the existing map short code to control this map\";\n\t\t\t  <\/script>\n\n\n\t\t\t  <script type=\"text\/javascript\">\n\t\t\t  vectorM['map_ol3js_1'] = [];\n\t        \n        var raster = getTileLayer(\"osm\",\"NoKey\");\t\t\t\n\n\t\t\t  var map_ol3js_1 = new ol.Map({\n\t\t\t\tinteractions: ol.interaction.defaults.defaults({mouseWheelZoom:false}),\n\t\t\t\tlayers: [raster],\n\t\t\t\ttarget: \"map_ol3js_1\",\n\t\t\t\tview: new ol.View({\n\t\t\t\t  center: ol.proj.transform([13.3910,52.1602], \"EPSG:4326\", \"EPSG:3857\"),\n\t\t\t\t  zoom: 10.0\n\t\t\t\t})\n\t\t\t  });\n\t\t\t  osm_addMarkerLayer(map_ol3js_1,13.3901,52.1602,\"http:\/\/nordwind.info\/wp-content\/plugins\/osm\/icons\/mic_red_pinother_02.png\",-16,-41,\"<p><\/p>\") ; \naddControls2Map(map_ol3js_1,0,0,3,0,5,6,7,1,1);\nosm_addPopupClickhandler(map_ol3js_1,  \"map_ol3js_1\"); \nosm_addMouseHover(map_ol3js_1); <\/script><\/div>\n<p>Rehhagen-Klausdorf<\/p>\n<p>Ausbildungsst\u00e4tte f\u00fcr Eisenbahntruppen in <a href=\"https:\/\/www.veikkos-archiv.com\/index.php\/Eisenbahntruppen_Rehagen-Klausdorf\" target=\"_blank\" rel=\"noopener\">Rehhagen-Klausdorf<\/a>.<\/p>\n<p><a href=\"http:\/\/nordwind.info\/wp-content\/uploads\/2025\/02\/Ausbildung-01.jpg\"><img loading=\"lazy\" decoding=\"async\" class=\"alignleft size-large wp-image-13230\" src=\"http:\/\/nordwind.info\/wp-content\/uploads\/2025\/02\/Ausbildung-01-890x1024.jpg\" alt=\"\" width=\"640\" height=\"736\" srcset=\"http:\/\/nordwind.info\/wp-content\/uploads\/2025\/02\/Ausbildung-01-890x1024.jpg 890w, http:\/\/nordwind.info\/wp-content\/uploads\/2025\/02\/Ausbildung-01-261x300.jpg 261w, http:\/\/nordwind.info\/wp-content\/uploads\/2025\/02\/Ausbildung-01-768x884.jpg 768w, http:\/\/nordwind.info\/wp-content\/uploads\/2025\/02\/Ausbildung-01.jpg 1280w\" sizes=\"auto, (max-width: 640px) 100vw, 640px\" \/><\/a><\/p>\n<p>Ankunft<\/p>\n<p><a href=\"http:\/\/nordwind.info\/wp-content\/uploads\/2025\/02\/Ausbildung-02.jpg\"><img loading=\"lazy\" decoding=\"async\" class=\"alignleft size-large wp-image-13232\" src=\"http:\/\/nordwind.info\/wp-content\/uploads\/2025\/02\/Ausbildung-02-1024x661.jpg\" alt=\"\" width=\"640\" height=\"413\" srcset=\"http:\/\/nordwind.info\/wp-content\/uploads\/2025\/02\/Ausbildung-02-1024x661.jpg 1024w, http:\/\/nordwind.info\/wp-content\/uploads\/2025\/02\/Ausbildung-02-300x194.jpg 300w, http:\/\/nordwind.info\/wp-content\/uploads\/2025\/02\/Ausbildung-02-768x496.jpg 768w, http:\/\/nordwind.info\/wp-content\/uploads\/2025\/02\/Ausbildung-02-1536x992.jpg 1536w, http:\/\/nordwind.info\/wp-content\/uploads\/2025\/02\/Ausbildung-02.jpg 1600w\" sizes=\"auto, (max-width: 640px) 100vw, 640px\" \/><\/a><\/p>\n<p>Gel\u00e4ndeausbildung<\/p>\n<p><a href=\"http:\/\/nordwind.info\/wp-content\/uploads\/2025\/02\/Ausbildung-03.jpg\"><img loading=\"lazy\" decoding=\"async\" class=\"alignleft size-large wp-image-13233\" src=\"http:\/\/nordwind.info\/wp-content\/uploads\/2025\/02\/Ausbildung-03-1024x552.jpg\" alt=\"\" width=\"640\" height=\"345\" srcset=\"http:\/\/nordwind.info\/wp-content\/uploads\/2025\/02\/Ausbildung-03-1024x552.jpg 1024w, http:\/\/nordwind.info\/wp-content\/uploads\/2025\/02\/Ausbildung-03-300x162.jpg 300w, http:\/\/nordwind.info\/wp-content\/uploads\/2025\/02\/Ausbildung-03-768x414.jpg 768w, http:\/\/nordwind.info\/wp-content\/uploads\/2025\/02\/Ausbildung-03-1536x828.jpg 1536w, http:\/\/nordwind.info\/wp-content\/uploads\/2025\/02\/Ausbildung-03.jpg 1600w\" sizes=\"auto, (max-width: 640px) 100vw, 640px\" \/><\/a><\/p>\n<p>Gel\u00e4ndeausbildung<\/p>\n<p><a href=\"http:\/\/nordwind.info\/wp-content\/uploads\/2025\/02\/Frankreich-x3.jpg\"><img loading=\"lazy\" decoding=\"async\" class=\"alignleft size-large wp-image-13221\" src=\"http:\/\/nordwind.info\/wp-content\/uploads\/2025\/02\/Frankreich-x3-1024x716.jpg\" alt=\"\" width=\"640\" height=\"448\" srcset=\"http:\/\/nordwind.info\/wp-content\/uploads\/2025\/02\/Frankreich-x3-1024x716.jpg 1024w, http:\/\/nordwind.info\/wp-content\/uploads\/2025\/02\/Frankreich-x3-300x210.jpg 300w, http:\/\/nordwind.info\/wp-content\/uploads\/2025\/02\/Frankreich-x3-768x537.jpg 768w, http:\/\/nordwind.info\/wp-content\/uploads\/2025\/02\/Frankreich-x3-1536x1073.jpg 1536w, http:\/\/nordwind.info\/wp-content\/uploads\/2025\/02\/Frankreich-x3.jpg 1600w\" sizes=\"auto, (max-width: 640px) 100vw, 640px\" \/><\/a><\/p>\n<p>Marsch<\/p>\n<p><a href=\"http:\/\/nordwind.info\/wp-content\/uploads\/2025\/02\/Ausbildung-04.jpg\"><img loading=\"lazy\" decoding=\"async\" class=\"alignleft size-large wp-image-13234\" src=\"http:\/\/nordwind.info\/wp-content\/uploads\/2025\/02\/Ausbildung-04-1024x680.jpg\" alt=\"\" width=\"640\" height=\"425\" srcset=\"http:\/\/nordwind.info\/wp-content\/uploads\/2025\/02\/Ausbildung-04-1024x680.jpg 1024w, http:\/\/nordwind.info\/wp-content\/uploads\/2025\/02\/Ausbildung-04-300x199.jpg 300w, http:\/\/nordwind.info\/wp-content\/uploads\/2025\/02\/Ausbildung-04-768x510.jpg 768w, http:\/\/nordwind.info\/wp-content\/uploads\/2025\/02\/Ausbildung-04-1536x1020.jpg 1536w, http:\/\/nordwind.info\/wp-content\/uploads\/2025\/02\/Ausbildung-04.jpg 1600w\" sizes=\"auto, (max-width: 640px) 100vw, 640px\" \/><\/a><\/p>\n<p>Vereidigung<\/p>\n<p><a href=\"http:\/\/nordwind.info\/wp-content\/uploads\/2025\/02\/Ausbildung-05.jpg\"><img loading=\"lazy\" decoding=\"async\" class=\"alignleft size-large wp-image-13236\" src=\"http:\/\/nordwind.info\/wp-content\/uploads\/2025\/02\/Ausbildung-05-1024x654.jpg\" alt=\"\" width=\"640\" height=\"409\" srcset=\"http:\/\/nordwind.info\/wp-content\/uploads\/2025\/02\/Ausbildung-05-1024x654.jpg 1024w, http:\/\/nordwind.info\/wp-content\/uploads\/2025\/02\/Ausbildung-05-300x192.jpg 300w, http:\/\/nordwind.info\/wp-content\/uploads\/2025\/02\/Ausbildung-05-768x491.jpg 768w, http:\/\/nordwind.info\/wp-content\/uploads\/2025\/02\/Ausbildung-05-1536x981.jpg 1536w, http:\/\/nordwind.info\/wp-content\/uploads\/2025\/02\/Ausbildung-05.jpg 1600w\" sizes=\"auto, (max-width: 640px) 100vw, 640px\" \/><\/a><\/p>\n<p>Vereidigung<\/p>\n<p><a href=\"http:\/\/nordwind.info\/wp-content\/uploads\/2025\/02\/Ausbildung-06.jpg\"><img loading=\"lazy\" decoding=\"async\" class=\"alignleft size-large wp-image-13237\" src=\"http:\/\/nordwind.info\/wp-content\/uploads\/2025\/02\/Ausbildung-06-1024x639.jpg\" alt=\"\" width=\"640\" height=\"399\" srcset=\"http:\/\/nordwind.info\/wp-content\/uploads\/2025\/02\/Ausbildung-06-1024x639.jpg 1024w, http:\/\/nordwind.info\/wp-content\/uploads\/2025\/02\/Ausbildung-06-300x187.jpg 300w, http:\/\/nordwind.info\/wp-content\/uploads\/2025\/02\/Ausbildung-06-768x480.jpg 768w, http:\/\/nordwind.info\/wp-content\/uploads\/2025\/02\/Ausbildung-06-1536x959.jpg 1536w, http:\/\/nordwind.info\/wp-content\/uploads\/2025\/02\/Ausbildung-06.jpg 1600w\" sizes=\"auto, (max-width: 640px) 100vw, 640px\" \/><\/a><\/p>\n<p>Vereidigung<\/p>\n<p><a href=\"http:\/\/nordwind.info\/wp-content\/uploads\/2025\/02\/Ausbildung-08.jpg\"><img loading=\"lazy\" decoding=\"async\" class=\"alignleft size-large wp-image-13238\" src=\"http:\/\/nordwind.info\/wp-content\/uploads\/2025\/02\/Ausbildung-08-1024x664.jpg\" alt=\"\" width=\"640\" height=\"415\" srcset=\"http:\/\/nordwind.info\/wp-content\/uploads\/2025\/02\/Ausbildung-08-1024x664.jpg 1024w, http:\/\/nordwind.info\/wp-content\/uploads\/2025\/02\/Ausbildung-08-300x195.jpg 300w, http:\/\/nordwind.info\/wp-content\/uploads\/2025\/02\/Ausbildung-08-768x498.jpg 768w, http:\/\/nordwind.info\/wp-content\/uploads\/2025\/02\/Ausbildung-08-1536x996.jpg 1536w, http:\/\/nordwind.info\/wp-content\/uploads\/2025\/02\/Ausbildung-08.jpg 1971w\" sizes=\"auto, (max-width: 640px) 100vw, 640px\" \/><\/a><\/p>\n<p>Vereidigung<\/p>\n<p><a href=\"#\">Nach oben<\/a><\/p>\n","protected":false},"excerpt":{"rendered":"<p>Rehhagen-Klausdorf Ausbildungsst\u00e4tte f\u00fcr Eisenbahntruppen in Rehhagen-Klausdorf. Ankunft Gel\u00e4ndeausbildung Gel\u00e4ndeausbildung Marsch Vereidigung Vereidigung Vereidigung Vereidigung Nach oben<\/p>\n","protected":false},"author":1,"featured_media":0,"parent":11001,"menu_order":1,"comment_status":"closed","ping_status":"closed","template":"","meta":{"footnotes":""},"class_list":["post-11043","page","type-page","status-publish","hentry"],"_links":{"self":[{"href":"http:\/\/nordwind.info\/index.php?rest_route=\/wp\/v2\/pages\/11043","targetHints":{"allow":["GET"]}}],"collection":[{"href":"http:\/\/nordwind.info\/index.php?rest_route=\/wp\/v2\/pages"}],"about":[{"href":"http:\/\/nordwind.info\/index.php?rest_route=\/wp\/v2\/types\/page"}],"author":[{"embeddable":true,"href":"http:\/\/nordwind.info\/index.php?rest_route=\/wp\/v2\/users\/1"}],"replies":[{"embeddable":true,"href":"http:\/\/nordwind.info\/index.php?rest_route=%2Fwp%2Fv2%2Fcomments&post=11043"}],"version-history":[{"count":13,"href":"http:\/\/nordwind.info\/index.php?rest_route=\/wp\/v2\/pages\/11043\/revisions"}],"predecessor-version":[{"id":13240,"href":"http:\/\/nordwind.info\/index.php?rest_route=\/wp\/v2\/pages\/11043\/revisions\/13240"}],"up":[{"embeddable":true,"href":"http:\/\/nordwind.info\/index.php?rest_route=\/wp\/v2\/pages\/11001"}],"wp:attachment":[{"href":"http:\/\/nordwind.info\/index.php?rest_route=%2Fwp%2Fv2%2Fmedia&parent=11043"}],"curies":[{"name":"wp","href":"https:\/\/api.w.org\/{rel}","templated":true}]}}