{"id":11001,"date":"2023-02-06T14:16:53","date_gmt":"2023-02-06T14:16:53","guid":{"rendered":"http:\/\/nordwind.info\/?page_id=11001"},"modified":"2025-07-24T03:58:19","modified_gmt":"2025-07-24T03:58:19","slug":"eisenbahn-bau-kompanie-17","status":"publish","type":"page","link":"http:\/\/nordwind.info\/?page_id=11001","title":{"rendered":"Johann Rabens"},"content":{"rendered":"<p style=\"text-align: justify;\"><a href=\"http:\/\/nordwind.info\/wp-content\/uploads\/2023\/02\/Johann-Rabens.jpg\"><img loading=\"lazy\" decoding=\"async\" class=\"alignright size-medium wp-image-11036\" src=\"http:\/\/nordwind.info\/wp-content\/uploads\/2023\/02\/Johann-Rabens-210x300.jpg\" alt=\"\" width=\"210\" height=\"300\" srcset=\"http:\/\/nordwind.info\/wp-content\/uploads\/2023\/02\/Johann-Rabens-210x300.jpg 210w, http:\/\/nordwind.info\/wp-content\/uploads\/2023\/02\/Johann-Rabens-718x1024.jpg 718w, http:\/\/nordwind.info\/wp-content\/uploads\/2023\/02\/Johann-Rabens-768x1096.jpg 768w, http:\/\/nordwind.info\/wp-content\/uploads\/2023\/02\/Johann-Rabens.jpg 897w\" sizes=\"auto, (max-width: 210px) 100vw, 210px\" \/><\/a>Als Angeh\u00f6riger der damaligen Eisenbahn-Bau-Kompanie 17 fertigte mein Onkel Johann Rabens in den Jahren 1940 bis 1943 zahlreiche Fotos \u00fcber seine Einsatzorte die mir als \u00a0Fotoalbum vorliegen. Nach seinem erfolgreichen Abschluss als Ingenieur im Bereich Br\u00fcckenbauwesen bei der damaligen Baugewerkschule Nienburg (Weser) erfolgte die Einberufung zur damaligen Wehrmacht in das Eisenbahn-Pionier-Ersatz-Bataillon 4, Rehhagen-Klausdorf. Die nachfolgenden Stationen der Eisenbahn-Bau-Kompane 17 \/ 117 entstammen auszugsweise dem Wehrmachts-Lexikon sowie dem Forum der Wehrmacht. Stationen, wo keine korrekten Daten vorliegen sind in kursiv dargestellt.<\/p>\n<ul>\n<li>01.04.1940 &#8211; <a href=\"http:\/\/nordwind.info\/?page_id=11043\" target=\"_blank\" rel=\"noopener\">Rehagen-Klausdorf<\/a>,\u00a0Eisenbahn-Pionier-Ersatz-Bataillon 4 (Ausbildung)<\/li>\n<li>01.04.1940 &#8211; Umbenennung in Eisenbahn-Bau-Kompanie 117<\/li>\n<li>10.05.1940 &#8211; Westfeldzug &#8211; Fall Gelb &#8211; (bis 25. Juni 1940)<\/li>\n<li>03.06.1941 &#8211; <a href=\"http:\/\/nordwind.info\/?page_id=11119\">Johannisburg<\/a>, Waldbiwak n.w. Dorschen (Ostpreu\u00dfen) (Bereitstellung)<\/li>\n<li>22.06.1941 &#8211; <a href=\"https:\/\/de.wikipedia.org\/wiki\/Deutsch-Sowjetischer_Krieg\">Deutsch-Sowjetischer Krieg<\/a> (Unternehmen Barbarossa)<\/li>\n<li><em>23.06.1041 &#8211; Verlegung nach Frankreich<\/em><\/li>\n<li>25.06.1941 &#8211; <a href=\"http:\/\/nordwind.info\/?page_id=11056\" target=\"_blank\" rel=\"noopener\">D\u00fcnkirchen<\/a>,<\/li>\n<li>22.06.1941 &#8211; <a href=\"http:\/\/nordwind.info\/?page_id=11066\" target=\"_blank\" rel=\"noopener\">Bayonne\u00a0\/ Biarritz<\/a>, Bau der Br\u00fccke bei Hendaye, bis 23.08.1941<\/li>\n<li>26.08.1941 &#8211; <a href=\"http:\/\/nordwind.info\/?page_id=11076\" target=\"_blank\" rel=\"noopener\">Strassburg-K\u00f6nigshofen<\/a>, R\u00fcckbau der Kohnbr\u00fccke bis 30.09.1941<\/li>\n<li>01.10.1941 &#8211; \u00a0<a href=\"http:\/\/nordwind.info\/?page_id=11079\" target=\"_blank\" rel=\"noopener\">Dinant \/ Belgien<\/a>, R\u00fcckbau der RW-Br\u00fccke, 31.10.1941<\/li>\n<li>11.10.1941 \u00a0&#8211; <a href=\"http:\/\/nordwind.info\/?page_id=11082\" target=\"_blank\" rel=\"noopener\">Eben-Emael \/ Belgien<\/a>, Besichtigung<\/li>\n<li>01.11.1941 \u00a0&#8211;\u00a0<a href=\"http:\/\/nordwind.info\/?page_id=11086\" target=\"_blank\" rel=\"noopener\">Saint Paul<\/a>, Fyreux-Ville,\u00a0Auneuil, \u00a0bis 31.12.1941<\/li>\n<li>07.01.1942 &#8211; <a href=\"http:\/\/nordwind.info\/?page_id=11094\">Schlettstadt, Amiens<\/a>, Bau-\/ R\u00fcckbau Br\u00fccken, bis 27.03.1942<\/li>\n<li><em>\u00a0 \u00a0 \u00a0 \u00a0 \u00a0 \u00a0 1942 &#8211; Fr\u00fchjahr, vermutlich Heimaturlaub<\/em><\/li>\n<\/ul>\n<p style=\"text-align: justify;\">Die Eisenbahn-Bau-Kompanie 117 wurde am 01.05.1942 aus Frankreich zun\u00e4chst nach Deutschland, und ab 11.05.1942 nach Griechenland verlegt. Vermutlich erfolgte f\u00fcr Johann Rabens die Versetzung in eine andere Einheit, denn das vorliegende Bildmaterial mit den Notizen erz\u00e4hlt von Br\u00fcckenbauarbeiten im Bereich \u00a0Orel, dem heutigen Orjol. Orel\/Orjol war von 1941 bis 1943 von der damaligen Wehrmacht besetzt.<\/p>\n<ul>\n<li style=\"list-style-type: none;\">\n<ul>\n<li style=\"list-style-type: none;\">\n<ul>\n<li><em>1942 &#8211; Versetzung nach Ru\u00dfland, Einheit nicht bekannt<\/em><\/li>\n<li>1942 &#8211; <a href=\"http:\/\/nordwind.info\/?page_id=11004\" target=\"_blank\" rel=\"noopener\">Batawino<\/a>, Bezirk Orjol, Gebiet Orjol; N\u00f6rdlich von Orjol (Orel)<\/li>\n<li>1943 &#8211; Ru\u00dfland, Einsatzort unbekannt<\/li>\n<li>1943 &#8211; Schlacht um Kursk (<a href=\"https:\/\/de.wikipedia.org\/wiki\/Unternehmen_Zitadelle\">Unternehmen Zitadelle<\/a>), 05.07. bis 16.07.1943<\/li>\n<\/ul>\n<\/li>\n<\/ul>\n<\/li>\n<\/ul>\n<p>Sommer 1942 enden die bildlichen Aufzeichnungen von Johann, er galt ab 1943 als vermi\u00dft. Das genaue Datum ist nicht bekannt, m\u00f6glicherweise vermi\u00dft bei:<\/p>\n<ul>\n<li style=\"list-style-type: none;\">\n<ul>\n<li style=\"list-style-type: none;\">\n<ul>\n<li>05.07. \u2013 16.07.1943 \u2013 Schlacht um Kursk (<a href=\"https:\/\/de.wikipedia.org\/wiki\/Unternehmen_Zitadelle\">Unternehmen Zitadelle<\/a>)<\/li>\n<\/ul>\n<\/li>\n<\/ul>\n<\/li>\n<\/ul>\n<p>Das weitere Schicksal bleibt ungekl\u00e4rt.<\/p>\n<p><a href=\"#\">Nach oben<\/a><\/p>\n","protected":false},"excerpt":{"rendered":"<p>Als Angeh\u00f6riger der damaligen Eisenbahn-Bau-Kompanie 17 fertigte mein Onkel Johann Rabens in den Jahren 1940 bis 1943 zahlreiche Fotos \u00fcber seine Einsatzorte die mir als \u00a0Fotoalbum vorliegen. Nach seinem erfolgreichen Abschluss als Ingenieur im Bereich Br\u00fcckenbauwesen bei der damaligen Baugewerkschule &hellip; <a href=\"http:\/\/nordwind.info\/?page_id=11001\">Weiterlesen <span class=\"meta-nav\">&rarr;<\/span><\/a><\/p>\n","protected":false},"author":1,"featured_media":0,"parent":3978,"menu_order":0,"comment_status":"closed","ping_status":"closed","template":"","meta":{"footnotes":""},"class_list":["post-11001","page","type-page","status-publish","hentry"],"_links":{"self":[{"href":"http:\/\/nordwind.info\/index.php?rest_route=\/wp\/v2\/pages\/11001","targetHints":{"allow":["GET"]}}],"collection":[{"href":"http:\/\/nordwind.info\/index.php?rest_route=\/wp\/v2\/pages"}],"about":[{"href":"http:\/\/nordwind.info\/index.php?rest_route=\/wp\/v2\/types\/page"}],"author":[{"embeddable":true,"href":"http:\/\/nordwind.info\/index.php?rest_route=\/wp\/v2\/users\/1"}],"replies":[{"embeddable":true,"href":"http:\/\/nordwind.info\/index.php?rest_route=%2Fwp%2Fv2%2Fcomments&post=11001"}],"version-history":[{"count":50,"href":"http:\/\/nordwind.info\/index.php?rest_route=\/wp\/v2\/pages\/11001\/revisions"}],"predecessor-version":[{"id":13416,"href":"http:\/\/nordwind.info\/index.php?rest_route=\/wp\/v2\/pages\/11001\/revisions\/13416"}],"up":[{"embeddable":true,"href":"http:\/\/nordwind.info\/index.php?rest_route=\/wp\/v2\/pages\/3978"}],"wp:attachment":[{"href":"http:\/\/nordwind.info\/index.php?rest_route=%2Fwp%2Fv2%2Fmedia&parent=11001"}],"curies":[{"name":"wp","href":"https:\/\/api.w.org\/{rel}","templated":true}]}}