{"id":10896,"date":"2022-06-01T14:26:27","date_gmt":"2022-06-01T14:26:27","guid":{"rendered":"http:\/\/nordwind.info\/?page_id=10896"},"modified":"2024-11-19T09:34:51","modified_gmt":"2024-11-19T09:34:51","slug":"rohrsen-han-34","status":"publish","type":"page","link":"http:\/\/nordwind.info\/?page_id=10896","title":{"rendered":"Rohrsen &#8211; Han 34"},"content":{"rendered":"<ul>\n<li>Objektname: Flugwache<span class=\"Apple-converted-space\"> Rohrsen<\/span><\/li>\n<li>Bezeichnung:<span class=\"Apple-converted-space\"> Han 34<\/span><\/li>\n<li>Ortslage\/LK:<span class=\"Apple-converted-space\">\u00a0Heemsen, LK Nienburg<\/span><\/li>\n<li>Koordinaten:<span class=\"Apple-converted-space\">\u00a0<\/span><\/li>\n<li>Nutzungen: \u00a0 1929 \u2013 1945\n<ul>\n<li style=\"list-style-type: none;\">\n<ul>\n<li style=\"list-style-type: none;\">\n<ul>\n<li style=\"list-style-type: none;\">\n<ul>\n<li>Fluko Hannover<\/li>\n<\/ul>\n<\/li>\n<\/ul>\n<\/li>\n<\/ul>\n<\/li>\n<\/ul>\n<\/li>\n<li>Ausr\u00fcstung: \u00a0Beobachtungsturm, Unterkunftsgeb\u00e4ude<\/li>\n<li>Ist-Zustand: \u00a04 Betonsockel (\u00fcberwachsen)<\/li>\n<li>Recherchen: \u00a0Seitenl\u00e4nge je Fundament ca. 0,40 m\n<ul>\n<li style=\"list-style-type: none;\">\n<ul>\n<li style=\"list-style-type: none;\">\n<ul>\n<li style=\"list-style-type: none;\">\n<ul>\n<li>Abstand der Fundamente jeweils 3,00 Meter<\/li>\n<\/ul>\n<\/li>\n<\/ul>\n<\/li>\n<\/ul>\n<\/li>\n<\/ul>\n<\/li>\n<li>Fundstellen: \u00a0<a href=\"http:\/\/nordwind.info\/wp-content\/uploads\/2017\/09\/Deutschland-Flugmeldedienst-Flugwachen-1939-Band-1-S.-139.jpg\">Hoffmann, Band 1, Seite 139<\/a>, (\u00dcbersichtskarte)\n<ul>\n<li style=\"list-style-type: none;\">\n<ul>\n<li style=\"list-style-type: none;\">\n<ul>\n<li style=\"list-style-type: none;\">\n<ul>\n<li>Geschichtsspuren<\/li>\n<li>Google-Maps,<\/li>\n<\/ul>\n<\/li>\n<\/ul>\n<\/li>\n<\/ul>\n<\/li>\n<\/ul>\n<\/li>\n<\/ul>\n<p style=\"text-align: justify;\">Auf der ca. 30 m gelegenen Anh\u00f6he befand sich ein Beobachtungstum, der durch Luftwaffenhelfer der Wehrmacht im Wechselschichtdienst besetzt wurde. Die Beobachtungst\u00fcrme der Flugwachen sollen eine H\u00f6he von 4,00 Metern gehabt haben. Der obere Beobachtungsstand war verglast und es bestand ein Ausstieg aufs Dach.<\/p>\n<p style=\"text-align: justify;\">Als Unterkunft diente ein festes Steinhaus, das sich ca. 50 Meter s\u00fcdlich des Beobachtungsturmes, in einer kleinen Senke befand. Die Geb\u00e4ude waren Einheitsbauten der Wehrmacht\u00a0\u00a0(siehe\u00a0<a href=\"http:\/\/location-x.info\/?page_id=277\">Flugwache Bergkirchen<\/a>) und\u00a0wurden auch bei anderen Flugwachen gebaut.<\/p>\n<p style=\"text-align: justify;\">Vor Ort findet man heute nur noch die vier Betonfundamente, die bis auf einen bereits sehr stak von der Natur \u00fcberwachsen sind. Die freie Stelle in der Senke l\u00e4\u00dft erahnen, dass da fr\u00fcher ein Geb\u00e4ude stand.<\/p>\n<p style=\"text-align: justify;\">Nach Kriegsende diente das Unterkunftsgeb\u00e4ude und auch der Beobachtungsturm als Unterkunft f\u00fcr vertriebene Menschen. Der Beobachtungsturm wurde bis auf das Erdgeschoss zur\u00fcckgebaut und als H\u00fctte eingerichtet. Etwa 1970 wurden beide Geb\u00e4ude abgerissen.<\/p>\n<p><a href=\"http:\/\/nordwind.info\/wp-content\/uploads\/2022\/06\/Pasted-Graphic-13.jpg\"><img loading=\"lazy\" decoding=\"async\" class=\"alignleft wp-image-10897 size-full\" src=\"http:\/\/nordwind.info\/wp-content\/uploads\/2022\/06\/Pasted-Graphic-13.jpg\" alt=\"\" width=\"1000\" height=\"603\" srcset=\"http:\/\/nordwind.info\/wp-content\/uploads\/2022\/06\/Pasted-Graphic-13.jpg 1000w, http:\/\/nordwind.info\/wp-content\/uploads\/2022\/06\/Pasted-Graphic-13-300x181.jpg 300w, http:\/\/nordwind.info\/wp-content\/uploads\/2022\/06\/Pasted-Graphic-13-768x463.jpg 768w\" sizes=\"auto, (max-width: 1000px) 100vw, 1000px\" \/><\/a>Kartenauszug 1945<\/p>\n<p><a href=\"http:\/\/nordwind.info\/wp-content\/uploads\/2022\/06\/001.jpg\"><img loading=\"lazy\" decoding=\"async\" class=\"alignleft wp-image-10898 size-full\" src=\"http:\/\/nordwind.info\/wp-content\/uploads\/2022\/06\/001.jpg\" alt=\"\" width=\"920\" height=\"673\" srcset=\"http:\/\/nordwind.info\/wp-content\/uploads\/2022\/06\/001.jpg 920w, http:\/\/nordwind.info\/wp-content\/uploads\/2022\/06\/001-300x219.jpg 300w, http:\/\/nordwind.info\/wp-content\/uploads\/2022\/06\/001-768x562.jpg 768w\" sizes=\"auto, (max-width: 920px) 100vw, 920px\" \/><\/a><\/p>\n<p>Kartenaauszug 1995<\/p>\n<p><img loading=\"lazy\" decoding=\"async\" class=\"alignleft size-full wp-image-10902\" src=\"http:\/\/nordwind.info\/wp-content\/uploads\/2022\/06\/Unbekannt_2.png\" alt=\"\" width=\"800\" height=\"450\" srcset=\"http:\/\/nordwind.info\/wp-content\/uploads\/2022\/06\/Unbekannt_2.png 800w, http:\/\/nordwind.info\/wp-content\/uploads\/2022\/06\/Unbekannt_2-300x169.png 300w, http:\/\/nordwind.info\/wp-content\/uploads\/2022\/06\/Unbekannt_2-768x432.png 768w\" sizes=\"auto, (max-width: 800px) 100vw, 800px\" \/><\/p>\n<p>01\u00a0Gel\u00e4nde\u00fcbersicht<a href=\"http:\/\/nordwind.info\/wp-content\/uploads\/2022\/06\/Unbekannt_3.png\"><img loading=\"lazy\" decoding=\"async\" class=\"alignleft wp-image-10903 size-full\" src=\"http:\/\/nordwind.info\/wp-content\/uploads\/2022\/06\/Unbekannt_3.png\" alt=\"\" width=\"800\" height=\"450\" srcset=\"http:\/\/nordwind.info\/wp-content\/uploads\/2022\/06\/Unbekannt_3.png 800w, http:\/\/nordwind.info\/wp-content\/uploads\/2022\/06\/Unbekannt_3-300x169.png 300w, http:\/\/nordwind.info\/wp-content\/uploads\/2022\/06\/Unbekannt_3-768x432.png 768w\" sizes=\"auto, (max-width: 800px) 100vw, 800px\" \/><\/a><a href=\"http:\/\/nordwind.info\/wp-content\/uploads\/2022\/06\/Unbekannt_3.png\"><br \/>\n<\/a>02 Betonsockel<a href=\"http:\/\/nordwind.info\/wp-content\/uploads\/2022\/06\/Unbekannt_4.png\"><img loading=\"lazy\" decoding=\"async\" class=\"alignleft size-full wp-image-10904\" src=\"http:\/\/nordwind.info\/wp-content\/uploads\/2022\/06\/Unbekannt_4.png\" alt=\"\" width=\"800\" height=\"450\" srcset=\"http:\/\/nordwind.info\/wp-content\/uploads\/2022\/06\/Unbekannt_4.png 800w, http:\/\/nordwind.info\/wp-content\/uploads\/2022\/06\/Unbekannt_4-300x169.png 300w, http:\/\/nordwind.info\/wp-content\/uploads\/2022\/06\/Unbekannt_4-768x432.png 768w\" sizes=\"auto, (max-width: 800px) 100vw, 800px\" \/><\/a><\/p>\n<p>03 Vollst\u00e4ndige Sockelanlage<\/p>\n<p><a href=\"http:\/\/nordwind.info\/wp-content\/uploads\/2024\/11\/Beobachtungstum-klein.jpg\"><img loading=\"lazy\" decoding=\"async\" class=\"alignleft size-large wp-image-12645\" src=\"http:\/\/nordwind.info\/wp-content\/uploads\/2024\/11\/Beobachtungstum-klein-750x1024.jpg\" alt=\"\" width=\"640\" height=\"874\" srcset=\"http:\/\/nordwind.info\/wp-content\/uploads\/2024\/11\/Beobachtungstum-klein-750x1024.jpg 750w, http:\/\/nordwind.info\/wp-content\/uploads\/2024\/11\/Beobachtungstum-klein-220x300.jpg 220w, http:\/\/nordwind.info\/wp-content\/uploads\/2024\/11\/Beobachtungstum-klein-768x1048.jpg 768w, http:\/\/nordwind.info\/wp-content\/uploads\/2024\/11\/Beobachtungstum-klein-1125x1536.jpg 1125w, http:\/\/nordwind.info\/wp-content\/uploads\/2024\/11\/Beobachtungstum-klein.jpg 1280w\" sizes=\"auto, (max-width: 640px) 100vw, 640px\" \/><\/a><\/p>\n<p>Skizze der Turmart<\/p>\n","protected":false},"excerpt":{"rendered":"<p>Objektname: Flugwache Rohrsen Bezeichnung: Han 34 Ortslage\/LK:\u00a0Heemsen, LK Nienburg Koordinaten:\u00a0 Nutzungen: \u00a0 1929 \u2013 1945 Fluko Hannover Ausr\u00fcstung: \u00a0Beobachtungsturm, Unterkunftsgeb\u00e4ude Ist-Zustand: \u00a04 Betonsockel (\u00fcberwachsen) Recherchen: \u00a0Seitenl\u00e4nge je Fundament ca. 0,40 m Abstand der Fundamente jeweils 3,00 Meter Fundstellen: \u00a0Hoffmann, Band &hellip; <a href=\"http:\/\/nordwind.info\/?page_id=10896\">Weiterlesen <span class=\"meta-nav\">&rarr;<\/span><\/a><\/p>\n","protected":false},"author":1,"featured_media":0,"parent":10920,"menu_order":0,"comment_status":"closed","ping_status":"closed","template":"","meta":{"footnotes":""},"class_list":["post-10896","page","type-page","status-publish","hentry"],"_links":{"self":[{"href":"http:\/\/nordwind.info\/index.php?rest_route=\/wp\/v2\/pages\/10896","targetHints":{"allow":["GET"]}}],"collection":[{"href":"http:\/\/nordwind.info\/index.php?rest_route=\/wp\/v2\/pages"}],"about":[{"href":"http:\/\/nordwind.info\/index.php?rest_route=\/wp\/v2\/types\/page"}],"author":[{"embeddable":true,"href":"http:\/\/nordwind.info\/index.php?rest_route=\/wp\/v2\/users\/1"}],"replies":[{"embeddable":true,"href":"http:\/\/nordwind.info\/index.php?rest_route=%2Fwp%2Fv2%2Fcomments&post=10896"}],"version-history":[{"count":13,"href":"http:\/\/nordwind.info\/index.php?rest_route=\/wp\/v2\/pages\/10896\/revisions"}],"predecessor-version":[{"id":12646,"href":"http:\/\/nordwind.info\/index.php?rest_route=\/wp\/v2\/pages\/10896\/revisions\/12646"}],"up":[{"embeddable":true,"href":"http:\/\/nordwind.info\/index.php?rest_route=\/wp\/v2\/pages\/10920"}],"wp:attachment":[{"href":"http:\/\/nordwind.info\/index.php?rest_route=%2Fwp%2Fv2%2Fmedia&parent=10896"}],"curies":[{"name":"wp","href":"https:\/\/api.w.org\/{rel}","templated":true}]}}