{"id":10850,"date":"2022-05-17T07:31:10","date_gmt":"2022-05-17T07:31:10","guid":{"rendered":"http:\/\/nordwind.info\/?page_id=10850"},"modified":"2022-05-17T07:31:10","modified_gmt":"2022-05-17T07:31:10","slug":"puetnitz-fliegerhorst","status":"publish","type":"page","link":"http:\/\/nordwind.info\/?page_id=10850","title":{"rendered":"P\u00fctnitz, Fliegerhorst"},"content":{"rendered":"<p style=\"text-align: justify;\">Der Flugplatz Damgarten (fr\u00fcher: Fliegerhorst P\u00fctnitz) ist ein ehemaliger Milit\u00e4rflugplatz im Landkreis Vorpommern-R\u00fcgen in Mecklenburg-Vorpommern. Er wurde in den 1930er Jahren von der Luftwaffe der Wehrmacht angelegt und von ihr bis zum Ende des Zweiten Weltkriegs betrieben. Anschlie\u00dfend wurde er von den sowjetischen Luftstreitkr\u00e4ften \u00fcbernommen, die ihn bis zu ihrem Abzug aus dem wiedervereinigten Deutschland im Jahr 1994 durch Einheiten der 16. Luftarmee\u00a0ebenfalls milit\u00e4risch nutzte.<\/p>\n<p>&nbsp;<\/p>\n<p>&nbsp;<\/p>\n","protected":false},"excerpt":{"rendered":"<p>Der Flugplatz Damgarten (fr\u00fcher: Fliegerhorst P\u00fctnitz) ist ein ehemaliger Milit\u00e4rflugplatz im Landkreis Vorpommern-R\u00fcgen in Mecklenburg-Vorpommern. Er wurde in den 1930er Jahren von der Luftwaffe der Wehrmacht angelegt und von ihr bis zum Ende des Zweiten Weltkriegs betrieben. Anschlie\u00dfend wurde er &hellip; <a href=\"http:\/\/nordwind.info\/?page_id=10850\">Weiterlesen <span class=\"meta-nav\">&rarr;<\/span><\/a><\/p>\n","protected":false},"author":1,"featured_media":0,"parent":2482,"menu_order":0,"comment_status":"closed","ping_status":"closed","template":"","meta":{"footnotes":""},"class_list":["post-10850","page","type-page","status-publish","hentry"],"_links":{"self":[{"href":"http:\/\/nordwind.info\/index.php?rest_route=\/wp\/v2\/pages\/10850","targetHints":{"allow":["GET"]}}],"collection":[{"href":"http:\/\/nordwind.info\/index.php?rest_route=\/wp\/v2\/pages"}],"about":[{"href":"http:\/\/nordwind.info\/index.php?rest_route=\/wp\/v2\/types\/page"}],"author":[{"embeddable":true,"href":"http:\/\/nordwind.info\/index.php?rest_route=\/wp\/v2\/users\/1"}],"replies":[{"embeddable":true,"href":"http:\/\/nordwind.info\/index.php?rest_route=%2Fwp%2Fv2%2Fcomments&post=10850"}],"version-history":[{"count":1,"href":"http:\/\/nordwind.info\/index.php?rest_route=\/wp\/v2\/pages\/10850\/revisions"}],"predecessor-version":[{"id":10888,"href":"http:\/\/nordwind.info\/index.php?rest_route=\/wp\/v2\/pages\/10850\/revisions\/10888"}],"up":[{"embeddable":true,"href":"http:\/\/nordwind.info\/index.php?rest_route=\/wp\/v2\/pages\/2482"}],"wp:attachment":[{"href":"http:\/\/nordwind.info\/index.php?rest_route=%2Fwp%2Fv2%2Fmedia&parent=10850"}],"curies":[{"name":"wp","href":"https:\/\/api.w.org\/{rel}","templated":true}]}}