{"id":10587,"date":"2021-09-15T09:55:23","date_gmt":"2021-09-15T09:55:23","guid":{"rendered":"http:\/\/nordwind.info\/?page_id=10587"},"modified":"2022-06-01T14:18:33","modified_gmt":"2022-06-01T14:18:33","slug":"westjuetland-dnk","status":"publish","type":"page","link":"http:\/\/nordwind.info\/?page_id=10587","title":{"rendered":"S\u00fcd-Westj\u00fctland \/ DNK"},"content":{"rendered":"<p style=\"text-align: justify;\">Die Urlaubsorte Blavand, Vejers Strand und Henne Strand liegen im Landesteil Sydjylland der Region Syddanmark und sind f\u00fcr D\u00e4nemarkfans und Geocacher eine bekannte Location. Schauen wir uns diese Gegend auf der Karte von Geocaching.com an, werden zahlreiche Powertrails und GeoArts unterschiedlicher Gr\u00f6\u00dfe, sowie unz\u00e4hlige Einzeldosen angezeigt. Somit ist man schnell \u00fcberzeugt, hier mal die Ferien zu verbringen.<\/p>\n<p style=\"text-align: justify;\">D\u00e4nemark ist bekannt f\u00fcr die zahlreichen Ferienh\u00e4user und Campingpl\u00e4tze f\u00fcr Camper bzw WoMo der bekannten Ferienhausvermieter. Hier bleibt die Qual der Wahl, um f\u00fcr sich ein geeignetes Feriendomizil zu finden. Da erfahrungsgem\u00e4\u00df diese Region stark durch den Tourismus frequentiert wird, lohnt es sich auf alle F\u00e4lle fr\u00fch zu buchen.<\/p>\n<p style=\"text-align: justify;\">Eine Vielzahl der in Sydjylland angebotenen Trails sind Mysterys! Wenn nicht bereits schon im Vorfeld geschehen, sind zu den geplanten Cachetouren die zugeh\u00f6rigen R\u00e4tsel zu l\u00f6sen.<\/p>\n<p>&nbsp;<\/p>\n<p>&nbsp;<\/p>\n<p>&nbsp;<\/p>\n<p style=\"text-align: justify;\">N\u00f6rdlich schlie\u00dft sich das Milit\u00e4r- und Naturschutzgebiet <a title=\"Kallesm\u00e6rsk Hede\" href=\"https:\/\/de.wikipedia.org\/wiki\/Kallesm%C3%A6rsk_Hede\">Kallesm\u00e6rsk Hede<\/a> an, das von vielen <a class=\"mw-redirect\" title=\"Zugvogel\" href=\"https:\/\/de.wikipedia.org\/wiki\/Zugvogel\">Zugv\u00f6geln<\/a> zur Rast aufgesucht wird.<\/p>\n<p>&nbsp;<\/p>\n<p><strong>Atlantikwall<\/strong><\/p>\n<p style=\"text-align: justify;\">Wie \u00fcberall an der ganzen Westk\u00fcste D\u00e4nemarks gibt es auch an den Str\u00e4nden und im nahen Umland der Region Sydjylland\u00a0zahlreiche gut erhaltene Bunker des Atlantikwalls aus dem Zweiten Weltkrieg. Wer sich f\u00fcr die Geschichte hierzu interessiert, sollte einen Besuch des Museums <a href=\"https:\/\/de.wikipedia.org\/wiki\/Tirpitz-Stellung\" target=\"_blank\" rel=\"noopener\">Tirpitz-Stillingen<\/a> zwischen Blavand und Ho einplanen. Das Museum befindet sich in einen geplanten Gesch\u00fctzbunker, dessen Bau 1944 durch Soldaten der deutschen Kriegsmarine, Zwangsarbeiter und d\u00e4nische Firmen begonnen, aber nicht fertiggestellt wurde.<\/p>\n<p><strong>Milit\u00e4r<\/strong><\/p>\n<p style=\"text-align: justify;\">Zwischen Blavand und Kaergard, \u00a0auf der Kallesm\u00e6rsk Hede liegt der Truppen-\u00fcbungsplatz Oksb\u00f8llejren, wozu auch der Strandabschnitt zwischen Blavand und Vejers Strand, die Bordrup Klitplantage und Teilgebiete der Aal Plantage zwischen Graerup \u00a0und Kaergard geh\u00f6ren. Durch die Milit\u00e4rgebiete f\u00fchren viele Wanderwege, und auch zahlreiche Geocaches wie z. B. <a href=\"https:\/\/www.geocaching.com\/geocache\/GC8XP41_1-bordrup-sightseeing\" target=\"_blank\" rel=\"noopener\">GC8XP41<\/a> ff sind auf den \u00dcbungspl\u00e4tzen zu finden. Mit Milit\u00e4rverkehr ist da st\u00e4ndig zu rechnen, wir hatten w\u00e4hrend unseres Auftenhalten mehrmals Begegnungen mit dieser Berufsgruppe.<\/p>\n<p style=\"text-align: justify;\"><a href=\"http:\/\/nordwind.info\/wp-content\/uploads\/2021\/09\/Panzer.jpg\"><img loading=\"lazy\" decoding=\"async\" class=\"alignright size-medium wp-image-10628\" src=\"http:\/\/nordwind.info\/wp-content\/uploads\/2021\/09\/Panzer-300x211.jpg\" alt=\"\" width=\"300\" height=\"211\" srcset=\"http:\/\/nordwind.info\/wp-content\/uploads\/2021\/09\/Panzer-300x211.jpg 300w, http:\/\/nordwind.info\/wp-content\/uploads\/2021\/09\/Panzer-1024x719.jpg 1024w, http:\/\/nordwind.info\/wp-content\/uploads\/2021\/09\/Panzer-768x539.jpg 768w, http:\/\/nordwind.info\/wp-content\/uploads\/2021\/09\/Panzer.jpg 1280w\" sizes=\"auto, (max-width: 300px) 100vw, 300px\" \/><\/a>Panzerstra\u00dfen und milit\u00e4rische Wege sind besonders gekennzeichnet. Bei \u00dcbungen sind die Parkpl\u00e4tze und Zugangangswege durch Schranken sowie Ball- und Lichtzeichen abgesperrt. Man\u00f6verzeiten werden langfristig festgelegt und sind auch online einsehbar.\u00a0<sup id=\"cite_ref-3\" class=\"reference\"><\/sup>W\u00e4hrend der Sommer-monate wird auf \u00dcbungen weitgehend verzichtet.<\/p>\n<p><strong>W\u00fcstungen<\/strong><\/p>\n<p style=\"text-align: justify;\">Zwischen der Kallesm\u00e6rsk Hede und Kaergard befinden sich zahlreiche Geb\u00e4ude aufgegebener und verlassener Ortschaften (W\u00fcstungen), die als \u00dcbungsd\u00f6rfer durch das Milit\u00e4r weiterhin genutzt werden. Die Kirchengeb\u00e4ude der ehemaligen Orte Mosevra <a href=\"https:\/\/www.geocaching.com\/geocache\/GC5GKQY_mosevra-kirke\" target=\"_blank\" rel=\"noopener\"><span id=\"ctl00_ContentBody_CoordInfoLinkControl1_uxCoordInfoCode\" class=\"CoordInfoCode\">GC5GKQY<\/span><\/a>\u00a0und B\u00f8rsmose <a id=\"coordinate-link-control\" class=\"CoordInfoLink\" tabindex=\"0\" href=\"https:\/\/coord.info\/GC74R5W\" target=\"_blank\" rel=\"noopener\" aria-expanded=\"false\" aria-controls=\"coordinate-info-link\" data-hasqtip=\"0\"><span id=\"ctl00_ContentBody_CoordInfoLinkControl1_uxCoordInfoCode\" class=\"CoordInfoCode\">GC74R5W<\/span><\/a>\u00a0sind freigestellt und k\u00f6nnen besucht werden. Sie entstanden, als im Jahre 1891 die Kirche von Oksby <a id=\"coordinate-link-control\" class=\"CoordInfoLink\" tabindex=\"0\" href=\"https:\/\/coord.info\/GC825ZK\" target=\"_blank\" rel=\"noopener\" aria-expanded=\"false\" aria-controls=\"coordinate-info-link\" data-hasqtip=\"0\"><span id=\"ctl00_ContentBody_CoordInfoLinkControl1_uxCoordInfoCode\" class=\"CoordInfoCode\">GC825ZK<\/span><\/a>\u00a0abgerissen wurde.<\/p>\n<p><strong>Blavand<\/strong><\/p>\n<p style=\"text-align: justify;\">Der Ortskern von Bl\u00e5vand besteht \u00fcberwiegend aus kleinen Gesch\u00e4ften, die d\u00e4nische Mode und Dekoartikel anbieten, verschiedenen Restaurants, sowie einem gro\u00dfen Lebensmittelmarkt in der Ortsmitte, die ganzj\u00e4hrig ge\u00f6ffnet sind. Das Feriengebiet um Bl\u00e5vand bietet Sandstr\u00e4nde von 40\u00a0km L\u00e4nge. Gesch\u00fctzt durch die gro\u00dfen Sandb\u00e4nke des Horns Rev, das bis zu 20\u00a0km in die Nordsee reicht, eignet sich der Hvidbjerg Strand gut zum Baden und Windsurfen.<\/p>\n<p style=\"text-align: justify;\"><a href=\"http:\/\/nordwind.info\/wp-content\/uploads\/2021\/09\/Blavand-Fyr.jpg\"><img loading=\"lazy\" decoding=\"async\" class=\"alignright size-medium wp-image-10671\" src=\"http:\/\/nordwind.info\/wp-content\/uploads\/2021\/09\/Blavand-Fyr-300x200.jpg\" alt=\"\" width=\"300\" height=\"200\" srcset=\"http:\/\/nordwind.info\/wp-content\/uploads\/2021\/09\/Blavand-Fyr-300x200.jpg 300w, http:\/\/nordwind.info\/wp-content\/uploads\/2021\/09\/Blavand-Fyr-1024x684.jpg 1024w, http:\/\/nordwind.info\/wp-content\/uploads\/2021\/09\/Blavand-Fyr-768x513.jpg 768w, http:\/\/nordwind.info\/wp-content\/uploads\/2021\/09\/Blavand-Fyr.jpg 1280w\" sizes=\"auto, (max-width: 300px) 100vw, 300px\" \/><\/a>Die Landspitze Bl\u00e5vands Huk bildet den westlichsten Punkt J\u00fctlands. Hier steht der Leuchtturm <a title=\"Bl\u00e5vandshuk Fyr\" href=\"https:\/\/de.wikipedia.org\/wiki\/Bl%C3%A5vandshuk_Fyr\">Bl\u00e5vandshuk Fyr<\/a>. Er erhebt sich 39\u00a0m \u00fcber die umliegenden D\u00fcnen und ist ein vielbesuchter Aussichtspunkt. Die Fernsicht reicht bis <a title=\"Vejers Strand\" href=\"https:\/\/de.wikipedia.org\/wiki\/Vejers_Strand\">Vejers Strand<\/a> im Norden und Esbjerg im S\u00fcden. Er wurde 1900 errichtet und in den letzten Jahren restauriert.<\/p>\n<p style=\"text-align: justify;\">Der \u00a0westlichste \u00a0Punkt D\u00e4nemarks mit dem Virtuals &#8222;<span id=\"ctl00_ContentBody_CacheName\" class=\"tex2jax_ignore\">Bl\u00e5vandshuk &#8211; most western point in DK&#8220; <a id=\"coordinate-link-control\" class=\"CoordInfoLink\" tabindex=\"0\" href=\"https:\/\/coord.info\/GC7B9G1\" aria-expanded=\"false\" aria-controls=\"coordinate-info-link\" data-hasqtip=\"0\"><span id=\"ctl00_ContentBody_CoordInfoLinkControl1_uxCoordInfoCode\" class=\"CoordInfoCode\">GC7B9G1<\/span><\/a>\u00a0ist ein sch\u00f6ner Strandspaziergang. Der R\u00fcckweg zum Parkplatz l\u00e4\u00dft sich gut \u00fcber die D\u00fcnenlandschaft gestalten, wo sich der Besuch von einigen Bunkerfragmenten lohnt. Ihr findet hier einen sch\u00f6nen Multi <a id=\"coordinate-link-control\" class=\"CoordInfoLink\" tabindex=\"0\" href=\"https:\/\/coord.info\/GC4GN7E\" aria-expanded=\"false\" aria-controls=\"coordinate-info-link\" data-hasqtip=\"0\"><span id=\"ctl00_ContentBody_CoordInfoLinkControl1_uxCoordInfoCode\" class=\"CoordInfoCode\">GC4GN7E<\/span><\/a>, sowie einige Tradis <span id=\"ctl00_ContentBody_CoordInfoLinkControl1_uxCoordInfoCode\" class=\"CoordInfoCode\"><a id=\"coordinate-link-control\" class=\"CoordInfoLink\" tabindex=\"0\" href=\"https:\/\/coord.info\/GC8YC1M\" aria-expanded=\"false\" aria-controls=\"coordinate-info-link\" data-hasqtip=\"0\">GC8YC1M<\/a>, <a id=\"coordinate-link-control\" class=\"CoordInfoLink\" tabindex=\"0\" href=\"https:\/\/coord.info\/GC4PRXB\" aria-expanded=\"false\" aria-controls=\"coordinate-info-link\" data-hasqtip=\"0\" aria-describedby=\"qtip-0\">GC4PRXB<\/a>, <a id=\"coordinate-link-control\" class=\"CoordInfoLink\" tabindex=\"0\" href=\"https:\/\/coord.info\/GC8AXA2\" aria-expanded=\"false\" aria-controls=\"coordinate-info-link\" data-hasqtip=\"0\">GC8AXA2<\/a>\u00a0und <a id=\"coordinate-link-control\" class=\"CoordInfoLink\" tabindex=\"0\" href=\"https:\/\/coord.info\/GC19HEN\" aria-expanded=\"false\" aria-controls=\"coordinate-info-link\" data-hasqtip=\"0\">GC19HEN<\/a><\/span>.<\/span><\/p>\n<p><strong>Ho, Halbinsel Skallingen<\/strong><\/p>\n<p style=\"text-align: justify;\"><a href=\"http:\/\/nordwind.info\/wp-content\/uploads\/2021\/09\/Bug_Trail.jpg\"><img loading=\"lazy\" decoding=\"async\" class=\"alignright size-medium wp-image-10654\" src=\"http:\/\/nordwind.info\/wp-content\/uploads\/2021\/09\/Bug_Trail-300x225.jpg\" alt=\"\" width=\"300\" height=\"225\" srcset=\"http:\/\/nordwind.info\/wp-content\/uploads\/2021\/09\/Bug_Trail-300x225.jpg 300w, http:\/\/nordwind.info\/wp-content\/uploads\/2021\/09\/Bug_Trail-1024x768.jpg 1024w, http:\/\/nordwind.info\/wp-content\/uploads\/2021\/09\/Bug_Trail-768x576.jpg 768w, http:\/\/nordwind.info\/wp-content\/uploads\/2021\/09\/Bug_Trail.jpg 1280w\" sizes=\"auto, (max-width: 300px) 100vw, 300px\" \/><\/a>Nur wenige Fahrtminuten entfernt von Blavand liegt die Halbinsel Skallingen mit der kleinen Ortschaft Ho. S\u00fcdlich von Ho befindet sich\u00a0die Runde\u00a0The Bug Trail <a id=\"coordinate-link-control\" class=\"CoordInfoLink\" tabindex=\"0\" href=\"https:\/\/coord.info\/GC926A7\" aria-expanded=\"false\" aria-controls=\"coordinate-info-link\" data-hasqtip=\"0\"><span id=\"ctl00_ContentBody_CoordInfoLinkControl1_uxCoordInfoCode\" class=\"CoordInfoCode\">GC926A7<\/span><\/a>\u00a0ff. Dieser Trail besteht aus 62 Mysterys als Munboxen und Vogelh\u00e4user. mit einigen zus\u00e4tzlichen Beif\u00e4ngen. Die Runde ist eine ca. 15 km lange Fahrrad- oder Wandertour und f\u00fchrt Euch rund um die Ho Klitplantage.<\/p>\n<ul>\n<li>\u00dcbungspl\u00e4tze Milit\u00e4r &#8211; <a href=\"https:\/\/forsvaret.dk\/da\/oevelsesaktiviteter\/reg-syddanmark\/skydninger-i-oksboel\/\" target=\"_blank\" rel=\"noopener\">Sperrzeitenkalender<\/a><\/li>\n<\/ul>\n","protected":false},"excerpt":{"rendered":"<p>Die Urlaubsorte Blavand, Vejers Strand und Henne Strand liegen im Landesteil Sydjylland der Region Syddanmark und sind f\u00fcr D\u00e4nemarkfans und Geocacher eine bekannte Location. Schauen wir uns diese Gegend auf der Karte von Geocaching.com an, werden zahlreiche Powertrails und GeoArts &hellip; <a href=\"http:\/\/nordwind.info\/?page_id=10587\">Weiterlesen <span class=\"meta-nav\">&rarr;<\/span><\/a><\/p>\n","protected":false},"author":1,"featured_media":0,"parent":1603,"menu_order":0,"comment_status":"closed","ping_status":"closed","template":"","meta":{"footnotes":""},"class_list":["post-10587","page","type-page","status-publish","hentry"],"_links":{"self":[{"href":"http:\/\/nordwind.info\/index.php?rest_route=\/wp\/v2\/pages\/10587","targetHints":{"allow":["GET"]}}],"collection":[{"href":"http:\/\/nordwind.info\/index.php?rest_route=\/wp\/v2\/pages"}],"about":[{"href":"http:\/\/nordwind.info\/index.php?rest_route=\/wp\/v2\/types\/page"}],"author":[{"embeddable":true,"href":"http:\/\/nordwind.info\/index.php?rest_route=\/wp\/v2\/users\/1"}],"replies":[{"embeddable":true,"href":"http:\/\/nordwind.info\/index.php?rest_route=%2Fwp%2Fv2%2Fcomments&post=10587"}],"version-history":[{"count":72,"href":"http:\/\/nordwind.info\/index.php?rest_route=\/wp\/v2\/pages\/10587\/revisions"}],"predecessor-version":[{"id":10676,"href":"http:\/\/nordwind.info\/index.php?rest_route=\/wp\/v2\/pages\/10587\/revisions\/10676"}],"up":[{"embeddable":true,"href":"http:\/\/nordwind.info\/index.php?rest_route=\/wp\/v2\/pages\/1603"}],"wp:attachment":[{"href":"http:\/\/nordwind.info\/index.php?rest_route=%2Fwp%2Fv2%2Fmedia&parent=10587"}],"curies":[{"name":"wp","href":"https:\/\/api.w.org\/{rel}","templated":true}]}}